{"id":3197,"date":"2026-02-05T15:57:21","date_gmt":"2026-02-05T07:57:21","guid":{"rendered":"https:\/\/nibboh.com\/product\/iman-de-ferrita-dura\/"},"modified":"2026-03-17T10:29:39","modified_gmt":"2026-03-17T02:29:39","slug":"iman-de-ferrita-dura","status":"publish","type":"product","link":"https:\/\/nibboh.com\/es\/producto\/iman-de-ferrita-dura\/","title":{"rendered":"Im\u00e1n de ferrita dura"},"content":{"rendered":"\t\t<div data-elementor-type=\"product-post\" data-elementor-id=\"3197\" class=\"elementor elementor-3197 elementor-1102\" data-elementor-post-type=\"product\">\n\t\t\t\t<div class=\"elementor-element elementor-element-c96e620 e-con-full e-flex e-con e-parent\" data-id=\"c96e620\" data-element_type=\"container\" data-e-type=\"container\">\n\t\t\t\t<div class=\"elementor-element elementor-element-355d224 e-n-tabs-mobile elementor-widget elementor-widget-n-tabs\" data-id=\"355d224\" data-element_type=\"widget\" data-e-type=\"widget\" data-settings=\"{&quot;tabs_justify_horizontal&quot;:&quot;start&quot;,&quot;horizontal_scroll&quot;:&quot;disable&quot;}\" data-widget_type=\"nested-tabs.default\">\n\t\t\t\t\t\t\t<div class=\"e-n-tabs\" data-widget-number=\"55956004\" aria-label=\"Pesta\u00f1as. Abre elementos con Intro o Espacio, ci\u00e9rralos con Escape y navega con las fechas.\">\n\t\t\t<div class=\"e-n-tabs-heading\" role=\"tablist\">\n\t\t\t\t\t<button id=\"e-n-tab-title-559560041\" data-tab-title-id=\"e-n-tab-title-559560041\" class=\"e-n-tab-title\" aria-selected=\"true\" data-tab-index=\"1\" role=\"tab\" tabindex=\"0\" aria-controls=\"e-n-tab-content-559560041\" style=\"--n-tabs-title-order: 1;\">\n\t\t\t\t\t\t<span class=\"e-n-tab-title-text\">\n\t\t\t\tEspecificaciones t\u00e9cnicas\t\t\t<\/span>\n\t\t<\/button>\n\t\t\t\t<button id=\"e-n-tab-title-559560042\" data-tab-title-id=\"e-n-tab-title-559560042\" class=\"e-n-tab-title\" aria-selected=\"false\" data-tab-index=\"2\" role=\"tab\" tabindex=\"-1\" aria-controls=\"e-n-tab-content-559560042\" style=\"--n-tabs-title-order: 2;\">\n\t\t\t\t\t\t<span class=\"e-n-tab-title-text\">\n\t\t\t\tProceso de producci\u00f3n\t\t\t<\/span>\n\t\t<\/button>\n\t\t\t\t<button id=\"e-n-tab-title-559560043\" data-tab-title-id=\"e-n-tab-title-559560043\" class=\"e-n-tab-title\" aria-selected=\"false\" data-tab-index=\"3\" role=\"tab\" tabindex=\"-1\" aria-controls=\"e-n-tab-content-559560043\" style=\"--n-tabs-title-order: 3;\">\n\t\t\t\t\t\t<span class=\"e-n-tab-title-text\">\n\t\t\t\t\u00c1reas de aplicaci\u00f3n\t\t\t<\/span>\n\t\t<\/button>\n\t\t\t\t\t<\/div>\n\t\t\t<div class=\"e-n-tabs-content\">\n\t\t\t\t<div id=\"e-n-tab-content-559560041\" role=\"tabpanel\" aria-labelledby=\"e-n-tab-title-559560041\" data-tab-index=\"1\" style=\"--n-tabs-title-order: 1;\" class=\"e-active elementor-element elementor-element-3154562 e-con-full e-flex e-con e-child\" data-id=\"3154562\" data-element_type=\"container\" data-e-type=\"container\">\n\t\t\t\t<div class=\"elementor-element elementor-element-646a1dc elementor-widget__width-initial elementor-widget elementor-widget-image\" data-id=\"646a1dc\" data-element_type=\"widget\" data-e-type=\"widget\" data-widget_type=\"image.default\">\n\t\t\t\t\t\t\t\t\t\t\t\t\t\t\t\t<a href=\"https:\/\/nibboh.com\/wp-content\/uploads\/2026\/01\/\u94c1\u6c27\u4f53.png\" data-elementor-open-lightbox=\"yes\" data-elementor-lightbox-title=\"a\" data-e-action-hash=\"#elementor-action%3Aaction%3Dlightbox%26settings%3DeyJpZCI6MzIwOSwidXJsIjoiaHR0cHM6XC9cL25pYmJvaC5jb21cL3dwLWNvbnRlbnRcL3VwbG9hZHNcLzIwMjZcLzAxXC9cdTk0YzFcdTZjMjdcdTRmNTMucG5nIn0%3D\">\n\t\t\t\t\t\t\t<img fetchpriority=\"high\" decoding=\"async\" width=\"937\" height=\"488\" src=\"https:\/\/nibboh.com\/wp-content\/uploads\/2026\/01\/\u94c1\u6c27\u4f53.png\" class=\"attachment-2048x2048 size-2048x2048 wp-image-3209\" alt=\"\" srcset=\"https:\/\/nibboh.com\/wp-content\/uploads\/2026\/01\/\u94c1\u6c27\u4f53.png 937w, https:\/\/nibboh.com\/wp-content\/uploads\/2026\/01\/\u94c1\u6c27\u4f53-300x156.png 300w, https:\/\/nibboh.com\/wp-content\/uploads\/2026\/01\/\u94c1\u6c27\u4f53-768x400.png 768w, https:\/\/nibboh.com\/wp-content\/uploads\/2026\/01\/\u94c1\u6c27\u4f53-600x312.png 600w\" sizes=\"(max-width: 937px) 100vw, 937px\" title=\"\">\t\t\t\t\t\t\t\t<\/a>\n\t\t\t\t\t\t\t\t\t\t\t\t\t\t\t<\/div>\n\t\t\t\t<\/div>\n\t\t<div id=\"e-n-tab-content-559560042\" role=\"tabpanel\" aria-labelledby=\"e-n-tab-title-559560042\" data-tab-index=\"2\" style=\"--n-tabs-title-order: 2;\" class=\" elementor-element elementor-element-11538a2 e-con-full e-flex e-con e-child\" data-id=\"11538a2\" data-element_type=\"container\" data-e-type=\"container\">\n\t\t<div class=\"elementor-element elementor-element-0defa11 e-con-full e-flex e-con e-child\" data-id=\"0defa11\" data-element_type=\"container\" data-e-type=\"container\" data-settings=\"{&quot;background_background&quot;:&quot;classic&quot;}\">\n\t\t\t\t<div class=\"elementor-element elementor-element-a371467 elementor-widget elementor-widget-heading\" data-id=\"a371467\" data-element_type=\"widget\" data-e-type=\"widget\" data-widget_type=\"heading.default\">\n\t\t\t\t\t<h2 class=\"elementor-heading-title elementor-size-default\">Materias primas - inspecci\u00f3n de materiales prequemados - molienda fina secundaria - conformado - sinterizaci\u00f3n - molienda, limpieza - inspecci\u00f3n - envasado<\/h2>\t\t\t\t<\/div>\n\t\t\t\t<\/div>\n\t\t\t\t<\/div>\n\t\t<div id=\"e-n-tab-content-559560043\" role=\"tabpanel\" aria-labelledby=\"e-n-tab-title-559560043\" data-tab-index=\"3\" style=\"--n-tabs-title-order: 3;\" class=\" elementor-element elementor-element-2f843b5 e-con-full e-flex e-con e-child\" data-id=\"2f843b5\" data-element_type=\"container\" data-e-type=\"container\">\n\t\t<div class=\"elementor-element elementor-element-4fefff9 e-con-full e-flex e-con e-child\" data-id=\"4fefff9\" data-element_type=\"container\" data-e-type=\"container\" data-settings=\"{&quot;background_background&quot;:&quot;classic&quot;}\">\n\t\t\t\t<div class=\"elementor-element elementor-element-4131363 elementor-widget elementor-widget-text-editor\" data-id=\"4131363\" data-element_type=\"widget\" data-e-type=\"widget\" data-widget_type=\"text-editor.default\">\n\t\t\t\t\t\t\t\t\t<p class=\"p1\">Debido a su bajo coste, resistencia a altas temperaturas y excelente resistencia a la corrosi\u00f3n, se utiliza ampliamente en motores de corriente continua, sistemas de separaci\u00f3n magn\u00e9tica, sensores automotrices, altavoces y otras aplicaciones, lo que lo convierte en uno de los materiales magn\u00e9ticos m\u00e1s utilizados hoy en d\u00eda.<\/p>\t\t\t\t\t\t\t\t<\/div>\n\t\t<div class=\"elementor-element elementor-element-22c538a e-grid e-con-full elementor-hidden-desktop elementor-hidden-tablet elementor-hidden-mobile e-con e-child\" data-id=\"22c538a\" data-element_type=\"container\" data-e-type=\"container\">\n\t\t\t\t<div class=\"elementor-element elementor-element-a35ffb8 elementor-position-top elementor-widget elementor-widget-image-box\" data-id=\"a35ffb8\" data-element_type=\"widget\" data-e-type=\"widget\" data-widget_type=\"image-box.default\">\n\t\t\t\t\t<div class=\"elementor-image-box-wrapper\"><figure class=\"elementor-image-box-img\"><img decoding=\"async\" width=\"1280\" height=\"853\" src=\"https:\/\/nibboh.com\/wp-content\/uploads\/2026\/01\/wind-turbines-601332_1280-1.jpg\" class=\"attachment-full size-full wp-image-2749\" alt=\"\" title=\"\" srcset=\"https:\/\/nibboh.com\/wp-content\/uploads\/2026\/01\/wind-turbines-601332_1280-1.jpg 1280w, https:\/\/nibboh.com\/wp-content\/uploads\/2026\/01\/wind-turbines-601332_1280-1-300x200.jpg 300w, https:\/\/nibboh.com\/wp-content\/uploads\/2026\/01\/wind-turbines-601332_1280-1-1024x682.jpg 1024w, https:\/\/nibboh.com\/wp-content\/uploads\/2026\/01\/wind-turbines-601332_1280-1-768x512.jpg 768w, https:\/\/nibboh.com\/wp-content\/uploads\/2026\/01\/wind-turbines-601332_1280-1-600x400.jpg 600w\" sizes=\"(max-width: 1280px) 100vw, 1280px\" \/><\/figure><div class=\"elementor-image-box-content\"><h3 class=\"elementor-image-box-title\">Generador de turbinas e\u00f3licas<\/h3><\/div><\/div>\t\t\t\t<\/div>\n\t\t\t\t<div class=\"elementor-element elementor-element-5841a34 elementor-position-top elementor-widget elementor-widget-image-box\" data-id=\"5841a34\" data-element_type=\"widget\" data-e-type=\"widget\" data-widget_type=\"image-box.default\">\n\t\t\t\t\t<div class=\"elementor-image-box-wrapper\"><figure class=\"elementor-image-box-img\"><img decoding=\"async\" width=\"1280\" height=\"853\" src=\"https:\/\/nibboh.com\/wp-content\/uploads\/2026\/01\/wind-turbines-601332_1280-1.jpg\" class=\"attachment-full size-full wp-image-2749\" alt=\"\" title=\"\" srcset=\"https:\/\/nibboh.com\/wp-content\/uploads\/2026\/01\/wind-turbines-601332_1280-1.jpg 1280w, https:\/\/nibboh.com\/wp-content\/uploads\/2026\/01\/wind-turbines-601332_1280-1-300x200.jpg 300w, https:\/\/nibboh.com\/wp-content\/uploads\/2026\/01\/wind-turbines-601332_1280-1-1024x682.jpg 1024w, https:\/\/nibboh.com\/wp-content\/uploads\/2026\/01\/wind-turbines-601332_1280-1-768x512.jpg 768w, https:\/\/nibboh.com\/wp-content\/uploads\/2026\/01\/wind-turbines-601332_1280-1-600x400.jpg 600w\" sizes=\"(max-width: 1280px) 100vw, 1280px\" \/><\/figure><div class=\"elementor-image-box-content\"><h3 class=\"elementor-image-box-title\">Generador de turbinas e\u00f3licas<\/h3><\/div><\/div>\t\t\t\t<\/div>\n\t\t\t\t<div class=\"elementor-element elementor-element-8c7c9c3 elementor-position-top elementor-widget elementor-widget-image-box\" data-id=\"8c7c9c3\" data-element_type=\"widget\" data-e-type=\"widget\" data-widget_type=\"image-box.default\">\n\t\t\t\t\t<div class=\"elementor-image-box-wrapper\"><figure class=\"elementor-image-box-img\"><img decoding=\"async\" width=\"1280\" height=\"853\" src=\"https:\/\/nibboh.com\/wp-content\/uploads\/2026\/01\/wind-turbines-601332_1280-1.jpg\" class=\"attachment-full size-full wp-image-2749\" alt=\"\" title=\"\" srcset=\"https:\/\/nibboh.com\/wp-content\/uploads\/2026\/01\/wind-turbines-601332_1280-1.jpg 1280w, https:\/\/nibboh.com\/wp-content\/uploads\/2026\/01\/wind-turbines-601332_1280-1-300x200.jpg 300w, https:\/\/nibboh.com\/wp-content\/uploads\/2026\/01\/wind-turbines-601332_1280-1-1024x682.jpg 1024w, https:\/\/nibboh.com\/wp-content\/uploads\/2026\/01\/wind-turbines-601332_1280-1-768x512.jpg 768w, https:\/\/nibboh.com\/wp-content\/uploads\/2026\/01\/wind-turbines-601332_1280-1-600x400.jpg 600w\" sizes=\"(max-width: 1280px) 100vw, 1280px\" \/><\/figure><div class=\"elementor-image-box-content\"><h3 class=\"elementor-image-box-title\">Generador de turbinas e\u00f3licas<\/h3><\/div><\/div>\t\t\t\t<\/div>\n\t\t\t\t<\/div>\n\t\t\t\t<\/div>\n\t\t\t\t<\/div>\n\t\t\t\t\t<\/div>\n\t\t<\/div>\n\t\t\t\t\t\t<\/div>\n\t\t\t\t<\/div>\n\t\t\t\t<\/div>\n\t\t","protected":false},"excerpt":{"rendered":"<p class=\"p1\">La ferrita es un material magn\u00e9tico no met\u00e1lico de base cer\u00e1mica compuesto por \u00f3xido de hierro combinado con \u00f3xidos met\u00e1licos como el manganeso y el zinc. Presenta alta permeabilidad, alta resistividad el\u00e9ctrica y baja p\u00e9rdida magn\u00e9tica en altas frecuencias. Las ferritas pueden clasificarse en tipos magn\u00e9ticos blandos y magn\u00e9ticos duros. Disponibles en diversas formas, incluyendo anillos, formas de E y varillas, se utilizan ampliamente en dispositivos electr\u00f3nicos, componentes automotrices, estaciones base de comunicaci\u00f3n y equipos m\u00e9dicos, sirviendo como materiales clave para componentes centrales como transformadores, inductores y filtros.   <\/p>\n","protected":false},"featured_media":1762,"template":"","meta":{"_acf_changed":false},"product_brand":[],"product_cat":[38],"product_tag":[],"class_list":{"0":"post-3197","1":"product","2":"type-product","3":"status-publish","4":"has-post-thumbnail","6":"product_cat-sin-categorizar","8":"first","9":"instock","10":"shipping-taxable","11":"product-type-simple"},"acf":[],"_links":{"self":[{"href":"https:\/\/nibboh.com\/es\/wp-json\/wp\/v2\/product\/3197","targetHints":{"allow":["GET"]}}],"collection":[{"href":"https:\/\/nibboh.com\/es\/wp-json\/wp\/v2\/product"}],"about":[{"href":"https:\/\/nibboh.com\/es\/wp-json\/wp\/v2\/types\/product"}],"version-history":[{"count":1,"href":"https:\/\/nibboh.com\/es\/wp-json\/wp\/v2\/product\/3197\/revisions"}],"predecessor-version":[{"id":3236,"href":"https:\/\/nibboh.com\/es\/wp-json\/wp\/v2\/product\/3197\/revisions\/3236"}],"wp:featuredmedia":[{"embeddable":true,"href":"https:\/\/nibboh.com\/es\/wp-json\/wp\/v2\/media\/1762"}],"wp:attachment":[{"href":"https:\/\/nibboh.com\/es\/wp-json\/wp\/v2\/media?parent=3197"}],"wp:term":[{"taxonomy":"product_brand","embeddable":true,"href":"https:\/\/nibboh.com\/es\/wp-json\/wp\/v2\/product_brand?post=3197"},{"taxonomy":"product_cat","embeddable":true,"href":"https:\/\/nibboh.com\/es\/wp-json\/wp\/v2\/product_cat?post=3197"},{"taxonomy":"product_tag","embeddable":true,"href":"https:\/\/nibboh.com\/es\/wp-json\/wp\/v2\/product_tag?post=3197"}],"curies":[{"name":"wp","href":"https:\/\/api.w.org\/{rel}","templated":true}]}}