{"id":2957,"date":"2026-02-05T16:25:31","date_gmt":"2026-02-05T08:25:31","guid":{"rendered":"https:\/\/nibboh.com\/product\/iman-de-inyeccion\/"},"modified":"2026-03-17T10:20:59","modified_gmt":"2026-03-17T02:20:59","slug":"iman-de-inyeccion","status":"publish","type":"product","link":"https:\/\/nibboh.com\/es\/producto\/iman-de-inyeccion\/","title":{"rendered":"Im\u00e1n de inyecci\u00f3n"},"content":{"rendered":"\t\t<div data-elementor-type=\"product-post\" data-elementor-id=\"2957\" class=\"elementor elementor-2957 elementor-1165\" data-elementor-post-type=\"product\">\n\t\t\t\t<div class=\"elementor-element elementor-element-c96e620 e-con-full e-flex e-con e-parent\" data-id=\"c96e620\" data-element_type=\"container\" data-e-type=\"container\">\n\t\t\t\t<div class=\"elementor-element elementor-element-355d224 e-n-tabs-mobile elementor-widget elementor-widget-n-tabs\" data-id=\"355d224\" data-element_type=\"widget\" data-e-type=\"widget\" data-settings=\"{&quot;tabs_justify_horizontal&quot;:&quot;start&quot;,&quot;horizontal_scroll&quot;:&quot;disable&quot;}\" data-widget_type=\"nested-tabs.default\">\n\t\t\t\t\t\t\t<div class=\"e-n-tabs\" data-widget-number=\"55956004\" aria-label=\"Pesta\u00f1as. Abre elementos con Intro o Espacio, ci\u00e9rralos con Escape y navega con las fechas.\">\n\t\t\t<div class=\"e-n-tabs-heading\" role=\"tablist\">\n\t\t\t\t\t<button id=\"e-n-tab-title-559560041\" data-tab-title-id=\"e-n-tab-title-559560041\" class=\"e-n-tab-title\" aria-selected=\"true\" data-tab-index=\"1\" role=\"tab\" tabindex=\"0\" aria-controls=\"e-n-tab-content-559560041\" style=\"--n-tabs-title-order: 1;\">\n\t\t\t\t\t\t<span class=\"e-n-tab-title-text\">\n\t\t\t\tEspecificaciones t\u00e9cnicas\t\t\t<\/span>\n\t\t<\/button>\n\t\t\t\t<button id=\"e-n-tab-title-559560042\" data-tab-title-id=\"e-n-tab-title-559560042\" class=\"e-n-tab-title\" aria-selected=\"false\" data-tab-index=\"2\" role=\"tab\" tabindex=\"-1\" aria-controls=\"e-n-tab-content-559560042\" style=\"--n-tabs-title-order: 2;\">\n\t\t\t\t\t\t<span class=\"e-n-tab-title-text\">\n\t\t\t\t\u00c1reas de aplicaci\u00f3n\t\t\t<\/span>\n\t\t<\/button>\n\t\t\t\t\t<\/div>\n\t\t\t<div class=\"e-n-tabs-content\">\n\t\t\t\t<div id=\"e-n-tab-content-559560041\" role=\"tabpanel\" aria-labelledby=\"e-n-tab-title-559560041\" data-tab-index=\"1\" style=\"--n-tabs-title-order: 1;\" class=\"e-active elementor-element elementor-element-3154562 e-con-full e-flex e-con e-child\" data-id=\"3154562\" data-element_type=\"container\" data-e-type=\"container\">\n\t\t\t\t<div class=\"elementor-element elementor-element-a3911ad elementor-hidden-desktop elementor-hidden-tablet elementor-hidden-mobile elementor-widget elementor-widget-text-editor\" data-id=\"a3911ad\" data-element_type=\"widget\" data-e-type=\"widget\" data-widget_type=\"text-editor.default\">\n\t\t\t\t\t\t\t\t\t<table width=\"758\"><tbody><tr><td rowspan=\"2\" width=\"275\">Grado<\/td><td rowspan=\"2\" width=\"60\">TNMI-0.6<\/td><td rowspan=\"2\" width=\"60\">TNMI-1.7<\/td><td rowspan=\"2\" width=\"60\">TNMI-2.0<\/td><td rowspan=\"2\" width=\"60\">TNMI-4.0<\/td><td rowspan=\"2\" width=\"60\">TNMI-5.0<\/td><td rowspan=\"2\" width=\"60\">TNMI-6.0<\/td><td rowspan=\"2\" width=\"60\">TNMI-8.0<\/td><td rowspan=\"2\" width=\"60\">TNMI-8.0A<\/td><\/tr><tr><td width=\"275\">Br (mT)<\/td><td width=\"60\">155-170<\/td><td width=\"60\">245-265<\/td><td width=\"60\">275-290<\/td><td width=\"60\">400-500<\/td><td width=\"60\">450-550<\/td><td width=\"60\">480-580<\/td><td width=\"60\">530-620<\/td><td width=\"60\">580-650<\/td><\/tr><tr><td width=\"275\">Inducci\u00f3n residual (Gs)<\/td><td width=\"60\">1550-1700<\/td><td width=\"60\">2450-2650<\/td><td width=\"60\">2750-2900<\/td><td width=\"60\">4000-5000<\/td><td width=\"60\">4500-5500<\/td><td width=\"60\">4800-5800<\/td><td width=\"60\">5300-6200<\/td><td width=\"60\">5800-6500<\/td><\/tr><tr><td width=\"275\">Hcb (kA\/m)<\/td><td width=\"60\">111-119<\/td><td width=\"60\">175-191<\/td><td width=\"60\">191-207<\/td><td width=\"60\">255-310<\/td><td width=\"60\">302-358<\/td><td width=\"60\">334-382<\/td><td width=\"60\">358-413<\/td><td width=\"60\">382-430<\/td><\/tr><tr><td width=\"275\">Fuerza coercitiva (Oe)<\/td><td width=\"60\">1400-1500<\/td><td width=\"60\">2200-2400<\/td><td width=\"60\">2400-2600<\/td><td width=\"60\">3200-3900<\/td><td width=\"60\">3800-4500<\/td><td width=\"60\">4200-4800<\/td><td width=\"60\">4500-5200<\/td><td width=\"60\">4800-5400<\/td><\/tr><tr><td width=\"275\">Hcj (kA\/m)<\/td><td width=\"60\">218-238<\/td><td width=\"60\">243-259<\/td><td width=\"60\">226-250<\/td><td width=\"60\">640-800<\/td><td width=\"60\">640-800<\/td><td width=\"60\">640-800<\/td><td width=\"60\">640-800<\/td><td width=\"60\">640-800<\/td><\/tr><tr><td width=\"275\">Fuerza Coercitiva Intr\u00ednseca (Oe)<\/td><td width=\"60\">2800-3000<\/td><td width=\"60\">3050-3250<\/td><td width=\"60\">2800-3150<\/td><td width=\"60\">8000-10000<\/td><td width=\"60\">8000-10000<\/td><td width=\"60\">8000-10000<\/td><td width=\"60\">8000-10000<\/td><td width=\"60\">8000-10000<\/td><\/tr><tr><td rowspan=\"2\" width=\"275\">Producto Energ\u00e9tico M\u00e1ximo (BH) m\u00e1ximo (kJ\/m\u00b3)<\/td><td width=\"60\">4.4-5.5<\/td><td width=\"60\">12.4-14.0<\/td><td width=\"60\">15.6-16.4<\/td><td width=\"60\">28-36<\/td><td width=\"60\">36-44<\/td><td width=\"60\">44-52<\/td><td width=\"60\">52-56<\/td><td width=\"60\">56-64<\/td><\/tr><tr><td width=\"60\">0.55-0.68<\/td><td width=\"60\">1.55-1.75<\/td><td width=\"60\">1.95-2.05<\/td><td width=\"60\">3.5-4.5<\/td><td width=\"60\">4.5-5.5<\/td><td width=\"60\">5.5-6.5<\/td><td width=\"60\">6.5-7.0<\/td><td width=\"60\">7.0-8.0<\/td><\/tr><tr><td rowspan=\"2\" width=\"275\">Coeficiente de temperatura medio reversible (%\/\u00b0C)<\/td><td rowspan=\"2\" width=\"60\">-0.19<\/td><td rowspan=\"2\" width=\"60\">-0.19<\/td><td rowspan=\"2\" width=\"60\">-0.19<\/td><td rowspan=\"2\" width=\"60\">-0.1<\/td><td rowspan=\"2\" width=\"60\">-0.1<\/td><td rowspan=\"2\" width=\"60\">-0.1<\/td><td rowspan=\"2\" width=\"60\">-0.1<\/td><td rowspan=\"2\" width=\"60\">-0.1<\/td><\/tr><tr><td rowspan=\"2\" width=\"275\">Coeficiente de temperatura reversible de Hc (%\/\u00b0C)<\/td><td rowspan=\"2\" width=\"60\">0.2-0.3<\/td><td rowspan=\"2\" width=\"60\">0.2-0.3<\/td><td rowspan=\"2\" width=\"60\">0.2-0.3<\/td><td rowspan=\"2\" width=\"60\">-0.4<\/td><td rowspan=\"2\" width=\"60\">-0.4<\/td><td rowspan=\"2\" width=\"60\">-0.4<\/td><td rowspan=\"2\" width=\"60\">-0.4<\/td><td rowspan=\"2\" width=\"60\">-0.4<\/td><\/tr><tr><td rowspan=\"2\" width=\"275\">Densidad (g\/cm3)<\/td><td rowspan=\"2\" width=\"60\">3.6<\/td><td rowspan=\"2\" width=\"60\">3.7<\/td><td rowspan=\"2\" width=\"60\">3.8<\/td><td rowspan=\"2\" width=\"60\">4.5<\/td><td rowspan=\"2\" width=\"60\">4.8<\/td><td rowspan=\"2\" width=\"60\">5.0<\/td><td rowspan=\"2\" width=\"60\">5.2<\/td><td rowspan=\"2\" width=\"60\">5.2<\/td><\/tr><tr><td rowspan=\"2\" width=\"275\">Resistencia a la tracci\u00f3n (MPa)<\/td><td rowspan=\"2\" width=\"60\">60<\/td><td rowspan=\"2\" width=\"60\">60<\/td><td rowspan=\"2\" width=\"60\">75<\/td><td rowspan=\"2\" width=\"60\">35<\/td><td rowspan=\"2\" width=\"60\">35<\/td><td rowspan=\"2\" width=\"60\">36<\/td><td rowspan=\"2\" width=\"60\">37<\/td><td rowspan=\"2\" width=\"60\">37<\/td><\/tr><tr><td rowspan=\"2\" width=\"275\">Resistencia a la flexi\u00f3n (MPa)<\/td><td rowspan=\"2\" width=\"60\">100<\/td><td rowspan=\"2\" width=\"60\">95<\/td><td rowspan=\"2\" width=\"60\">180<\/td><td rowspan=\"2\" width=\"60\">72<\/td><td rowspan=\"2\" width=\"60\">72<\/td><td rowspan=\"2\" width=\"60\">70<\/td><td rowspan=\"2\" width=\"60\">75<\/td><td rowspan=\"2\" width=\"60\">75<\/td><\/tr><tr><td rowspan=\"2\" width=\"275\">M\u00f3dulo de flexi\u00f3n (MPa)<\/td><td rowspan=\"2\" width=\"60\">13000<\/td><td rowspan=\"2\" width=\"60\">17000<\/td><td rowspan=\"2\" width=\"60\">25000<\/td><td rowspan=\"2\" width=\"60\">15000<\/td><td rowspan=\"2\" width=\"60\">15000<\/td><td rowspan=\"2\" width=\"60\">15000<\/td><td rowspan=\"2\" width=\"60\">15000<\/td><td rowspan=\"2\" width=\"60\">15000<\/td><\/tr><tr><td rowspan=\"2\" width=\"275\">Absorci\u00f3n de agua (%)<\/td><td rowspan=\"2\" width=\"60\">0.04<\/td><td rowspan=\"2\" width=\"60\">0.01<\/td><td rowspan=\"2\" width=\"60\">0.05<\/td><td rowspan=\"2\" width=\"60\">0.05<\/td><td rowspan=\"2\" width=\"60\">0.05<\/td><td rowspan=\"2\" width=\"60\">0.05<\/td><td rowspan=\"2\" width=\"60\">0.04<\/td><td rowspan=\"2\" width=\"60\">0.05<\/td><\/tr><tr><td rowspan=\"2\" width=\"275\">Temperatura de desviaci\u00f3n t\u00e9rmica (\u00b0C)<\/td><td rowspan=\"2\" width=\"60\">130<\/td><td rowspan=\"2\" width=\"60\">220<\/td><td rowspan=\"2\" width=\"60\">176<\/td><td rowspan=\"2\" width=\"60\">130<\/td><td rowspan=\"2\" width=\"60\">150<\/td><td rowspan=\"2\" width=\"60\">150<\/td><td rowspan=\"2\" width=\"60\">150<\/td><td rowspan=\"2\" width=\"60\">150<\/td><\/tr><\/tbody><\/table>\t\t\t\t\t\t\t\t<\/div>\n\t\t\t\t<div class=\"elementor-element elementor-element-646a1dc elementor-widget elementor-widget-image\" data-id=\"646a1dc\" data-element_type=\"widget\" data-e-type=\"widget\" data-widget_type=\"image.default\">\n\t\t\t\t\t\t\t\t\t\t\t\t\t\t\t\t<a href=\"https:\/\/nibboh.com\/wp-content\/uploads\/2026\/01\/\u6ce8\u5851.png\" data-elementor-open-lightbox=\"yes\" data-elementor-lightbox-title=\"a\" data-e-action-hash=\"#elementor-action%3Aaction%3Dlightbox%26settings%3DeyJpZCI6Mjk3NywidXJsIjoiaHR0cHM6XC9cL25pYmJvaC5jb21cL3dwLWNvbnRlbnRcL3VwbG9hZHNcLzIwMjZcLzAxXC9cdTZjZThcdTU4NTEucG5nIn0%3D\">\n\t\t\t\t\t\t\t<img fetchpriority=\"high\" decoding=\"async\" width=\"1353\" height=\"797\" src=\"https:\/\/nibboh.com\/wp-content\/uploads\/2026\/01\/\u6ce8\u5851.png\" class=\"attachment-2048x2048 size-2048x2048 wp-image-2977\" alt=\"\" srcset=\"https:\/\/nibboh.com\/wp-content\/uploads\/2026\/01\/\u6ce8\u5851.png 1353w, https:\/\/nibboh.com\/wp-content\/uploads\/2026\/01\/\u6ce8\u5851-300x177.png 300w, https:\/\/nibboh.com\/wp-content\/uploads\/2026\/01\/\u6ce8\u5851-1024x603.png 1024w, https:\/\/nibboh.com\/wp-content\/uploads\/2026\/01\/\u6ce8\u5851-768x452.png 768w, https:\/\/nibboh.com\/wp-content\/uploads\/2026\/01\/\u6ce8\u5851-600x353.png 600w\" sizes=\"(max-width: 1353px) 100vw, 1353px\" title=\"\">\t\t\t\t\t\t\t\t<\/a>\n\t\t\t\t\t\t\t\t\t\t\t\t\t\t\t<\/div>\n\t\t\t\t<\/div>\n\t\t<div id=\"e-n-tab-content-559560042\" role=\"tabpanel\" aria-labelledby=\"e-n-tab-title-559560042\" data-tab-index=\"2\" style=\"--n-tabs-title-order: 2;\" class=\" elementor-element elementor-element-2f843b5 e-con-full e-flex e-con e-child\" data-id=\"2f843b5\" data-element_type=\"container\" data-e-type=\"container\">\n\t\t<div class=\"elementor-element elementor-element-4fefff9 e-con-full e-flex e-con e-child\" data-id=\"4fefff9\" data-element_type=\"container\" data-e-type=\"container\" data-settings=\"{&quot;background_background&quot;:&quot;classic&quot;}\">\n\t\t\t\t<div class=\"elementor-element elementor-element-4131363 elementor-widget elementor-widget-text-editor\" data-id=\"4131363\" data-element_type=\"widget\" data-e-type=\"widget\" data-widget_type=\"text-editor.default\">\n\t\t\t\t\t\t\t\t\t<p class=\"p1\">Los imanes moldeados por inyecci\u00f3n son imanes permanentes de tipo pl\u00e1stico formados combinando polvos magn\u00e9ticos con materiales polim\u00e9ricos, lo que permite moldear formas complejas de forma integral con alta precisi\u00f3n y estabilidad.  <\/p>\t\t\t\t\t\t\t\t<\/div>\n\t\t<div class=\"elementor-element elementor-element-22c538a e-grid e-con-full elementor-hidden-desktop elementor-hidden-tablet elementor-hidden-mobile e-con e-child\" data-id=\"22c538a\" data-element_type=\"container\" data-e-type=\"container\">\n\t\t\t\t<div class=\"elementor-element elementor-element-a35ffb8 elementor-position-top elementor-widget elementor-widget-image-box\" data-id=\"a35ffb8\" data-element_type=\"widget\" data-e-type=\"widget\" data-widget_type=\"image-box.default\">\n\t\t\t\t\t<div class=\"elementor-image-box-wrapper\"><figure class=\"elementor-image-box-img\"><img decoding=\"async\" width=\"1280\" height=\"853\" src=\"https:\/\/nibboh.com\/wp-content\/uploads\/2026\/01\/wind-turbines-601332_1280-1.jpg\" class=\"attachment-full size-full wp-image-2749\" alt=\"\" title=\"\" srcset=\"https:\/\/nibboh.com\/wp-content\/uploads\/2026\/01\/wind-turbines-601332_1280-1.jpg 1280w, https:\/\/nibboh.com\/wp-content\/uploads\/2026\/01\/wind-turbines-601332_1280-1-300x200.jpg 300w, https:\/\/nibboh.com\/wp-content\/uploads\/2026\/01\/wind-turbines-601332_1280-1-1024x682.jpg 1024w, https:\/\/nibboh.com\/wp-content\/uploads\/2026\/01\/wind-turbines-601332_1280-1-768x512.jpg 768w, https:\/\/nibboh.com\/wp-content\/uploads\/2026\/01\/wind-turbines-601332_1280-1-600x400.jpg 600w\" sizes=\"(max-width: 1280px) 100vw, 1280px\" \/><\/figure><div class=\"elementor-image-box-content\"><h3 class=\"elementor-image-box-title\">Generador de turbinas e\u00f3licas<\/h3><\/div><\/div>\t\t\t\t<\/div>\n\t\t\t\t<div class=\"elementor-element elementor-element-5841a34 elementor-position-top elementor-widget elementor-widget-image-box\" data-id=\"5841a34\" data-element_type=\"widget\" data-e-type=\"widget\" data-widget_type=\"image-box.default\">\n\t\t\t\t\t<div class=\"elementor-image-box-wrapper\"><figure class=\"elementor-image-box-img\"><img decoding=\"async\" width=\"1280\" height=\"853\" src=\"https:\/\/nibboh.com\/wp-content\/uploads\/2026\/01\/wind-turbines-601332_1280-1.jpg\" class=\"attachment-full size-full wp-image-2749\" alt=\"\" title=\"\" srcset=\"https:\/\/nibboh.com\/wp-content\/uploads\/2026\/01\/wind-turbines-601332_1280-1.jpg 1280w, https:\/\/nibboh.com\/wp-content\/uploads\/2026\/01\/wind-turbines-601332_1280-1-300x200.jpg 300w, https:\/\/nibboh.com\/wp-content\/uploads\/2026\/01\/wind-turbines-601332_1280-1-1024x682.jpg 1024w, https:\/\/nibboh.com\/wp-content\/uploads\/2026\/01\/wind-turbines-601332_1280-1-768x512.jpg 768w, https:\/\/nibboh.com\/wp-content\/uploads\/2026\/01\/wind-turbines-601332_1280-1-600x400.jpg 600w\" sizes=\"(max-width: 1280px) 100vw, 1280px\" \/><\/figure><div class=\"elementor-image-box-content\"><h3 class=\"elementor-image-box-title\">Generador de turbinas e\u00f3licas<\/h3><\/div><\/div>\t\t\t\t<\/div>\n\t\t\t\t<div class=\"elementor-element elementor-element-8c7c9c3 elementor-position-top elementor-widget elementor-widget-image-box\" data-id=\"8c7c9c3\" data-element_type=\"widget\" data-e-type=\"widget\" data-widget_type=\"image-box.default\">\n\t\t\t\t\t<div class=\"elementor-image-box-wrapper\"><figure class=\"elementor-image-box-img\"><img decoding=\"async\" width=\"1280\" height=\"853\" src=\"https:\/\/nibboh.com\/wp-content\/uploads\/2026\/01\/wind-turbines-601332_1280-1.jpg\" class=\"attachment-full size-full wp-image-2749\" alt=\"\" title=\"\" srcset=\"https:\/\/nibboh.com\/wp-content\/uploads\/2026\/01\/wind-turbines-601332_1280-1.jpg 1280w, https:\/\/nibboh.com\/wp-content\/uploads\/2026\/01\/wind-turbines-601332_1280-1-300x200.jpg 300w, https:\/\/nibboh.com\/wp-content\/uploads\/2026\/01\/wind-turbines-601332_1280-1-1024x682.jpg 1024w, https:\/\/nibboh.com\/wp-content\/uploads\/2026\/01\/wind-turbines-601332_1280-1-768x512.jpg 768w, https:\/\/nibboh.com\/wp-content\/uploads\/2026\/01\/wind-turbines-601332_1280-1-600x400.jpg 600w\" sizes=\"(max-width: 1280px) 100vw, 1280px\" \/><\/figure><div class=\"elementor-image-box-content\"><h3 class=\"elementor-image-box-title\">Generador de turbinas e\u00f3licas<\/h3><\/div><\/div>\t\t\t\t<\/div>\n\t\t\t\t<\/div>\n\t\t\t\t<\/div>\n\t\t\t\t<\/div>\n\t\t\t\t\t<\/div>\n\t\t<\/div>\n\t\t\t\t\t\t<\/div>\n\t\t\t\t<\/div>\n\t\t\t\t<\/div>\n\t\t","protected":false},"excerpt":{"rendered":"<p class=\"p1\">Los imanes moldeados por inyecci\u00f3n se producen mezclando polvo magn\u00e9tico con una matriz polim\u00e9rica. A diferencia de los materiales magn\u00e9ticos tradicionales que se prensan y sinterizan, este proceso utiliza una m\u00e1quina de moldeo por inyecci\u00f3n para calentar e inyectar la mezcla en moldes, produciendo productos de diversas formas. Este m\u00e9todo ofrece varias ventajas \u00fanicas: permite fabricar formas precisas y complejas con facilidad, reduce el riesgo de grietas durante el montaje y facilita el moldeo en un solo paso con insertos. Como resultado, los imanes moldeados por inyecci\u00f3n se utilizan ampliamente en aplicaciones que requieren formas o condiciones especiales que otros m\u00e9todos de fabricaci\u00f3n no pueden lograr.   <\/p>\n","protected":false},"featured_media":1757,"template":"","meta":{"_acf_changed":false},"product_brand":[],"product_cat":[38],"product_tag":[],"class_list":{"0":"post-2957","1":"product","2":"type-product","3":"status-publish","4":"has-post-thumbnail","6":"product_cat-sin-categorizar","8":"first","9":"instock","10":"shipping-taxable","11":"product-type-simple"},"acf":[],"_links":{"self":[{"href":"https:\/\/nibboh.com\/es\/wp-json\/wp\/v2\/product\/2957","targetHints":{"allow":["GET"]}}],"collection":[{"href":"https:\/\/nibboh.com\/es\/wp-json\/wp\/v2\/product"}],"about":[{"href":"https:\/\/nibboh.com\/es\/wp-json\/wp\/v2\/types\/product"}],"version-history":[{"count":1,"href":"https:\/\/nibboh.com\/es\/wp-json\/wp\/v2\/product\/2957\/revisions"}],"predecessor-version":[{"id":2979,"href":"https:\/\/nibboh.com\/es\/wp-json\/wp\/v2\/product\/2957\/revisions\/2979"}],"wp:featuredmedia":[{"embeddable":true,"href":"https:\/\/nibboh.com\/es\/wp-json\/wp\/v2\/media\/1757"}],"wp:attachment":[{"href":"https:\/\/nibboh.com\/es\/wp-json\/wp\/v2\/media?parent=2957"}],"wp:term":[{"taxonomy":"product_brand","embeddable":true,"href":"https:\/\/nibboh.com\/es\/wp-json\/wp\/v2\/product_brand?post=2957"},{"taxonomy":"product_cat","embeddable":true,"href":"https:\/\/nibboh.com\/es\/wp-json\/wp\/v2\/product_cat?post=2957"},{"taxonomy":"product_tag","embeddable":true,"href":"https:\/\/nibboh.com\/es\/wp-json\/wp\/v2\/product_tag?post=2957"}],"curies":[{"name":"wp","href":"https:\/\/api.w.org\/{rel}","templated":true}]}}