{"id":2827,"date":"2026-02-05T14:27:21","date_gmt":"2026-02-05T06:27:21","guid":{"rendered":"https:\/\/nibboh.com\/product\/iman-ainico\/"},"modified":"2026-03-17T10:15:40","modified_gmt":"2026-03-17T02:15:40","slug":"iman-ainico","status":"publish","type":"product","link":"https:\/\/nibboh.com\/es\/producto\/iman-ainico\/","title":{"rendered":"Im\u00e1n AINiCo"},"content":{"rendered":"\t\t<div data-elementor-type=\"product-post\" data-elementor-id=\"2827\" class=\"elementor elementor-2827 elementor-1032\" data-elementor-post-type=\"product\">\n\t\t\t\t<div class=\"elementor-element elementor-element-c96e620 e-flex e-con-boxed e-con e-parent\" data-id=\"c96e620\" data-element_type=\"container\" data-e-type=\"container\">\n\t\t\t\t\t<div class=\"e-con-inner\">\n\t\t\t\t<div class=\"elementor-element elementor-element-355d224 e-n-tabs-mobile elementor-widget elementor-widget-n-tabs\" data-id=\"355d224\" data-element_type=\"widget\" data-e-type=\"widget\" data-settings=\"{&quot;tabs_justify_horizontal&quot;:&quot;start&quot;,&quot;horizontal_scroll&quot;:&quot;disable&quot;}\" data-widget_type=\"nested-tabs.default\">\n\t\t\t\t\t\t\t<div class=\"e-n-tabs\" data-widget-number=\"55956004\" aria-label=\"Pesta\u00f1as. Abre elementos con Intro o Espacio, ci\u00e9rralos con Escape y navega con las fechas.\">\n\t\t\t<div class=\"e-n-tabs-heading\" role=\"tablist\">\n\t\t\t\t\t<button id=\"e-n-tab-title-559560041\" data-tab-title-id=\"e-n-tab-title-559560041\" class=\"e-n-tab-title\" aria-selected=\"true\" data-tab-index=\"1\" role=\"tab\" tabindex=\"0\" aria-controls=\"e-n-tab-content-559560041\" style=\"--n-tabs-title-order: 1;\">\n\t\t\t\t\t\t<span class=\"e-n-tab-title-text\">\n\t\t\t\tEspecificaciones t\u00e9cnicas\t\t\t<\/span>\n\t\t<\/button>\n\t\t\t\t<button id=\"e-n-tab-title-559560042\" data-tab-title-id=\"e-n-tab-title-559560042\" class=\"e-n-tab-title\" aria-selected=\"false\" data-tab-index=\"2\" role=\"tab\" tabindex=\"-1\" aria-controls=\"e-n-tab-content-559560042\" style=\"--n-tabs-title-order: 2;\">\n\t\t\t\t\t\t<span class=\"e-n-tab-title-text\">\n\t\t\t\tProceso de producci\u00f3n\t\t\t<\/span>\n\t\t<\/button>\n\t\t\t\t<button id=\"e-n-tab-title-559560043\" data-tab-title-id=\"e-n-tab-title-559560043\" class=\"e-n-tab-title\" aria-selected=\"false\" data-tab-index=\"3\" role=\"tab\" tabindex=\"-1\" aria-controls=\"e-n-tab-content-559560043\" style=\"--n-tabs-title-order: 3;\">\n\t\t\t\t\t\t<span class=\"e-n-tab-title-text\">\n\t\t\t\t\u00c1reas de aplicaci\u00f3n\t\t\t<\/span>\n\t\t<\/button>\n\t\t\t\t\t<\/div>\n\t\t\t<div class=\"e-n-tabs-content\">\n\t\t\t\t<div id=\"e-n-tab-content-559560041\" role=\"tabpanel\" aria-labelledby=\"e-n-tab-title-559560041\" data-tab-index=\"1\" style=\"--n-tabs-title-order: 1;\" class=\"e-active elementor-element elementor-element-3154562 e-con-full e-flex e-con e-child\" data-id=\"3154562\" data-element_type=\"container\" data-e-type=\"container\" data-settings=\"{&quot;background_background&quot;:&quot;classic&quot;}\">\n\t\t\t\t<div class=\"elementor-element elementor-element-a3911ad elementor-hidden-desktop elementor-hidden-tablet elementor-hidden-mobile elementor-widget elementor-widget-text-editor\" data-id=\"a3911ad\" data-element_type=\"widget\" data-e-type=\"widget\" data-widget_type=\"text-editor.default\">\n\t\t\t\t\t\t\t\t\t<table width=\"641\"><tbody><tr><td rowspan=\"3\" width=\"48\">Cursos<\/td><td rowspan=\"3\" width=\"58\">Clase equivalente de MMPA<\/td><td colspan=\"2\" rowspan=\"2\" width=\"97\">Remanencia Br<\/td><td colspan=\"2\" rowspan=\"2\" width=\"97\">Fuerza Coercitiva Hcb<\/td><td colspan=\"2\" rowspan=\"2\" width=\"97\">Producto M\u00e1ximo de Energ\u00eda (BH)<\/td><td rowspan=\"2\" width=\"48\">Densidad<\/td><td rowspan=\"2\" width=\"48\">Coeficiente de temperatura reversible \u0430(Br) <\/td><td rowspan=\"2\" width=\"48\">Coeficiente de temperatura reversible \u0430(Hc) <\/td><td rowspan=\"2\" width=\"48\">Curie Temp. TC <\/td><td rowspan=\"2\" width=\"48\">Coeficiente Temp. TW<\/td><\/tr><tr><td width=\"48\">mT<\/td><td width=\"48\">Gs<\/td><td width=\"48\">KA\/m<\/td><td width=\"48\">Oe<\/td><td width=\"48\">KJ\/m3<\/td><td width=\"48\">MGOe<\/td><td width=\"48\">g\/cm3<\/td><td width=\"48\">%\/\u00b0C<\/td><td width=\"48\">%\/\u00b0C<\/td><td width=\"48\">\u00b0C<\/td><td width=\"48\">\u00b0C<\/td><\/tr><tr><td width=\"48\">LN10<\/td><td width=\"58\">ALNICO3<\/td><td width=\"48\">600<\/td><td width=\"48\">6000<\/td><td width=\"48\">40<\/td><td width=\"48\">500<\/td><td width=\"48\">10<\/td><td width=\"48\">1.2<\/td><td width=\"48\">6.9<\/td><td width=\"48\">-0.03<\/td><td width=\"48\">-0.02<\/td><td width=\"48\">810<\/td><td width=\"48\">450<\/td><\/tr><tr><td width=\"48\">LNG13<\/td><td width=\"58\">ALNICO2<\/td><td width=\"48\">700<\/td><td width=\"48\">7000<\/td><td width=\"48\">48<\/td><td width=\"48\">600<\/td><td width=\"48\">12.8<\/td><td width=\"48\">1.6<\/td><td width=\"48\">7.2<\/td><td width=\"48\">-0.03<\/td><td width=\"48\">0.02<\/td><td width=\"48\">810<\/td><td width=\"48\">450<\/td><\/tr><tr><td width=\"48\">LNGT18<\/td><td width=\"58\">ALNICO8<\/td><td width=\"48\">580<\/td><td width=\"48\">5800<\/td><td width=\"48\">100<\/td><td width=\"48\">1250<\/td><td width=\"48\">18<\/td><td width=\"48\">2.2<\/td><td width=\"48\">7.3<\/td><td width=\"48\">-0.025<\/td><td width=\"48\">0.02<\/td><td width=\"48\">860<\/td><td width=\"48\">550<\/td><\/tr><tr><td width=\"48\">LNG37<\/td><td rowspan=\"3\" width=\"58\">ALNICO5<\/td><td width=\"48\">1200<\/td><td width=\"48\">12000<\/td><td width=\"48\">48<\/td><td width=\"48\">600<\/td><td width=\"48\">37<\/td><td width=\"48\">4.65<\/td><td width=\"48\">7.3<\/td><td rowspan=\"3\" width=\"48\">-0.02<\/td><td rowspan=\"3\" width=\"48\">0.02<\/td><td rowspan=\"3\" width=\"48\">850<\/td><td rowspan=\"3\" width=\"48\">525<\/td><\/tr><tr><td width=\"48\">LNG40<\/td><td width=\"48\">1250<\/td><td width=\"48\">12500<\/td><td width=\"48\">48<\/td><td width=\"48\">600<\/td><td width=\"48\">40<\/td><td width=\"48\">5<\/td><td width=\"48\">7.3<\/td><\/tr><tr><td width=\"48\">LNG44<\/td><td width=\"48\">1250<\/td><td width=\"48\">12500<\/td><td width=\"48\">52<\/td><td width=\"48\">650<\/td><td width=\"48\">44<\/td><td width=\"48\">5.5<\/td><td width=\"48\">7.3<\/td><\/tr><tr><td width=\"48\">LNG52<\/td><td width=\"58\">ALNICO5DG<\/td><td width=\"48\">1300<\/td><td width=\"48\">13000<\/td><td width=\"48\">56<\/td><td width=\"48\">700<\/td><td width=\"48\">52<\/td><td width=\"48\">6.5<\/td><td width=\"48\">7.3<\/td><td width=\"48\">-0.02<\/td><td width=\"48\">0.02<\/td><td width=\"48\">850<\/td><td width=\"48\">525<\/td><\/tr><tr><td width=\"48\">LNG60<\/td><td width=\"58\">ALNICO5-7<\/td><td width=\"48\">1350<\/td><td width=\"48\">13500<\/td><td width=\"48\">59<\/td><td width=\"48\">740<\/td><td width=\"48\">60<\/td><td width=\"48\">7., 5<\/td><td width=\"48\">7.3<\/td><td width=\"48\">-0.02<\/td><td width=\"48\">0.02<\/td><td width=\"48\">850<\/td><td width=\"48\">525<\/td><\/tr><tr><td width=\"48\">LNGT28<\/td><td width=\"58\">ALNICO6<\/td><td width=\"48\">1000<\/td><td width=\"48\">10000<\/td><td width=\"48\">57.6<\/td><td width=\"48\">720<\/td><td width=\"48\">28<\/td><td width=\"48\">3.5<\/td><td width=\"48\">7.3<\/td><td width=\"48\">-0.02<\/td><td width=\"48\">0.03<\/td><td width=\"48\">850<\/td><td width=\"48\">525<\/td><\/tr><tr><td width=\"48\">LNGT36J<\/td><td width=\"58\">ALNICO8HC<\/td><td width=\"48\">700<\/td><td width=\"48\">7000<\/td><td width=\"48\">140<\/td><td width=\"48\">1750<\/td><td width=\"48\">36<\/td><td width=\"48\">4.5<\/td><td width=\"48\">7.3<\/td><td width=\"48\">-0.025<\/td><td width=\"48\">0.02<\/td><td width=\"48\">860<\/td><td width=\"48\">550<\/td><\/tr><tr><td width=\"48\">LNGT38<\/td><td rowspan=\"2\" width=\"58\">ALNICO8<\/td><td width=\"48\">800<\/td><td width=\"48\">8000<\/td><td width=\"48\">110<\/td><td width=\"48\">1380<\/td><td width=\"48\">38<\/td><td width=\"48\">4.75<\/td><td width=\"48\">7.3<\/td><td rowspan=\"2\" width=\"48\">-0.025<\/td><td rowspan=\"2\" width=\"48\">0.02<\/td><td rowspan=\"2\" width=\"48\">860<\/td><td rowspan=\"2\" width=\"48\">550<\/td><\/tr><tr><td width=\"48\">LNGT40<\/td><td width=\"48\">820<\/td><td width=\"48\">8200<\/td><td width=\"48\">110<\/td><td width=\"48\">1380<\/td><td width=\"48\">40<\/td><td width=\"48\">5<\/td><td width=\"48\">7.3<\/td><\/tr><tr><td width=\"48\">LNGT60<\/td><td rowspan=\"2\" width=\"58\">ALNICO9<\/td><td width=\"48\">950<\/td><td width=\"48\">9500<\/td><td width=\"48\">110<\/td><td width=\"48\">1380<\/td><td width=\"48\">60<\/td><td width=\"48\">7.5<\/td><td width=\"48\">7.3<\/td><td rowspan=\"2\" width=\"48\">-0.025<\/td><td rowspan=\"2\" width=\"48\">0.02<\/td><td rowspan=\"2\" width=\"48\">860<\/td><td rowspan=\"2\" width=\"48\">550<\/td><\/tr><tr><td width=\"48\">LNGT72<\/td><td width=\"48\">1050<\/td><td width=\"48\">10500<\/td><td width=\"48\">112<\/td><td width=\"48\">1400<\/td><td width=\"48\">72<\/td><td width=\"48\">9<\/td><td width=\"48\">7.3<\/td><\/tr><\/tbody><\/table>\t\t\t\t\t\t\t\t<\/div>\n\t\t\t\t<div class=\"elementor-element elementor-element-646a1dc elementor-widget elementor-widget-image\" data-id=\"646a1dc\" data-element_type=\"widget\" data-e-type=\"widget\" data-widget_type=\"image.default\">\n\t\t\t\t\t\t\t\t\t\t\t\t\t\t\t\t<a href=\"https:\/\/nibboh.com\/wp-content\/uploads\/2026\/01\/\u94dd\u954d\u94b4.png\" data-elementor-open-lightbox=\"yes\" data-elementor-lightbox-title=\"a\" data-e-action-hash=\"#elementor-action%3Aaction%3Dlightbox%26settings%3DeyJpZCI6Mjg1NCwidXJsIjoiaHR0cHM6XC9cL25pYmJvaC5jb21cL3dwLWNvbnRlbnRcL3VwbG9hZHNcLzIwMjZcLzAxXC9cdTk0ZGRcdTk1NGRcdTk0YjQucG5nIn0%3D\">\n\t\t\t\t\t\t\t<img fetchpriority=\"high\" decoding=\"async\" width=\"1375\" height=\"528\" src=\"https:\/\/nibboh.com\/wp-content\/uploads\/2026\/01\/\u94dd\u954d\u94b4.png\" class=\"attachment-full size-full wp-image-2854\" alt=\"\" srcset=\"https:\/\/nibboh.com\/wp-content\/uploads\/2026\/01\/\u94dd\u954d\u94b4.png 1375w, https:\/\/nibboh.com\/wp-content\/uploads\/2026\/01\/\u94dd\u954d\u94b4-300x115.png 300w, https:\/\/nibboh.com\/wp-content\/uploads\/2026\/01\/\u94dd\u954d\u94b4-1024x393.png 1024w, https:\/\/nibboh.com\/wp-content\/uploads\/2026\/01\/\u94dd\u954d\u94b4-768x295.png 768w, https:\/\/nibboh.com\/wp-content\/uploads\/2026\/01\/\u94dd\u954d\u94b4-600x230.png 600w\" sizes=\"(max-width: 1375px) 100vw, 1375px\" title=\"\">\t\t\t\t\t\t\t\t<\/a>\n\t\t\t\t\t\t\t\t\t\t\t\t\t\t\t<\/div>\n\t\t\t\t<\/div>\n\t\t<div id=\"e-n-tab-content-559560042\" role=\"tabpanel\" aria-labelledby=\"e-n-tab-title-559560042\" data-tab-index=\"2\" style=\"--n-tabs-title-order: 2;\" class=\" elementor-element elementor-element-11538a2 e-con-full e-flex e-con e-child\" data-id=\"11538a2\" data-element_type=\"container\" data-e-type=\"container\">\n\t\t<div class=\"elementor-element elementor-element-0defa11 e-con-full e-flex e-con e-child\" data-id=\"0defa11\" data-element_type=\"container\" data-e-type=\"container\" data-settings=\"{&quot;background_background&quot;:&quot;classic&quot;}\">\n\t\t\t\t<div class=\"elementor-element elementor-element-ef24466 elementor-widget elementor-widget-heading\" data-id=\"ef24466\" data-element_type=\"widget\" data-e-type=\"widget\" data-widget_type=\"heading.default\">\n\t\t\t\t\t<h2 class=\"elementor-heading-title elementor-size-default\">Materias primas - ingredientes - conformado - fundici\u00f3n - colada - tratamiento t\u00e9rmico - picking magn\u00e9tico - mecanizado de precisi\u00f3n - inspecci\u00f3n de producto terminado - envasado<\/h2>\t\t\t\t<\/div>\n\t\t\t\t<\/div>\n\t\t\t\t<\/div>\n\t\t<div id=\"e-n-tab-content-559560043\" role=\"tabpanel\" aria-labelledby=\"e-n-tab-title-559560043\" data-tab-index=\"3\" style=\"--n-tabs-title-order: 3;\" class=\" elementor-element elementor-element-97b9e45 e-con-full e-flex e-con e-child\" data-id=\"97b9e45\" data-element_type=\"container\" data-e-type=\"container\">\n\t\t<div class=\"elementor-element elementor-element-740f5ef e-con-full e-flex e-con e-child\" data-id=\"740f5ef\" data-element_type=\"container\" data-e-type=\"container\" data-settings=\"{&quot;background_background&quot;:&quot;classic&quot;}\">\n\t\t\t\t<div class=\"elementor-element elementor-element-0f76e98 elementor-widget elementor-widget-text-editor\" data-id=\"0f76e98\" data-element_type=\"widget\" data-e-type=\"widget\" data-widget_type=\"text-editor.default\">\n\t\t\t\t\t\t\t\t\t<p class=\"p1\">AlNiCo es un material magn\u00e9tico duro compuesto principalmente por aluminio, n\u00edquel y cobalto, combinados con metales como cobre y hierro. Cuenta con alta remanencia, bajo coeficiente de temperatura y excelente estabilidad magn\u00e9tica, y se utiliza ampliamente en instrumentos, motores de imanes permanentes, sensores y aplicaciones relacionadas. <\/p>\t\t\t\t\t\t\t\t<\/div>\n\t\t<div class=\"elementor-element elementor-element-7ad40bc e-grid e-con-full elementor-hidden-desktop elementor-hidden-tablet elementor-hidden-mobile e-con e-child\" data-id=\"7ad40bc\" data-element_type=\"container\" data-e-type=\"container\">\n\t\t\t\t<div class=\"elementor-element elementor-element-b5ab776 elementor-position-top elementor-widget elementor-widget-image-box\" data-id=\"b5ab776\" data-element_type=\"widget\" data-e-type=\"widget\" data-widget_type=\"image-box.default\">\n\t\t\t\t\t<div class=\"elementor-image-box-wrapper\"><figure class=\"elementor-image-box-img\"><img decoding=\"async\" width=\"1280\" height=\"853\" src=\"https:\/\/nibboh.com\/wp-content\/uploads\/2026\/01\/wind-turbines-601332_1280-1.jpg\" class=\"attachment-full size-full wp-image-2749\" alt=\"\" title=\"\" srcset=\"https:\/\/nibboh.com\/wp-content\/uploads\/2026\/01\/wind-turbines-601332_1280-1.jpg 1280w, https:\/\/nibboh.com\/wp-content\/uploads\/2026\/01\/wind-turbines-601332_1280-1-300x200.jpg 300w, https:\/\/nibboh.com\/wp-content\/uploads\/2026\/01\/wind-turbines-601332_1280-1-1024x682.jpg 1024w, https:\/\/nibboh.com\/wp-content\/uploads\/2026\/01\/wind-turbines-601332_1280-1-768x512.jpg 768w, https:\/\/nibboh.com\/wp-content\/uploads\/2026\/01\/wind-turbines-601332_1280-1-600x400.jpg 600w\" sizes=\"(max-width: 1280px) 100vw, 1280px\" \/><\/figure><div class=\"elementor-image-box-content\"><h3 class=\"elementor-image-box-title\">Generador de turbinas e\u00f3licas<\/h3><\/div><\/div>\t\t\t\t<\/div>\n\t\t\t\t<div class=\"elementor-element elementor-element-fa3aea7 elementor-position-top elementor-widget elementor-widget-image-box\" data-id=\"fa3aea7\" data-element_type=\"widget\" data-e-type=\"widget\" data-widget_type=\"image-box.default\">\n\t\t\t\t\t<div class=\"elementor-image-box-wrapper\"><figure class=\"elementor-image-box-img\"><img decoding=\"async\" width=\"1280\" height=\"853\" src=\"https:\/\/nibboh.com\/wp-content\/uploads\/2026\/01\/wind-turbines-601332_1280-1.jpg\" class=\"attachment-full size-full wp-image-2749\" alt=\"\" title=\"\" srcset=\"https:\/\/nibboh.com\/wp-content\/uploads\/2026\/01\/wind-turbines-601332_1280-1.jpg 1280w, https:\/\/nibboh.com\/wp-content\/uploads\/2026\/01\/wind-turbines-601332_1280-1-300x200.jpg 300w, https:\/\/nibboh.com\/wp-content\/uploads\/2026\/01\/wind-turbines-601332_1280-1-1024x682.jpg 1024w, https:\/\/nibboh.com\/wp-content\/uploads\/2026\/01\/wind-turbines-601332_1280-1-768x512.jpg 768w, https:\/\/nibboh.com\/wp-content\/uploads\/2026\/01\/wind-turbines-601332_1280-1-600x400.jpg 600w\" sizes=\"(max-width: 1280px) 100vw, 1280px\" \/><\/figure><div class=\"elementor-image-box-content\"><h3 class=\"elementor-image-box-title\">Generador de turbinas e\u00f3licas<\/h3><\/div><\/div>\t\t\t\t<\/div>\n\t\t\t\t<div class=\"elementor-element elementor-element-97cb42b elementor-position-top elementor-widget elementor-widget-image-box\" data-id=\"97cb42b\" data-element_type=\"widget\" data-e-type=\"widget\" data-widget_type=\"image-box.default\">\n\t\t\t\t\t<div class=\"elementor-image-box-wrapper\"><figure class=\"elementor-image-box-img\"><img decoding=\"async\" width=\"1280\" height=\"853\" src=\"https:\/\/nibboh.com\/wp-content\/uploads\/2026\/01\/wind-turbines-601332_1280-1.jpg\" class=\"attachment-full size-full wp-image-2749\" alt=\"\" title=\"\" srcset=\"https:\/\/nibboh.com\/wp-content\/uploads\/2026\/01\/wind-turbines-601332_1280-1.jpg 1280w, https:\/\/nibboh.com\/wp-content\/uploads\/2026\/01\/wind-turbines-601332_1280-1-300x200.jpg 300w, https:\/\/nibboh.com\/wp-content\/uploads\/2026\/01\/wind-turbines-601332_1280-1-1024x682.jpg 1024w, https:\/\/nibboh.com\/wp-content\/uploads\/2026\/01\/wind-turbines-601332_1280-1-768x512.jpg 768w, https:\/\/nibboh.com\/wp-content\/uploads\/2026\/01\/wind-turbines-601332_1280-1-600x400.jpg 600w\" sizes=\"(max-width: 1280px) 100vw, 1280px\" \/><\/figure><div class=\"elementor-image-box-content\"><h3 class=\"elementor-image-box-title\">Generador de turbinas e\u00f3licas<\/h3><\/div><\/div>\t\t\t\t<\/div>\n\t\t\t\t<\/div>\n\t\t\t\t<\/div>\n\t\t\t\t<\/div>\n\t\t\t\t\t<\/div>\n\t\t<\/div>\n\t\t\t\t\t\t<\/div>\n\t\t\t\t\t<\/div>\n\t\t\t\t<\/div>\n\t\t\t\t<\/div>\n\t\t","protected":false},"excerpt":{"rendered":"<p class=\"p1\">Los imanes permanentes AlNiCo pueden clasificarse en AlNiCo fundido y AlNiCo sinterizado seg\u00fan el proceso de fabricaci\u00f3n. Ambos tipos ofrecen buena resistencia a la corrosi\u00f3n, por lo que generalmente no es necesario el recubrimiento superficial. Los imanes AlNiCo pueden producirse en diversas formas y tama\u00f1os seg\u00fan las necesidades del cliente. Con una temperatura m\u00e1xima de funcionamiento superior a 400\u00b0C, cuentan con excelente estabilidad magn\u00e9tica y resistencia a altas temperaturas, lo que las hace ampliamente utilizadas en equipos industriales, instrumentos y dispositivos magn\u00e9ticos.   <\/p>\n","protected":false},"featured_media":1750,"template":"","meta":{"_acf_changed":false},"product_brand":[],"product_cat":[38],"product_tag":[],"class_list":{"0":"post-2827","1":"product","2":"type-product","3":"status-publish","4":"has-post-thumbnail","6":"product_cat-sin-categorizar","8":"first","9":"instock","10":"shipping-taxable","11":"product-type-simple"},"acf":[],"_links":{"self":[{"href":"https:\/\/nibboh.com\/es\/wp-json\/wp\/v2\/product\/2827","targetHints":{"allow":["GET"]}}],"collection":[{"href":"https:\/\/nibboh.com\/es\/wp-json\/wp\/v2\/product"}],"about":[{"href":"https:\/\/nibboh.com\/es\/wp-json\/wp\/v2\/types\/product"}],"version-history":[{"count":1,"href":"https:\/\/nibboh.com\/es\/wp-json\/wp\/v2\/product\/2827\/revisions"}],"predecessor-version":[{"id":2856,"href":"https:\/\/nibboh.com\/es\/wp-json\/wp\/v2\/product\/2827\/revisions\/2856"}],"wp:featuredmedia":[{"embeddable":true,"href":"https:\/\/nibboh.com\/es\/wp-json\/wp\/v2\/media\/1750"}],"wp:attachment":[{"href":"https:\/\/nibboh.com\/es\/wp-json\/wp\/v2\/media?parent=2827"}],"wp:term":[{"taxonomy":"product_brand","embeddable":true,"href":"https:\/\/nibboh.com\/es\/wp-json\/wp\/v2\/product_brand?post=2827"},{"taxonomy":"product_cat","embeddable":true,"href":"https:\/\/nibboh.com\/es\/wp-json\/wp\/v2\/product_cat?post=2827"},{"taxonomy":"product_tag","embeddable":true,"href":"https:\/\/nibboh.com\/es\/wp-json\/wp\/v2\/product_tag?post=2827"}],"curies":[{"name":"wp","href":"https:\/\/api.w.org\/{rel}","templated":true}]}}