{"id":2760,"date":"2026-02-05T16:38:11","date_gmt":"2026-02-05T08:38:11","guid":{"rendered":"https:\/\/nibboh.com\/product\/iman-flexible\/"},"modified":"2026-03-17T10:15:39","modified_gmt":"2026-03-17T02:15:39","slug":"iman-flexible","status":"publish","type":"product","link":"https:\/\/nibboh.com\/es\/producto\/iman-flexible\/","title":{"rendered":"Im\u00e1n flexible"},"content":{"rendered":"\t\t<div data-elementor-type=\"product-post\" data-elementor-id=\"2760\" class=\"elementor elementor-2760 elementor-1181\" data-elementor-post-type=\"product\">\n\t\t\t\t<div class=\"elementor-element elementor-element-c96e620 e-flex e-con-boxed e-con e-parent\" data-id=\"c96e620\" data-element_type=\"container\" data-e-type=\"container\">\n\t\t\t\t\t<div class=\"e-con-inner\">\n\t\t\t\t<div class=\"elementor-element elementor-element-355d224 e-n-tabs-mobile elementor-widget elementor-widget-n-tabs\" data-id=\"355d224\" data-element_type=\"widget\" data-e-type=\"widget\" data-settings=\"{&quot;tabs_justify_horizontal&quot;:&quot;start&quot;,&quot;horizontal_scroll&quot;:&quot;disable&quot;}\" data-widget_type=\"nested-tabs.default\">\n\t\t\t\t\t\t\t<div class=\"e-n-tabs\" data-widget-number=\"55956004\" aria-label=\"Pesta\u00f1as. Abre elementos con Intro o Espacio, ci\u00e9rralos con Escape y navega con las fechas.\">\n\t\t\t<div class=\"e-n-tabs-heading\" role=\"tablist\">\n\t\t\t\t\t<button id=\"e-n-tab-title-559560041\" data-tab-title-id=\"e-n-tab-title-559560041\" class=\"e-n-tab-title\" aria-selected=\"true\" data-tab-index=\"1\" role=\"tab\" tabindex=\"0\" aria-controls=\"e-n-tab-content-559560041\" style=\"--n-tabs-title-order: 1;\">\n\t\t\t\t\t\t<span class=\"e-n-tab-title-text\">\n\t\t\t\tEspecificaciones t\u00e9cnicas\t\t\t<\/span>\n\t\t<\/button>\n\t\t\t\t<button id=\"e-n-tab-title-559560042\" data-tab-title-id=\"e-n-tab-title-559560042\" class=\"e-n-tab-title\" aria-selected=\"false\" data-tab-index=\"2\" role=\"tab\" tabindex=\"-1\" aria-controls=\"e-n-tab-content-559560042\" style=\"--n-tabs-title-order: 2;\">\n\t\t\t\t\t\t<span class=\"e-n-tab-title-text\">\n\t\t\t\t\u00c1reas de aplicaci\u00f3n\t\t\t<\/span>\n\t\t<\/button>\n\t\t\t\t\t<\/div>\n\t\t\t<div class=\"e-n-tabs-content\">\n\t\t\t\t<div id=\"e-n-tab-content-559560041\" role=\"tabpanel\" aria-labelledby=\"e-n-tab-title-559560041\" data-tab-index=\"1\" style=\"--n-tabs-title-order: 1;\" class=\"e-active elementor-element elementor-element-3154562 e-con-full e-flex e-con e-child\" data-id=\"3154562\" data-element_type=\"container\" data-e-type=\"container\">\n\t\t\t\t<div class=\"elementor-element elementor-element-a3911ad elementor-hidden-desktop elementor-hidden-tablet elementor-hidden-mobile elementor-widget elementor-widget-text-editor\" data-id=\"a3911ad\" data-element_type=\"widget\" data-e-type=\"widget\" data-widget_type=\"text-editor.default\">\n\t\t\t\t\t\t\t\t\t<table style=\"border-collapse: collapse; width: 557.02pt;\" border=\"0\" width=\"557\" cellspacing=\"0\" cellpadding=\"0\"><tbody><tr style=\"height: 15.50pt;\"><td class=\"et4\" style=\"height: 15.50pt; width: 120.80pt;\" width=\"120\" height=\"15\">Tipo<\/td><td class=\"et5\" style=\"width: 48.55pt;\" width=\"48\">Grado<\/td><td class=\"et5\" style=\"width: 97.10pt;\" colspan=\"2\" width=\"97\">Br&gt;=<\/td><td class=\"et5\" style=\"width: 97.10pt;\" colspan=\"2\" width=\"97\">Hcb&gt;=<\/td><td class=\"et5\" style=\"width: 97.10pt;\" colspan=\"2\" width=\"97\">Hcj&gt;=<\/td><td class=\"et5\" style=\"width: 97.10pt;\" colspan=\"2\" width=\"97\">BHmax&gt;=<\/td><\/tr><tr style=\"height: 17.60pt;\"><td class=\"et6\" style=\"height: 17.60pt; width: 120.80pt;\" width=\"120\" height=\"17\"> <\/td><td class=\"et6\" style=\"width: 48.55pt;\" width=\"48\"> <\/td><td class=\"et5\" style=\"width: 48.55pt;\" width=\"48\">mT<\/td><td class=\"et5\" style=\"width: 48.55pt;\" width=\"48\">Gs<\/td><td class=\"et5\" style=\"width: 48.55pt;\" width=\"48\">KA\/m<\/td><td class=\"et5\" style=\"width: 48.55pt;\" width=\"48\">Oe<\/td><td class=\"et5\" style=\"width: 48.55pt;\" width=\"48\">KA\/m<\/td><td class=\"et5\" style=\"width: 48.55pt;\" width=\"48\">Oe<\/td><td class=\"et5\" style=\"width: 48.55pt;\" width=\"48\">KJ\/m3<\/td><td class=\"et5\" style=\"width: 48.55pt;\" width=\"48\">MGOe<\/td><\/tr><tr style=\"height: 16.80pt;\"><td class=\"et7\" style=\"height: 16.80pt; width: 120.80pt;\" width=\"120\" height=\"16\">Extruido isotr\u00f3pico<\/td><td class=\"et8\" style=\"width: 48.55pt;\" width=\"48\">TNM-7<\/td><td class=\"et8\" style=\"width: 48.55pt;\" width=\"48\">170<\/td><td class=\"et8\" style=\"width: 48.55pt;\" width=\"48\">1700<\/td><td class=\"et8\" style=\"width: 48.55pt;\" width=\"48\">104<\/td><td class=\"et8\" style=\"width: 48.55pt;\" width=\"48\">1300<\/td><td class=\"et8\" style=\"width: 48.55pt;\" width=\"48\">155<\/td><td class=\"et8\" style=\"width: 48.55pt;\" width=\"48\">1950<\/td><td class=\"et8\" style=\"width: 48.55pt;\" width=\"48\">5.18<\/td><td class=\"et8\" style=\"width: 48.55pt;\" width=\"48\">0.65<\/td><\/tr><tr style=\"height: 16.80pt;\"><td class=\"et4\" style=\"height: 16.80pt; width: 120.80pt;\" width=\"120\" height=\"16\">Calender isotr\u00f3pico<\/td><td class=\"et5\" style=\"width: 48.55pt;\" width=\"48\">TNM-7(S)<\/td><td class=\"et5\" style=\"width: 48.55pt;\" width=\"48\">185<\/td><td class=\"et5\" style=\"width: 48.55pt;\" width=\"48\">1850<\/td><td class=\"et5\" style=\"width: 48.55pt;\" width=\"48\">112<\/td><td class=\"et5\" style=\"width: 48.55pt;\" width=\"48\">1400<\/td><td class=\"et5\" style=\"width: 48.55pt;\" width=\"48\">147<\/td><td class=\"et5\" style=\"width: 48.55pt;\" width=\"48\">1850<\/td><td class=\"et5\" style=\"width: 48.55pt;\" width=\"48\">5.18<\/td><td class=\"et5\" style=\"width: 48.55pt;\" width=\"48\">0.8<\/td><\/tr><tr style=\"height: 16.80pt;\"><td class=\"et7\" style=\"height: 16.80pt; width: 120.80pt;\" width=\"120\" height=\"16\">Semi-Aniso extruido<\/td><td class=\"et8\" style=\"width: 48.55pt;\" width=\"48\">TNM-9<\/td><td class=\"et8\" style=\"width: 48.55pt;\" width=\"48\">180<\/td><td class=\"et8\" style=\"width: 48.55pt;\" width=\"48\">1800<\/td><td class=\"et8\" style=\"width: 48.55pt;\" width=\"48\">115<\/td><td class=\"et8\" style=\"width: 48.55pt;\" width=\"48\">1450<\/td><td class=\"et8\" style=\"width: 48.55pt;\" width=\"48\">167<\/td><td class=\"et8\" style=\"width: 48.55pt;\" width=\"48\">2100<\/td><td class=\"et8\" style=\"width: 48.55pt;\" width=\"48\">5.97<\/td><td class=\"et8\" style=\"width: 48.55pt;\" width=\"48\">0.75<\/td><\/tr><tr style=\"height: 16.80pt;\"><td class=\"et4\" style=\"height: 16.80pt; width: 120.80pt;\" width=\"120\" height=\"16\">Calendario semi-aniso<\/td><td class=\"et5\" style=\"width: 48.55pt;\" width=\"48\">TNM-9(S)<\/td><td class=\"et5\" style=\"width: 48.55pt;\" width=\"48\">200<\/td><td class=\"et5\" style=\"width: 48.55pt;\" width=\"48\">2000<\/td><td class=\"et5\" style=\"width: 48.55pt;\" width=\"48\">119<\/td><td class=\"et5\" style=\"width: 48.55pt;\" width=\"48\">1500<\/td><td class=\"et5\" style=\"width: 48.55pt;\" width=\"48\">151<\/td><td class=\"et5\" style=\"width: 48.55pt;\" width=\"48\">1900<\/td><td class=\"et5\" style=\"width: 48.55pt;\" width=\"48\">6.77<\/td><td class=\"et5\" style=\"width: 48.55pt;\" width=\"48\">0.85<\/td><\/tr><tr style=\"height: 16.80pt;\"><td class=\"et7\" style=\"height: 16.80pt; width: 120.80pt;\" width=\"120\" height=\"16\">Extruido anisotr\u00f3pico<\/td><td class=\"et8\" style=\"width: 48.55pt;\" width=\"48\">TNM-12<\/td><td class=\"et8\" style=\"width: 48.55pt;\" width=\"48\">210<\/td><td class=\"et8\" style=\"width: 48.55pt;\" width=\"48\">2100<\/td><td class=\"et8\" style=\"width: 48.55pt;\" width=\"48\">143<\/td><td class=\"et9\" style=\"width: 48.55pt;\" width=\"48\">1800<\/td><td class=\"et8\" style=\"width: 48.55pt;\" width=\"48\">199<\/td><td class=\"et8\" style=\"width: 48.55pt;\" width=\"48\">2550<\/td><td class=\"et8\" style=\"width: 48.55pt;\" width=\"48\">8.76<\/td><td class=\"et8\" style=\"width: 48.55pt;\" width=\"48\">1.1<\/td><\/tr><tr style=\"height: 16.80pt;\"><td class=\"et4\" style=\"height: 16.80pt; width: 120.80pt;\" width=\"120\" height=\"16\">Calandro anisotr\u00f3pico<\/td><td class=\"et5\" style=\"width: 48.55pt;\" width=\"48\">TNM-12S<\/td><td class=\"et5\" style=\"width: 48.55pt;\" width=\"48\">245<\/td><td class=\"et5\" style=\"width: 48.55pt;\" width=\"48\">2450<\/td><td class=\"et5\" style=\"width: 48.55pt;\" width=\"48\">167<\/td><td class=\"et5\" style=\"width: 48.55pt;\" width=\"48\">2100<\/td><td class=\"et5\" style=\"width: 48.55pt;\" width=\"48\">199<\/td><td class=\"et5\" style=\"width: 48.55pt;\" width=\"48\">2500<\/td><td class=\"et5\" style=\"width: 48.55pt;\" width=\"48\">11.15<\/td><td class=\"et5\" style=\"width: 48.55pt;\" width=\"48\">1.4<\/td><\/tr><tr style=\"height: 16.80pt;\"><td class=\"et7\" style=\"height: 16.80pt; width: 120.80pt;\" width=\"120\" height=\"16\">Extruido reforzado<\/td><td class=\"et8\" style=\"width: 48.55pt;\" width=\"48\">TNM-13<\/td><td class=\"et8\" style=\"width: 48.55pt;\" width=\"48\">225<\/td><td class=\"et8\" style=\"width: 48.55pt;\" width=\"48\">2250<\/td><td class=\"et8\" style=\"width: 48.55pt;\" width=\"48\">155<\/td><td class=\"et8\" style=\"width: 48.55pt;\" width=\"48\">1950<\/td><td class=\"et8\" style=\"width: 48.55pt;\" width=\"48\">223<\/td><td class=\"et8\" style=\"width: 48.55pt;\" width=\"48\">3000<\/td><td class=\"et8\" style=\"width: 48.55pt;\" width=\"48\">9.95<\/td><td class=\"et8\" style=\"width: 48.55pt;\" width=\"48\">1.25<\/td><\/tr><tr style=\"height: 16.80pt;\"><td class=\"et4\" style=\"height: 16.80pt; width: 120.80pt;\" width=\"120\" height=\"16\">Calendario reforzado<\/td><td class=\"et5\" style=\"width: 48.55pt;\" width=\"48\">TNM-13S<\/td><td class=\"et5\" style=\"width: 48.55pt;\" width=\"48\">260<\/td><td class=\"et5\" style=\"width: 48.55pt;\" width=\"48\">2600<\/td><td class=\"et5\" style=\"width: 48.55pt;\" width=\"48\">179<\/td><td class=\"et5\" style=\"width: 48.55pt;\" width=\"48\">2250<\/td><td class=\"et5\" style=\"width: 48.55pt;\" width=\"48\">207<\/td><td class=\"et5\" style=\"width: 48.55pt;\" width=\"48\">2600<\/td><td class=\"et5\" style=\"width: 48.55pt;\" width=\"48\">13.14<\/td><td class=\"et5\" style=\"width: 48.55pt;\" width=\"48\">1.65<\/td><\/tr><\/tbody><\/table>\t\t\t\t\t\t\t\t<\/div>\n\t\t\t\t<div class=\"elementor-element elementor-element-646a1dc elementor-widget elementor-widget-image\" data-id=\"646a1dc\" data-element_type=\"widget\" data-e-type=\"widget\" data-widget_type=\"image.default\">\n\t\t\t\t\t\t\t\t\t\t\t\t\t\t\t\t<a href=\"https:\/\/nibboh.com\/wp-content\/uploads\/2026\/01\/\u6a61\u80f6\u78c1.png\" data-elementor-open-lightbox=\"yes\" data-elementor-lightbox-title=\"a\" data-e-action-hash=\"#elementor-action%3Aaction%3Dlightbox%26settings%3DeyJpZCI6Mjc3NCwidXJsIjoiaHR0cHM6XC9cL25pYmJvaC5jb21cL3dwLWNvbnRlbnRcL3VwbG9hZHNcLzIwMjZcLzAxXC9cdTZhNjFcdTgwZjZcdTc4YzEucG5nIn0%3D\">\n\t\t\t\t\t\t\t<img fetchpriority=\"high\" decoding=\"async\" width=\"1101\" height=\"479\" src=\"https:\/\/nibboh.com\/wp-content\/uploads\/2026\/01\/\u6a61\u80f6\u78c1.png\" class=\"attachment-full size-full wp-image-2774\" alt=\"\" srcset=\"https:\/\/nibboh.com\/wp-content\/uploads\/2026\/01\/\u6a61\u80f6\u78c1.png 1101w, https:\/\/nibboh.com\/wp-content\/uploads\/2026\/01\/\u6a61\u80f6\u78c1-300x131.png 300w, https:\/\/nibboh.com\/wp-content\/uploads\/2026\/01\/\u6a61\u80f6\u78c1-1024x446.png 1024w, https:\/\/nibboh.com\/wp-content\/uploads\/2026\/01\/\u6a61\u80f6\u78c1-768x334.png 768w, https:\/\/nibboh.com\/wp-content\/uploads\/2026\/01\/\u6a61\u80f6\u78c1-600x261.png 600w\" sizes=\"(max-width: 1101px) 100vw, 1101px\" title=\"\">\t\t\t\t\t\t\t\t<\/a>\n\t\t\t\t\t\t\t\t\t\t\t\t\t\t\t<\/div>\n\t\t\t\t<\/div>\n\t\t<div id=\"e-n-tab-content-559560042\" role=\"tabpanel\" aria-labelledby=\"e-n-tab-title-559560042\" data-tab-index=\"2\" style=\"--n-tabs-title-order: 2;\" class=\" elementor-element elementor-element-2f843b5 e-con-full e-flex e-con e-child\" data-id=\"2f843b5\" data-element_type=\"container\" data-e-type=\"container\">\n\t\t<div class=\"elementor-element elementor-element-4fefff9 e-con-full e-flex e-con e-child\" data-id=\"4fefff9\" data-element_type=\"container\" data-e-type=\"container\" data-settings=\"{&quot;background_background&quot;:&quot;classic&quot;}\">\n\t\t\t\t<div class=\"elementor-element elementor-element-4131363 elementor-widget elementor-widget-text-editor\" data-id=\"4131363\" data-element_type=\"widget\" data-e-type=\"widget\" data-widget_type=\"text-editor.default\">\n\t\t\t\t\t\t\t\t\t<p class=\"p1\">Los imanes moldeados por inyecci\u00f3n son imanes permanentes de tipo pl\u00e1stico formados combinando polvos magn\u00e9ticos con materiales polim\u00e9ricos, lo que permite moldear formas complejas de forma integral con alta precisi\u00f3n y estabilidad.  <\/p>\t\t\t\t\t\t\t\t<\/div>\n\t\t<div class=\"elementor-element elementor-element-22c538a e-grid e-con-full elementor-hidden-desktop elementor-hidden-tablet elementor-hidden-mobile e-con e-child\" data-id=\"22c538a\" data-element_type=\"container\" data-e-type=\"container\">\n\t\t\t\t<div class=\"elementor-element elementor-element-a35ffb8 elementor-position-top elementor-widget elementor-widget-image-box\" data-id=\"a35ffb8\" data-element_type=\"widget\" data-e-type=\"widget\" data-widget_type=\"image-box.default\">\n\t\t\t\t\t<div class=\"elementor-image-box-wrapper\"><figure class=\"elementor-image-box-img\"><img decoding=\"async\" width=\"1280\" height=\"853\" src=\"https:\/\/nibboh.com\/wp-content\/uploads\/2026\/01\/wind-turbines-601332_1280-1.jpg\" class=\"attachment-full size-full wp-image-2749\" alt=\"\" title=\"\" srcset=\"https:\/\/nibboh.com\/wp-content\/uploads\/2026\/01\/wind-turbines-601332_1280-1.jpg 1280w, https:\/\/nibboh.com\/wp-content\/uploads\/2026\/01\/wind-turbines-601332_1280-1-300x200.jpg 300w, https:\/\/nibboh.com\/wp-content\/uploads\/2026\/01\/wind-turbines-601332_1280-1-1024x682.jpg 1024w, https:\/\/nibboh.com\/wp-content\/uploads\/2026\/01\/wind-turbines-601332_1280-1-768x512.jpg 768w, https:\/\/nibboh.com\/wp-content\/uploads\/2026\/01\/wind-turbines-601332_1280-1-600x400.jpg 600w\" sizes=\"(max-width: 1280px) 100vw, 1280px\" \/><\/figure><div class=\"elementor-image-box-content\"><h3 class=\"elementor-image-box-title\">Generador de turbinas e\u00f3licas<\/h3><\/div><\/div>\t\t\t\t<\/div>\n\t\t\t\t<div class=\"elementor-element elementor-element-5841a34 elementor-position-top elementor-widget elementor-widget-image-box\" data-id=\"5841a34\" data-element_type=\"widget\" data-e-type=\"widget\" data-widget_type=\"image-box.default\">\n\t\t\t\t\t<div class=\"elementor-image-box-wrapper\"><figure class=\"elementor-image-box-img\"><img decoding=\"async\" width=\"1280\" height=\"853\" src=\"https:\/\/nibboh.com\/wp-content\/uploads\/2026\/01\/wind-turbines-601332_1280-1.jpg\" class=\"attachment-full size-full wp-image-2749\" alt=\"\" title=\"\" srcset=\"https:\/\/nibboh.com\/wp-content\/uploads\/2026\/01\/wind-turbines-601332_1280-1.jpg 1280w, https:\/\/nibboh.com\/wp-content\/uploads\/2026\/01\/wind-turbines-601332_1280-1-300x200.jpg 300w, https:\/\/nibboh.com\/wp-content\/uploads\/2026\/01\/wind-turbines-601332_1280-1-1024x682.jpg 1024w, https:\/\/nibboh.com\/wp-content\/uploads\/2026\/01\/wind-turbines-601332_1280-1-768x512.jpg 768w, https:\/\/nibboh.com\/wp-content\/uploads\/2026\/01\/wind-turbines-601332_1280-1-600x400.jpg 600w\" sizes=\"(max-width: 1280px) 100vw, 1280px\" \/><\/figure><div class=\"elementor-image-box-content\"><h3 class=\"elementor-image-box-title\">Generador de turbinas e\u00f3licas<\/h3><\/div><\/div>\t\t\t\t<\/div>\n\t\t\t\t<div class=\"elementor-element elementor-element-8c7c9c3 elementor-position-top elementor-widget elementor-widget-image-box\" data-id=\"8c7c9c3\" data-element_type=\"widget\" data-e-type=\"widget\" data-widget_type=\"image-box.default\">\n\t\t\t\t\t<div class=\"elementor-image-box-wrapper\"><figure class=\"elementor-image-box-img\"><img decoding=\"async\" width=\"1280\" height=\"853\" src=\"https:\/\/nibboh.com\/wp-content\/uploads\/2026\/01\/wind-turbines-601332_1280-1.jpg\" class=\"attachment-full size-full wp-image-2749\" alt=\"\" title=\"\" srcset=\"https:\/\/nibboh.com\/wp-content\/uploads\/2026\/01\/wind-turbines-601332_1280-1.jpg 1280w, https:\/\/nibboh.com\/wp-content\/uploads\/2026\/01\/wind-turbines-601332_1280-1-300x200.jpg 300w, https:\/\/nibboh.com\/wp-content\/uploads\/2026\/01\/wind-turbines-601332_1280-1-1024x682.jpg 1024w, https:\/\/nibboh.com\/wp-content\/uploads\/2026\/01\/wind-turbines-601332_1280-1-768x512.jpg 768w, https:\/\/nibboh.com\/wp-content\/uploads\/2026\/01\/wind-turbines-601332_1280-1-600x400.jpg 600w\" sizes=\"(max-width: 1280px) 100vw, 1280px\" \/><\/figure><div class=\"elementor-image-box-content\"><h3 class=\"elementor-image-box-title\">Generador de turbinas e\u00f3licas<\/h3><\/div><\/div>\t\t\t\t<\/div>\n\t\t\t\t<\/div>\n\t\t\t\t<\/div>\n\t\t\t\t<\/div>\n\t\t\t\t\t<\/div>\n\t\t<\/div>\n\t\t\t\t\t\t<\/div>\n\t\t\t\t\t<\/div>\n\t\t\t\t<\/div>\n\t\t\t\t<\/div>\n\t\t","protected":false},"excerpt":{"rendered":"<p class=\"p1\">Los imanes de goma son materiales magn\u00e9ticos flexibles fabricados combinando polvos magn\u00e9ticos de ferrita con caucho sint\u00e9tico mediante extrusi\u00f3n, calenestramiento, moldeo por inyecci\u00f3n u procesos similares. Se pueden doblar o cortar a voluntad, presentan una resistencia magn\u00e9tica moderada, son ligeros y f\u00e1ciles de procesar. Pueden hacerse en rollos, hojas o formas personalizadas, con recubrimientos superficiales opcionales o pel\u00edculas. Los imanes de goma se utilizan ampliamente en imanes de frigor\u00edfico, papeler\u00eda y herramientas educativas, carteles publicitarios, tiras de sellado para puertas y ventanas, y peque\u00f1os componentes de motores.   <\/p>\n","protected":false},"featured_media":1744,"template":"","meta":{"_acf_changed":false},"product_brand":[],"product_cat":[38],"product_tag":[],"class_list":{"0":"post-2760","1":"product","2":"type-product","3":"status-publish","4":"has-post-thumbnail","6":"product_cat-sin-categorizar","8":"first","9":"instock","10":"shipping-taxable","11":"product-type-simple"},"acf":[],"_links":{"self":[{"href":"https:\/\/nibboh.com\/es\/wp-json\/wp\/v2\/product\/2760","targetHints":{"allow":["GET"]}}],"collection":[{"href":"https:\/\/nibboh.com\/es\/wp-json\/wp\/v2\/product"}],"about":[{"href":"https:\/\/nibboh.com\/es\/wp-json\/wp\/v2\/types\/product"}],"version-history":[{"count":1,"href":"https:\/\/nibboh.com\/es\/wp-json\/wp\/v2\/product\/2760\/revisions"}],"predecessor-version":[{"id":2784,"href":"https:\/\/nibboh.com\/es\/wp-json\/wp\/v2\/product\/2760\/revisions\/2784"}],"wp:featuredmedia":[{"embeddable":true,"href":"https:\/\/nibboh.com\/es\/wp-json\/wp\/v2\/media\/1744"}],"wp:attachment":[{"href":"https:\/\/nibboh.com\/es\/wp-json\/wp\/v2\/media?parent=2760"}],"wp:term":[{"taxonomy":"product_brand","embeddable":true,"href":"https:\/\/nibboh.com\/es\/wp-json\/wp\/v2\/product_brand?post=2760"},{"taxonomy":"product_cat","embeddable":true,"href":"https:\/\/nibboh.com\/es\/wp-json\/wp\/v2\/product_cat?post=2760"},{"taxonomy":"product_tag","embeddable":true,"href":"https:\/\/nibboh.com\/es\/wp-json\/wp\/v2\/product_tag?post=2760"}],"curies":[{"name":"wp","href":"https:\/\/api.w.org\/{rel}","templated":true}]}}