{"id":2740,"date":"2026-02-05T16:57:47","date_gmt":"2026-02-05T08:57:47","guid":{"rendered":"https:\/\/nibboh.com\/product\/tubo-magnetico-barra\/"},"modified":"2026-03-17T10:15:39","modified_gmt":"2026-03-17T02:15:39","slug":"tubo-magnetico-barra","status":"publish","type":"product","link":"https:\/\/nibboh.com\/es\/producto\/tubo-magnetico-barra\/","title":{"rendered":"Tubo magn\u00e9tico (barra)"},"content":{"rendered":"\t\t<div data-elementor-type=\"product-post\" data-elementor-id=\"2740\" class=\"elementor elementor-2740 elementor-1210\" data-elementor-post-type=\"product\">\n\t\t\t\t<div class=\"elementor-element elementor-element-c96e620 e-con-full e-flex e-con e-parent\" data-id=\"c96e620\" data-element_type=\"container\" data-e-type=\"container\">\n\t\t\t\t<div class=\"elementor-element elementor-element-355d224 e-n-tabs-mobile elementor-widget elementor-widget-n-tabs\" data-id=\"355d224\" data-element_type=\"widget\" data-e-type=\"widget\" data-settings=\"{&quot;tabs_justify_horizontal&quot;:&quot;start&quot;,&quot;horizontal_scroll&quot;:&quot;disable&quot;}\" data-widget_type=\"nested-tabs.default\">\n\t\t\t\t\t\t\t<div class=\"e-n-tabs\" data-widget-number=\"55956004\" aria-label=\"Pesta\u00f1as. Abre elementos con Intro o Espacio, ci\u00e9rralos con Escape y navega con las fechas.\">\n\t\t\t<div class=\"e-n-tabs-heading\" role=\"tablist\">\n\t\t\t\t\t<button id=\"e-n-tab-title-559560041\" data-tab-title-id=\"e-n-tab-title-559560041\" class=\"e-n-tab-title\" aria-selected=\"true\" data-tab-index=\"1\" role=\"tab\" tabindex=\"0\" aria-controls=\"e-n-tab-content-559560041\" style=\"--n-tabs-title-order: 1;\">\n\t\t\t\t\t\t<span class=\"e-n-tab-title-text\">\n\t\t\t\tEspecificaciones t\u00e9cnicas\t\t\t<\/span>\n\t\t<\/button>\n\t\t\t\t<button id=\"e-n-tab-title-559560042\" data-tab-title-id=\"e-n-tab-title-559560042\" class=\"e-n-tab-title\" aria-selected=\"false\" data-tab-index=\"2\" role=\"tab\" tabindex=\"-1\" aria-controls=\"e-n-tab-content-559560042\" style=\"--n-tabs-title-order: 2;\">\n\t\t\t\t\t\t<span class=\"e-n-tab-title-text\">\n\t\t\t\t\u00c1reas de aplicaci\u00f3n\t\t\t<\/span>\n\t\t<\/button>\n\t\t\t\t\t<\/div>\n\t\t\t<div class=\"e-n-tabs-content\">\n\t\t\t\t<div id=\"e-n-tab-content-559560041\" role=\"tabpanel\" aria-labelledby=\"e-n-tab-title-559560041\" data-tab-index=\"1\" style=\"--n-tabs-title-order: 1;\" class=\"e-active elementor-element elementor-element-3154562 e-con-full e-flex e-con e-child\" data-id=\"3154562\" data-element_type=\"container\" data-e-type=\"container\">\n\t\t\t\t<div class=\"elementor-element elementor-element-a3911ad elementor-hidden-desktop elementor-hidden-tablet elementor-hidden-mobile elementor-widget elementor-widget-text-editor\" data-id=\"a3911ad\" data-element_type=\"widget\" data-e-type=\"widget\" data-widget_type=\"text-editor.default\">\n\t\t\t\t\t\t\t\t\t<table style=\"border-collapse: collapse; width: 388.02pt;\" border=\"0\" width=\"388\" cellspacing=\"0\" cellpadding=\"0\"><tbody><tr style=\"height: 16.00pt;\"><td class=\"et3\" style=\"height: 16.00pt; width: 48.55pt;\" width=\"48\" height=\"16\"> <\/td><td class=\"et3\" style=\"width: 48.55pt;\" width=\"48\">0,25T<\/td><td class=\"et3\" style=\"width: 48.55pt;\" width=\"48\">0,5T<\/td><td class=\"et3\" style=\"width: 48.55pt;\" width=\"48\">0,7T<\/td><td class=\"et3\" style=\"width: 48.55pt;\" width=\"48\">0,9T<\/td><td class=\"et3\" style=\"width: 48.55pt;\" width=\"48\">1T<\/td><td class=\"et3\" style=\"width: 48.55pt;\" width=\"48\">1.1T<\/td><td class=\"et3\" style=\"width: 48.55pt;\" width=\"48\">1.2T<\/td><\/tr><tr style=\"height: 32.00pt;\"><td class=\"et4\" style=\"height: 32.00pt; width: 48.55pt;\" width=\"48\" height=\"32\">\u03a619 (0.75&#8243;)<\/td><td class=\"et4\" style=\"width: 48.55pt;\" width=\"48\">\u221aEH<\/td><td class=\"et4\" style=\"width: 48.55pt;\" width=\"48\">\u221aEH<\/td><td class=\"et4\" style=\"width: 48.55pt;\" width=\"48\">\u221aEH<\/td><td class=\"et4\" style=\"width: 48.55pt;\" width=\"48\">\u221aH<\/td><td class=\"et4\" style=\"width: 48.55pt;\" width=\"48\">\u221aM<\/td><td class=\"et4\" style=\"width: 48.55pt;\" width=\"48\"><span class=\"font3\">\uff0d<\/span><\/td><td class=\"et4\" style=\"width: 48.55pt;\" width=\"48\"><span class=\"font3\">\uff0d<\/span><\/td><\/tr><tr style=\"height: 32.00pt;\"><td class=\"et3\" style=\"height: 32.00pt; width: 48.55pt;\" width=\"48\" height=\"32\">\u03a622 (0.85&#8243;)<\/td><td class=\"et3\" style=\"width: 48.55pt;\" width=\"48\">\u221aEH<\/td><td class=\"et3\" style=\"width: 48.55pt;\" width=\"48\">\u221aEH<\/td><td class=\"et3\" style=\"width: 48.55pt;\" width=\"48\">\u221aEH<\/td><td class=\"et3\" style=\"width: 48.55pt;\" width=\"48\">\u221aH<\/td><td class=\"et3\" style=\"width: 48.55pt;\" width=\"48\">\u221aM<\/td><td class=\"et3\" style=\"width: 48.55pt;\" width=\"48\">\u221aN<\/td><td class=\"et3\" style=\"width: 48.55pt;\" width=\"48\"><span class=\"font3\">\uff0d<\/span><\/td><\/tr><tr style=\"height: 32.00pt;\"><td class=\"et4\" style=\"height: 32.00pt; width: 48.55pt;\" width=\"48\" height=\"32\">\u03a625 (1.00&#8243;)<\/td><td class=\"et4\" style=\"width: 48.55pt;\" width=\"48\">\u221aEH<\/td><td class=\"et4\" style=\"width: 48.55pt;\" width=\"48\">\u221aEH<\/td><td class=\"et4\" style=\"width: 48.55pt;\" width=\"48\">\u221aEH<\/td><td class=\"et4\" style=\"width: 48.55pt;\" width=\"48\">\u221aSH<\/td><td class=\"et4\" style=\"width: 48.55pt;\" width=\"48\">\u221aH<\/td><td class=\"et4\" style=\"width: 48.55pt;\" width=\"48\">\u221aM<\/td><td class=\"et4\" style=\"width: 48.55pt;\" width=\"48\">\u221aN<\/td><\/tr><tr style=\"height: 32.00pt;\"><td class=\"et3\" style=\"height: 32.00pt; width: 48.55pt;\" width=\"48\" height=\"32\">\u03a632 (1.25&#8243;)<\/td><td class=\"et3\" style=\"width: 48.55pt;\" width=\"48\">\u221aEH<\/td><td class=\"et3\" style=\"width: 48.55pt;\" width=\"48\">\u221aEH<\/td><td class=\"et3\" style=\"width: 48.55pt;\" width=\"48\">\u221aEH<\/td><td class=\"et3\" style=\"width: 48.55pt;\" width=\"48\">\u221aSH<\/td><td class=\"et3\" style=\"width: 48.55pt;\" width=\"48\">\u221aH<\/td><td class=\"et3\" style=\"width: 48.55pt;\" width=\"48\">\u221aM<\/td><td class=\"et3\" style=\"width: 48.55pt;\" width=\"48\">\u221aN<\/td><\/tr><tr style=\"height: 32.00pt;\"><td class=\"et3\" style=\"height: 32.00pt; width: 48.55pt;\" width=\"48\" height=\"32\">\u03a638 (1.50&#8243;)<\/td><td class=\"et3\" style=\"width: 48.55pt;\" width=\"48\">\u221aEH<\/td><td class=\"et3\" style=\"width: 48.55pt;\" width=\"48\">\u221aEH<\/td><td class=\"et3\" style=\"width: 48.55pt;\" width=\"48\">\u221aEH<\/td><td class=\"et3\" style=\"width: 48.55pt;\" width=\"48\">\u221aEH<\/td><td class=\"et3\" style=\"width: 48.55pt;\" width=\"48\">\u221aSH<\/td><td class=\"et3\" style=\"width: 48.55pt;\" width=\"48\">\u221aH<\/td><td class=\"et3\" style=\"width: 48.55pt;\" width=\"48\">\u221aM<\/td><\/tr><tr style=\"height: 32.00pt;\"><td class=\"et3\" style=\"height: 32.00pt; width: 48.55pt;\" width=\"48\" height=\"32\">\u03a650 (1.75&#8243;)<\/td><td class=\"et3\" style=\"width: 48.55pt;\" width=\"48\">\u221aEH<\/td><td class=\"et3\" style=\"width: 48.55pt;\" width=\"48\">\u221aEH<\/td><td class=\"et3\" style=\"width: 48.55pt;\" width=\"48\">\u221aEH<\/td><td class=\"et3\" style=\"width: 48.55pt;\" width=\"48\">\u221aEH<\/td><td class=\"et3\" style=\"width: 48.55pt;\" width=\"48\">\u221aSH<\/td><td class=\"et3\" style=\"width: 48.55pt;\" width=\"48\">\u221aH<\/td><td class=\"et3\" style=\"width: 48.55pt;\" width=\"48\">\u221aM<\/td><\/tr><tr style=\"height: 32.00pt;\"><td class=\"et4\" style=\"height: 32.00pt; width: 48.55pt;\" width=\"48\" height=\"32\">\u03a676 (3.00&#8243;)<\/td><td class=\"et4\" style=\"width: 48.55pt;\" width=\"48\">\u221aEH<\/td><td class=\"et4\" style=\"width: 48.55pt;\" width=\"48\">\u221aEH<\/td><td class=\"et4\" style=\"width: 48.55pt;\" width=\"48\">\u221aEH<\/td><td class=\"et4\" style=\"width: 48.55pt;\" width=\"48\">\u221aEH<\/td><td class=\"et4\" style=\"width: 48.55pt;\" width=\"48\">\u221aEH<\/td><td class=\"et4\" style=\"width: 48.55pt;\" width=\"48\">\u221aSH<\/td><td class=\"et4\" style=\"width: 48.55pt;\" width=\"48\">\u221aH<\/td><\/tr><tr style=\"height: 47.00pt;\"><td class=\"et3\" style=\"height: 47.00pt; width: 48.55pt;\" width=\"48\" height=\"47\">\u03a6100(4.00&#8243;)<\/td><td class=\"et3\" style=\"width: 48.55pt;\" width=\"48\">\u221aEH<\/td><td class=\"et3\" style=\"width: 48.55pt;\" width=\"48\">\u221aEH<\/td><td class=\"et3\" style=\"width: 48.55pt;\" width=\"48\">\u221aEH<\/td><td class=\"et3\" style=\"width: 48.55pt;\" width=\"48\">\u221aEH<\/td><td class=\"et3\" style=\"width: 48.55pt;\" width=\"48\">\u221aEH<\/td><td class=\"et3\" style=\"width: 48.55pt;\" width=\"48\">\u221aSH<\/td><td class=\"et3\" style=\"width: 48.55pt;\" width=\"48\">\u221aH<\/td><\/tr><\/tbody><\/table>\t\t\t\t\t\t\t\t<\/div>\n\t\t\t\t<div class=\"elementor-element elementor-element-646a1dc elementor-widget elementor-widget-image\" data-id=\"646a1dc\" data-element_type=\"widget\" data-e-type=\"widget\" data-widget_type=\"image.default\">\n\t\t\t\t\t\t\t\t\t\t\t\t\t\t\t\t<a href=\"https:\/\/nibboh.com\/wp-content\/uploads\/2026\/01\/\u78c1\u529b\u68d2.png\" data-elementor-open-lightbox=\"yes\" data-elementor-lightbox-title=\"\u78c1\u529b\u68d2\" data-e-action-hash=\"#elementor-action%3Aaction%3Dlightbox%26settings%3DeyJpZCI6Mjc0OCwidXJsIjoiaHR0cHM6XC9cL25pYmJvaC5jb21cL3dwLWNvbnRlbnRcL3VwbG9hZHNcLzIwMjZcLzAxXC9cdTc4YzFcdTUyOWJcdTY4ZDIucG5nIn0%3D\">\n\t\t\t\t\t\t\t<img fetchpriority=\"high\" decoding=\"async\" width=\"905\" height=\"478\" src=\"https:\/\/nibboh.com\/wp-content\/uploads\/2026\/01\/\u78c1\u529b\u68d2.png\" class=\"attachment-full size-full wp-image-2748\" alt=\"\" srcset=\"https:\/\/nibboh.com\/wp-content\/uploads\/2026\/01\/\u78c1\u529b\u68d2.png 905w, https:\/\/nibboh.com\/wp-content\/uploads\/2026\/01\/\u78c1\u529b\u68d2-300x158.png 300w, https:\/\/nibboh.com\/wp-content\/uploads\/2026\/01\/\u78c1\u529b\u68d2-768x406.png 768w, https:\/\/nibboh.com\/wp-content\/uploads\/2026\/01\/\u78c1\u529b\u68d2-600x317.png 600w\" sizes=\"(max-width: 905px) 100vw, 905px\" title=\"\">\t\t\t\t\t\t\t\t<\/a>\n\t\t\t\t\t\t\t\t\t\t\t\t\t\t\t<\/div>\n\t\t\t\t<\/div>\n\t\t<div id=\"e-n-tab-content-559560042\" role=\"tabpanel\" aria-labelledby=\"e-n-tab-title-559560042\" data-tab-index=\"2\" style=\"--n-tabs-title-order: 2;\" class=\" elementor-element elementor-element-2f843b5 e-con-full e-flex e-con e-child\" data-id=\"2f843b5\" data-element_type=\"container\" data-e-type=\"container\">\n\t\t<div class=\"elementor-element elementor-element-4fefff9 e-con-full e-flex e-con e-child\" data-id=\"4fefff9\" data-element_type=\"container\" data-e-type=\"container\" data-settings=\"{&quot;background_background&quot;:&quot;classic&quot;}\">\n\t\t\t\t<div class=\"elementor-element elementor-element-4131363 elementor-widget elementor-widget-text-editor\" data-id=\"4131363\" data-element_type=\"widget\" data-e-type=\"widget\" data-widget_type=\"text-editor.default\">\n\t\t\t\t\t\t\t\t\t<p class=\"p1\">Las varillas magn\u00e9ticas son separadores magn\u00e9ticos potentes con imanes permanentes incorporados y carcasas exteriores de acero inoxidable. Capturan de forma eficiente impurezas ferromagn\u00e9ticas en l\u00edquidos o lodos y se utilizan ampliamente en procesos de purificaci\u00f3n de materiales en las industrias alimentaria, qu\u00edmica y farmac\u00e9utica.   <\/p>\t\t\t\t\t\t\t\t<\/div>\n\t\t<div class=\"elementor-element elementor-element-22c538a e-grid e-con-full elementor-hidden-desktop elementor-hidden-tablet elementor-hidden-mobile e-con e-child\" data-id=\"22c538a\" data-element_type=\"container\" data-e-type=\"container\">\n\t\t\t\t<div class=\"elementor-element elementor-element-a35ffb8 elementor-position-top elementor-widget elementor-widget-image-box\" data-id=\"a35ffb8\" data-element_type=\"widget\" data-e-type=\"widget\" data-widget_type=\"image-box.default\">\n\t\t\t\t\t<div class=\"elementor-image-box-wrapper\"><figure class=\"elementor-image-box-img\"><img decoding=\"async\" width=\"1280\" height=\"853\" src=\"https:\/\/nibboh.com\/wp-content\/uploads\/2026\/01\/wind-turbines-601332_1280-1.jpg\" class=\"attachment-full size-full wp-image-2749\" alt=\"\" title=\"\" srcset=\"https:\/\/nibboh.com\/wp-content\/uploads\/2026\/01\/wind-turbines-601332_1280-1.jpg 1280w, https:\/\/nibboh.com\/wp-content\/uploads\/2026\/01\/wind-turbines-601332_1280-1-300x200.jpg 300w, https:\/\/nibboh.com\/wp-content\/uploads\/2026\/01\/wind-turbines-601332_1280-1-1024x682.jpg 1024w, https:\/\/nibboh.com\/wp-content\/uploads\/2026\/01\/wind-turbines-601332_1280-1-768x512.jpg 768w, https:\/\/nibboh.com\/wp-content\/uploads\/2026\/01\/wind-turbines-601332_1280-1-600x400.jpg 600w\" sizes=\"(max-width: 1280px) 100vw, 1280px\" \/><\/figure><div class=\"elementor-image-box-content\"><h3 class=\"elementor-image-box-title\">Generador de turbinas e\u00f3licas<\/h3><\/div><\/div>\t\t\t\t<\/div>\n\t\t\t\t<div class=\"elementor-element elementor-element-5841a34 elementor-position-top elementor-widget elementor-widget-image-box\" data-id=\"5841a34\" data-element_type=\"widget\" data-e-type=\"widget\" data-widget_type=\"image-box.default\">\n\t\t\t\t\t<div class=\"elementor-image-box-wrapper\"><figure class=\"elementor-image-box-img\"><img decoding=\"async\" width=\"1280\" height=\"853\" src=\"https:\/\/nibboh.com\/wp-content\/uploads\/2026\/01\/wind-turbines-601332_1280-1.jpg\" class=\"attachment-full size-full wp-image-2749\" alt=\"\" title=\"\" srcset=\"https:\/\/nibboh.com\/wp-content\/uploads\/2026\/01\/wind-turbines-601332_1280-1.jpg 1280w, https:\/\/nibboh.com\/wp-content\/uploads\/2026\/01\/wind-turbines-601332_1280-1-300x200.jpg 300w, https:\/\/nibboh.com\/wp-content\/uploads\/2026\/01\/wind-turbines-601332_1280-1-1024x682.jpg 1024w, https:\/\/nibboh.com\/wp-content\/uploads\/2026\/01\/wind-turbines-601332_1280-1-768x512.jpg 768w, https:\/\/nibboh.com\/wp-content\/uploads\/2026\/01\/wind-turbines-601332_1280-1-600x400.jpg 600w\" sizes=\"(max-width: 1280px) 100vw, 1280px\" \/><\/figure><div class=\"elementor-image-box-content\"><h3 class=\"elementor-image-box-title\">Generador de turbinas e\u00f3licas<\/h3><\/div><\/div>\t\t\t\t<\/div>\n\t\t\t\t<div class=\"elementor-element elementor-element-8c7c9c3 elementor-position-top elementor-widget elementor-widget-image-box\" data-id=\"8c7c9c3\" data-element_type=\"widget\" data-e-type=\"widget\" data-widget_type=\"image-box.default\">\n\t\t\t\t\t<div class=\"elementor-image-box-wrapper\"><figure class=\"elementor-image-box-img\"><img decoding=\"async\" width=\"1280\" height=\"853\" src=\"https:\/\/nibboh.com\/wp-content\/uploads\/2026\/01\/wind-turbines-601332_1280-1.jpg\" class=\"attachment-full size-full wp-image-2749\" alt=\"\" title=\"\" srcset=\"https:\/\/nibboh.com\/wp-content\/uploads\/2026\/01\/wind-turbines-601332_1280-1.jpg 1280w, https:\/\/nibboh.com\/wp-content\/uploads\/2026\/01\/wind-turbines-601332_1280-1-300x200.jpg 300w, https:\/\/nibboh.com\/wp-content\/uploads\/2026\/01\/wind-turbines-601332_1280-1-1024x682.jpg 1024w, https:\/\/nibboh.com\/wp-content\/uploads\/2026\/01\/wind-turbines-601332_1280-1-768x512.jpg 768w, https:\/\/nibboh.com\/wp-content\/uploads\/2026\/01\/wind-turbines-601332_1280-1-600x400.jpg 600w\" sizes=\"(max-width: 1280px) 100vw, 1280px\" \/><\/figure><div class=\"elementor-image-box-content\"><h3 class=\"elementor-image-box-title\">Generador de turbinas e\u00f3licas<\/h3><\/div><\/div>\t\t\t\t<\/div>\n\t\t\t\t<\/div>\n\t\t\t\t<\/div>\n\t\t\t\t<\/div>\n\t\t\t\t\t<\/div>\n\t\t<\/div>\n\t\t\t\t\t\t<\/div>\n\t\t\t\t<\/div>\n\t\t\t\t<\/div>\n\t\t","protected":false},"excerpt":{"rendered":"<p class=\"p1\">Las varillas magn\u00e9ticas son dispositivos potentes de separaci\u00f3n magn\u00e9tica fabricados con tubos de acero inoxidable de alta calidad e imanes de tierras raras NdFeB de alto valor B, fabricados mediante m\u00e9todos especializados. No consumen energ\u00eda, no producen contaminaci\u00f3n y pueden instalarse en cualquier punto de la l\u00ednea de producci\u00f3n donde entren en contacto con los materiales, ahorrando espacio y facilitando su instalaci\u00f3n. Con una fuerza magn\u00e9tica potente, estructura sencilla y larga vida \u00fatil, las varillas magn\u00e9ticas pueden personalizarse en tama\u00f1o y forma seg\u00fan los requisitos del cliente y las condiciones del lugar de producci\u00f3n.  <\/p>\n","protected":false},"featured_media":1215,"template":"","meta":{"_acf_changed":false},"product_brand":[],"product_cat":[57],"product_tag":[],"class_list":{"0":"post-2740","1":"product","2":"type-product","3":"status-publish","4":"has-post-thumbnail","6":"product_cat-componente-magnetico","8":"first","9":"instock","10":"shipping-taxable","11":"product-type-simple"},"acf":[],"_links":{"self":[{"href":"https:\/\/nibboh.com\/es\/wp-json\/wp\/v2\/product\/2740","targetHints":{"allow":["GET"]}}],"collection":[{"href":"https:\/\/nibboh.com\/es\/wp-json\/wp\/v2\/product"}],"about":[{"href":"https:\/\/nibboh.com\/es\/wp-json\/wp\/v2\/types\/product"}],"version-history":[{"count":1,"href":"https:\/\/nibboh.com\/es\/wp-json\/wp\/v2\/product\/2740\/revisions"}],"predecessor-version":[{"id":2758,"href":"https:\/\/nibboh.com\/es\/wp-json\/wp\/v2\/product\/2740\/revisions\/2758"}],"wp:featuredmedia":[{"embeddable":true,"href":"https:\/\/nibboh.com\/es\/wp-json\/wp\/v2\/media\/1215"}],"wp:attachment":[{"href":"https:\/\/nibboh.com\/es\/wp-json\/wp\/v2\/media?parent=2740"}],"wp:term":[{"taxonomy":"product_brand","embeddable":true,"href":"https:\/\/nibboh.com\/es\/wp-json\/wp\/v2\/product_brand?post=2740"},{"taxonomy":"product_cat","embeddable":true,"href":"https:\/\/nibboh.com\/es\/wp-json\/wp\/v2\/product_cat?post=2740"},{"taxonomy":"product_tag","embeddable":true,"href":"https:\/\/nibboh.com\/es\/wp-json\/wp\/v2\/product_tag?post=2740"}],"curies":[{"name":"wp","href":"https:\/\/api.w.org\/{rel}","templated":true}]}}