{"id":2509,"date":"2026-01-08T14:52:25","date_gmt":"2026-01-08T06:52:25","guid":{"rendered":"https:\/\/nibboh.com\/compania-usa\/"},"modified":"2026-03-17T10:11:26","modified_gmt":"2026-03-17T02:11:26","slug":"compania-usa","status":"publish","type":"page","link":"https:\/\/nibboh.com\/es\/compania-usa\/","title":{"rendered":"Compa\u00f1\u00eda USA"},"content":{"rendered":"\t\t<div data-elementor-type=\"wp-page\" data-elementor-id=\"2509\" class=\"elementor elementor-2509 elementor-474\" data-elementor-post-type=\"page\">\n\t\t\t\t<div class=\"elementor-element elementor-element-9a47b63 e-flex e-con-boxed e-con e-parent\" data-id=\"9a47b63\" data-element_type=\"container\" data-e-type=\"container\" data-settings=\"{&quot;background_background&quot;:&quot;classic&quot;,&quot;background_motion_fx_motion_fx_scrolling&quot;:&quot;yes&quot;,&quot;background_motion_fx_translateY_effect&quot;:&quot;yes&quot;,&quot;background_motion_fx_translateY_speed&quot;:{&quot;unit&quot;:&quot;px&quot;,&quot;size&quot;:8,&quot;sizes&quot;:[]},&quot;background_motion_fx_translateY_affectedRange&quot;:{&quot;unit&quot;:&quot;%&quot;,&quot;size&quot;:&quot;&quot;,&quot;sizes&quot;:{&quot;start&quot;:0,&quot;end&quot;:100}},&quot;background_motion_fx_devices&quot;:[&quot;desktop&quot;,&quot;tablet&quot;,&quot;mobile&quot;]}\">\n\t\t\t\t\t<div class=\"e-con-inner\">\n\t\t\t\t<div class=\"elementor-element elementor-element-2771850 elementor-invisible elementor-widget elementor-widget-heading\" data-id=\"2771850\" data-element_type=\"widget\" data-e-type=\"widget\" data-settings=\"{&quot;_animation&quot;:&quot;slideInUp&quot;}\" data-widget_type=\"heading.default\">\n\t\t\t\t\t<h1 class=\"elementor-heading-title elementor-size-default\">Compa\u00f1\u00eda USA<\/h1>\t\t\t\t<\/div>\n\t\t\t\t<div class=\"elementor-element elementor-element-41f9939 elementor-invisible elementor-widget elementor-widget-text-editor\" data-id=\"41f9939\" data-element_type=\"widget\" data-e-type=\"widget\" data-settings=\"{&quot;_animation&quot;:&quot;slideInUp&quot;}\" data-widget_type=\"text-editor.default\">\n\t\t\t\t\t\t\t\t\t<p class=\"p1\">Apoyo local que conecta ingenier\u00eda, suministro y servicio.<\/p>\t\t\t\t\t\t\t\t<\/div>\n\t\t\t\t\t<\/div>\n\t\t\t\t<\/div>\n\t\t<div class=\"elementor-element elementor-element-946b23d e-flex e-con-boxed e-con e-parent\" data-id=\"946b23d\" data-element_type=\"container\" data-e-type=\"container\">\n\t\t\t\t\t<div class=\"e-con-inner\">\n\t\t\t\t<div class=\"elementor-element elementor-element-0d95c37 elementor-widget elementor-widget-text-editor\" data-id=\"0d95c37\" data-element_type=\"widget\" data-e-type=\"widget\" data-widget_type=\"text-editor.default\">\n\t\t\t\t\t\t\t\t\t<p class=\"p1\">Nibboh Magnets USA act\u00faa como centro local de ventas, soporte t\u00e9cnico y atenci\u00f3n al cliente para la red global de fabricaci\u00f3n de imanes permanentes de Nibboh. Trabajando estrechamente con nuestras instalaciones de producci\u00f3n en China, proporcionamos imanes y conjuntos magn\u00e9ticos NdFeB de alto rendimiento a clientes de toda Norteam\u00e9rica. <\/p><p class=\"p1\">Nuestro equipo se centra en la comunicaci\u00f3n r\u00e1pida, el soporte de ingenier\u00eda y la entrega fiable. Al combinar capacidades avanzadas de fabricaci\u00f3n con servicio local, ayudamos a los clientes a acortar los ciclos de desarrollo y lograr un suministro estable y a largo plazo. <\/p>\t\t\t\t\t\t\t\t<\/div>\n\t\t<div class=\"elementor-element elementor-element-f12eb4d e-grid e-con-full e-con e-child\" data-id=\"f12eb4d\" data-element_type=\"container\" data-e-type=\"container\">\n\t\t<div class=\"elementor-element elementor-element-30cb719 e-con-full e-flex e-con e-child\" data-id=\"30cb719\" data-element_type=\"container\" data-e-type=\"container\" data-settings=\"{&quot;background_background&quot;:&quot;classic&quot;}\">\n\t\t\t\t<div class=\"elementor-element elementor-element-9bbc86b elementor-widget__width-inherit elementor-widget elementor-widget-counter\" data-id=\"9bbc86b\" data-element_type=\"widget\" data-e-type=\"widget\" data-widget_type=\"counter.default\">\n\t\t\t\t\t\t\t<div class=\"elementor-counter\">\n\t\t\t<div class=\"elementor-counter-title\">\u00c1rea de fabricaci\u00f3n<\/div>\t\t\t<div class=\"elementor-counter-number-wrapper\">\n\t\t\t\t<span class=\"elementor-counter-number-prefix\"><\/span>\n\t\t\t\t<span class=\"elementor-counter-number\" data-duration=\"2000\" data-to-value=\"10000\" data-from-value=\"0\" data-delimiter=\",\">0<\/span>\n\t\t\t\t<span class=\"elementor-counter-number-suffix\"><\/span>\n\t\t\t<\/div>\n\t\t<\/div>\n\t\t\t\t\t\t<\/div>\n\t\t\t\t<\/div>\n\t\t<div class=\"elementor-element elementor-element-1e81456 e-con-full e-flex e-con e-child\" data-id=\"1e81456\" data-element_type=\"container\" data-e-type=\"container\" data-settings=\"{&quot;background_background&quot;:&quot;classic&quot;}\">\n\t\t\t\t<div class=\"elementor-element elementor-element-31522b9 elementor-widget__width-inherit elementor-widget elementor-widget-counter\" data-id=\"31522b9\" data-element_type=\"widget\" data-e-type=\"widget\" data-widget_type=\"counter.default\">\n\t\t\t\t\t\t\t<div class=\"elementor-counter\">\n\t\t\t<div class=\"elementor-counter-title\">Proyectos personalizados<\/div>\t\t\t<div class=\"elementor-counter-number-wrapper\">\n\t\t\t\t<span class=\"elementor-counter-number-prefix\"><\/span>\n\t\t\t\t<span class=\"elementor-counter-number\" data-duration=\"2000\" data-to-value=\"500\" data-from-value=\"0\" data-delimiter=\",\">0<\/span>\n\t\t\t\t<span class=\"elementor-counter-number-suffix\"><\/span>\n\t\t\t<\/div>\n\t\t<\/div>\n\t\t\t\t\t\t<\/div>\n\t\t\t\t<\/div>\n\t\t<div class=\"elementor-element elementor-element-8f03594 e-con-full e-flex e-con e-child\" data-id=\"8f03594\" data-element_type=\"container\" data-e-type=\"container\" data-settings=\"{&quot;background_background&quot;:&quot;classic&quot;}\">\n\t\t\t\t<div class=\"elementor-element elementor-element-c4cec8f elementor-widget__width-inherit elementor-widget elementor-widget-counter\" data-id=\"c4cec8f\" data-element_type=\"widget\" data-e-type=\"widget\" data-widget_type=\"counter.default\">\n\t\t\t\t\t\t\t<div class=\"elementor-counter\">\n\t\t\t<div class=\"elementor-counter-title\">Experiencia en el sector<\/div>\t\t\t<div class=\"elementor-counter-number-wrapper\">\n\t\t\t\t<span class=\"elementor-counter-number-prefix\"><\/span>\n\t\t\t\t<span class=\"elementor-counter-number\" data-duration=\"2000\" data-to-value=\"20\" data-from-value=\"0\" data-delimiter=\",\">0<\/span>\n\t\t\t\t<span class=\"elementor-counter-number-suffix\">+<\/span>\n\t\t\t<\/div>\n\t\t<\/div>\n\t\t\t\t\t\t<\/div>\n\t\t\t\t<\/div>\n\t\t<div class=\"elementor-element elementor-element-6ad50a4 e-con-full e-flex e-con e-child\" data-id=\"6ad50a4\" data-element_type=\"container\" data-e-type=\"container\" data-settings=\"{&quot;background_background&quot;:&quot;classic&quot;}\">\n\t\t\t\t<div class=\"elementor-element elementor-element-5308c7f elementor-widget__width-inherit elementor-widget elementor-widget-counter\" data-id=\"5308c7f\" data-element_type=\"widget\" data-e-type=\"widget\" data-widget_type=\"counter.default\">\n\t\t\t\t\t\t\t<div class=\"elementor-counter\">\n\t\t\t<div class=\"elementor-counter-title\">Capacidad de Abondamiento<\/div>\t\t\t<div class=\"elementor-counter-number-wrapper\">\n\t\t\t\t<span class=\"elementor-counter-number-prefix\"><\/span>\n\t\t\t\t<span class=\"elementor-counter-number\" data-duration=\"2000\" data-to-value=\"500\" data-from-value=\"0\" data-delimiter=\",\">0<\/span>\n\t\t\t\t<span class=\"elementor-counter-number-suffix\"><\/span>\n\t\t\t<\/div>\n\t\t<\/div>\n\t\t\t\t\t\t<\/div>\n\t\t\t\t<\/div>\n\t\t\t\t<\/div>\n\t\t<div class=\"elementor-element elementor-element-9f12754 e-con-full e-flex e-con e-child\" data-id=\"9f12754\" data-element_type=\"container\" data-e-type=\"container\" data-settings=\"{&quot;background_background&quot;:&quot;classic&quot;}\">\n\t\t\t\t<\/div>\n\t\t\t\t\t<\/div>\n\t\t\t\t<\/div>\n\t\t<div class=\"elementor-element elementor-element-a4d01dd e-flex e-con-boxed e-con e-parent\" data-id=\"a4d01dd\" data-element_type=\"container\" data-e-type=\"container\" data-settings=\"{&quot;background_background&quot;:&quot;classic&quot;}\">\n\t\t\t\t\t<div class=\"e-con-inner\">\n\t\t<div class=\"elementor-element elementor-element-abd6fe4 e-con-full e-flex e-con e-child\" data-id=\"abd6fe4\" data-element_type=\"container\" data-e-type=\"container\" data-settings=\"{&quot;background_background&quot;:&quot;classic&quot;}\">\n\t\t\t\t<div class=\"elementor-element elementor-element-9c3df33 elementor-invisible elementor-widget elementor-widget-image\" data-id=\"9c3df33\" data-element_type=\"widget\" data-e-type=\"widget\" data-settings=\"{&quot;_animation&quot;:&quot;fadeIn&quot;}\" data-widget_type=\"image.default\">\n\t\t\t\t\t\t\t\t\t\t\t\t\t\t\t<img fetchpriority=\"high\" decoding=\"async\" width=\"800\" height=\"534\" src=\"https:\/\/nibboh.com\/wp-content\/uploads\/2026\/02\/pexels-tima-miroshnichenko-5686102_WH_1200x800px-1024x683.jpg\" class=\"attachment-large size-large wp-image-2522\" alt=\"\" srcset=\"https:\/\/nibboh.com\/wp-content\/uploads\/2026\/02\/pexels-tima-miroshnichenko-5686102_WH_1200x800px-1024x683.jpg 1024w, https:\/\/nibboh.com\/wp-content\/uploads\/2026\/02\/pexels-tima-miroshnichenko-5686102_WH_1200x800px-300x200.jpg 300w, https:\/\/nibboh.com\/wp-content\/uploads\/2026\/02\/pexels-tima-miroshnichenko-5686102_WH_1200x800px-768x512.jpg 768w, https:\/\/nibboh.com\/wp-content\/uploads\/2026\/02\/pexels-tima-miroshnichenko-5686102_WH_1200x800px-600x400.jpg 600w, https:\/\/nibboh.com\/wp-content\/uploads\/2026\/02\/pexels-tima-miroshnichenko-5686102_WH_1200x800px.jpg 1200w\" sizes=\"(max-width: 800px) 100vw, 800px\" title=\"\">\t\t\t\t\t\t\t\t\t\t\t\t\t\t\t<\/div>\n\t\t\t\t<\/div>\n\t\t<div class=\"elementor-element elementor-element-39304fc e-con-full e-flex e-con e-child\" data-id=\"39304fc\" data-element_type=\"container\" data-e-type=\"container\">\n\t\t\t\t<div class=\"elementor-element elementor-element-c170644 elementor-widget elementor-widget-heading\" data-id=\"c170644\" data-element_type=\"widget\" data-e-type=\"widget\" data-widget_type=\"heading.default\">\n\t\t\t\t\t<h2 class=\"elementor-heading-title elementor-size-default\">Qui\u00e9nes somos<\/h2>\t\t\t\t<\/div>\n\t\t\t\t<div class=\"elementor-element elementor-element-b0fef4a elementor-widget elementor-widget-text-editor\" data-id=\"b0fef4a\" data-element_type=\"widget\" data-e-type=\"widget\" data-widget_type=\"text-editor.default\">\n\t\t\t\t\t\t\t\t\t<p class=\"p1\">Somos un socio de soluciones magn\u00e9ticas centradas en el cliente. Nuestro papel es tender la puente entre las necesidades de ingenier\u00eda, fabricaci\u00f3n y aplicaciones, asegurando una comunicaci\u00f3n fluida y una ejecuci\u00f3n eficiente de proyectos para los clientes norteamericanos. <\/p>\t\t\t\t\t\t\t\t<\/div>\n\t\t\t\t<\/div>\n\t\t\t\t\t<\/div>\n\t\t\t\t<\/div>\n\t\t<div class=\"elementor-element elementor-element-f1ca121 e-flex e-con-boxed e-con e-parent\" data-id=\"f1ca121\" data-element_type=\"container\" data-e-type=\"container\" data-settings=\"{&quot;background_background&quot;:&quot;classic&quot;}\">\n\t\t\t\t\t<div class=\"e-con-inner\">\n\t\t<div class=\"elementor-element elementor-element-d98cedf e-con-full e-flex e-con e-child\" data-id=\"d98cedf\" data-element_type=\"container\" data-e-type=\"container\" data-settings=\"{&quot;background_background&quot;:&quot;classic&quot;}\">\n\t\t\t\t<div class=\"elementor-element elementor-element-f07511b elementor-invisible elementor-widget elementor-widget-image\" data-id=\"f07511b\" data-element_type=\"widget\" data-e-type=\"widget\" data-settings=\"{&quot;_animation&quot;:&quot;fadeIn&quot;}\" data-widget_type=\"image.default\">\n\t\t\t\t\t\t\t\t\t\t\t\t\t\t\t<img decoding=\"async\" width=\"800\" height=\"534\" src=\"https:\/\/nibboh.com\/wp-content\/uploads\/2026\/02\/pexels-yankrukov-8837172_WH_1200x800px-1024x683.jpg\" class=\"attachment-large size-large wp-image-2525\" alt=\"\" srcset=\"https:\/\/nibboh.com\/wp-content\/uploads\/2026\/02\/pexels-yankrukov-8837172_WH_1200x800px-1024x683.jpg 1024w, https:\/\/nibboh.com\/wp-content\/uploads\/2026\/02\/pexels-yankrukov-8837172_WH_1200x800px-300x200.jpg 300w, https:\/\/nibboh.com\/wp-content\/uploads\/2026\/02\/pexels-yankrukov-8837172_WH_1200x800px-768x512.jpg 768w, https:\/\/nibboh.com\/wp-content\/uploads\/2026\/02\/pexels-yankrukov-8837172_WH_1200x800px-600x400.jpg 600w, https:\/\/nibboh.com\/wp-content\/uploads\/2026\/02\/pexels-yankrukov-8837172_WH_1200x800px.jpg 1200w\" sizes=\"(max-width: 800px) 100vw, 800px\" title=\"\">\t\t\t\t\t\t\t\t\t\t\t\t\t\t\t<\/div>\n\t\t\t\t<\/div>\n\t\t<div class=\"elementor-element elementor-element-484f14c e-con-full e-flex e-con e-child\" data-id=\"484f14c\" data-element_type=\"container\" data-e-type=\"container\">\n\t\t\t\t<div class=\"elementor-element elementor-element-cfed62e elementor-widget elementor-widget-heading\" data-id=\"cfed62e\" data-element_type=\"widget\" data-e-type=\"widget\" data-widget_type=\"heading.default\">\n\t\t\t\t\t<h2 class=\"elementor-heading-title elementor-size-default\">Nuestras ventajas\n<\/h2>\t\t\t\t<\/div>\n\t\t\t\t<div class=\"elementor-element elementor-element-61b3edc elementor-widget elementor-widget-text-editor\" data-id=\"61b3edc\" data-element_type=\"widget\" data-e-type=\"widget\" data-widget_type=\"text-editor.default\">\n\t\t\t\t\t\t\t\t\t<ul><li class=\"p1\">Apoyo local con recursos manufactureros globales<\/li><li><p class=\"p1\">Respuesta r\u00e1pida y comunicaci\u00f3n t\u00e9cnica clara<\/p><\/li><li><p class=\"p1\">Calidad estable respaldada por una producci\u00f3n certificada ISO<\/p><\/li><li><p class=\"p1\">Personalizaci\u00f3n flexible de materiales, formas y magnetizaci\u00f3n<\/p><\/li><\/ul>\t\t\t\t\t\t\t\t<\/div>\n\t\t\t\t<\/div>\n\t\t\t\t\t<\/div>\n\t\t\t\t<\/div>\n\t\t<div class=\"elementor-element elementor-element-96bc2fb e-flex e-con-boxed e-con e-parent\" data-id=\"96bc2fb\" data-element_type=\"container\" data-e-type=\"container\" data-settings=\"{&quot;background_background&quot;:&quot;classic&quot;}\">\n\t\t\t\t\t<div class=\"e-con-inner\">\n\t\t<div class=\"elementor-element elementor-element-984a70d e-con-full e-flex e-con e-child\" data-id=\"984a70d\" data-element_type=\"container\" data-e-type=\"container\" data-settings=\"{&quot;background_background&quot;:&quot;classic&quot;}\">\n\t\t\t\t<div class=\"elementor-element elementor-element-7ef672e elementor-invisible elementor-widget elementor-widget-image\" data-id=\"7ef672e\" data-element_type=\"widget\" data-e-type=\"widget\" data-settings=\"{&quot;_animation&quot;:&quot;fadeIn&quot;}\" data-widget_type=\"image.default\">\n\t\t\t\t\t\t\t\t\t\t\t\t\t\t\t<img decoding=\"async\" width=\"800\" height=\"534\" src=\"https:\/\/nibboh.com\/wp-content\/uploads\/2026\/02\/pexels-fauxels-3184285_WH_1200x800px-1024x683.jpg\" class=\"attachment-large size-large wp-image-2520\" alt=\"\" srcset=\"https:\/\/nibboh.com\/wp-content\/uploads\/2026\/02\/pexels-fauxels-3184285_WH_1200x800px-1024x683.jpg 1024w, https:\/\/nibboh.com\/wp-content\/uploads\/2026\/02\/pexels-fauxels-3184285_WH_1200x800px-300x200.jpg 300w, https:\/\/nibboh.com\/wp-content\/uploads\/2026\/02\/pexels-fauxels-3184285_WH_1200x800px-768x512.jpg 768w, https:\/\/nibboh.com\/wp-content\/uploads\/2026\/02\/pexels-fauxels-3184285_WH_1200x800px-600x400.jpg 600w, https:\/\/nibboh.com\/wp-content\/uploads\/2026\/02\/pexels-fauxels-3184285_WH_1200x800px.jpg 1200w\" sizes=\"(max-width: 800px) 100vw, 800px\" title=\"\">\t\t\t\t\t\t\t\t\t\t\t\t\t\t\t<\/div>\n\t\t\t\t<\/div>\n\t\t<div class=\"elementor-element elementor-element-87d19ec e-con-full e-flex e-con e-child\" data-id=\"87d19ec\" data-element_type=\"container\" data-e-type=\"container\">\n\t\t\t\t<div class=\"elementor-element elementor-element-f1dd421 elementor-widget elementor-widget-heading\" data-id=\"f1dd421\" data-element_type=\"widget\" data-e-type=\"widget\" data-widget_type=\"heading.default\">\n\t\t\t\t\t<h2 class=\"elementor-heading-title elementor-size-default\">Nuestro papel en tu proyecto\n<\/h2>\t\t\t\t<\/div>\n\t\t\t\t<div class=\"elementor-element elementor-element-9281ced elementor-widget elementor-widget-text-editor\" data-id=\"9281ced\" data-element_type=\"widget\" data-e-type=\"widget\" data-widget_type=\"text-editor.default\">\n\t\t\t\t\t\t\t\t\t<p class=\"p1\">Apoyamos tu proyecto desde el concepto hasta la producci\u00f3n. Nuestro papel es simplificar el proceso de selecci\u00f3n de im\u00e1ns, reducir el riesgo de desarrollo y garantizar un suministro fiable a largo plazo. <\/p><p class=\"p1\">En la fase inicial, ayudamos con la selecci\u00f3n de materiales, recomendaciones de grado magn\u00e9tico y consideraciones de dise\u00f1o magn\u00e9tico basadas en los requisitos de tu aplicaci\u00f3n. Durante el prototipado, proporcionamos producci\u00f3n de muestras, soporte para pruebas y validaci\u00f3n de rendimiento para ayudar a acelerar el desarrollo. <\/p><p class=\"p1\">Para la producci\u00f3n en masa, coordinamos calendarios estables de fabricaci\u00f3n, control de calidad y entrega. Tras el env\u00edo, seguimos apoyando tu proyecto con asistencia t\u00e9cnica, sugerencias de optimizaci\u00f3n y planificaci\u00f3n de suministros a largo plazo. <\/p>\t\t\t\t\t\t\t\t<\/div>\n\t\t\t\t<\/div>\n\t\t\t\t\t<\/div>\n\t\t\t\t<\/div>\n\t\t\t\t<\/div>\n\t\t","protected":false},"excerpt":{"rendered":"<p>Compa\u00f1\u00eda USA Apoyo local que conecta ingenier\u00eda, suministro y servicio. Nibboh Magnets USA act\u00faa como centro local de ventas, soporte t\u00e9cnico y atenci\u00f3n al cliente para la red global de fabricaci\u00f3n de imanes permanentes de Nibboh. Trabajando estrechamente con nuestras instalaciones de producci\u00f3n en China, proporcionamos imanes y conjuntos magn\u00e9ticos NdFeB de alto rendimiento a [&hellip;]<\/p>\n","protected":false},"author":2,"featured_media":0,"parent":0,"menu_order":0,"comment_status":"closed","ping_status":"closed","template":"","meta":{"_acf_changed":false,"footnotes":""},"class_list":["post-2509","page","type-page","status-publish","hentry"],"acf":[],"_links":{"self":[{"href":"https:\/\/nibboh.com\/es\/wp-json\/wp\/v2\/pages\/2509","targetHints":{"allow":["GET"]}}],"collection":[{"href":"https:\/\/nibboh.com\/es\/wp-json\/wp\/v2\/pages"}],"about":[{"href":"https:\/\/nibboh.com\/es\/wp-json\/wp\/v2\/types\/page"}],"author":[{"embeddable":true,"href":"https:\/\/nibboh.com\/es\/wp-json\/wp\/v2\/users\/2"}],"replies":[{"embeddable":true,"href":"https:\/\/nibboh.com\/es\/wp-json\/wp\/v2\/comments?post=2509"}],"version-history":[{"count":1,"href":"https:\/\/nibboh.com\/es\/wp-json\/wp\/v2\/pages\/2509\/revisions"}],"predecessor-version":[{"id":2528,"href":"https:\/\/nibboh.com\/es\/wp-json\/wp\/v2\/pages\/2509\/revisions\/2528"}],"wp:attachment":[{"href":"https:\/\/nibboh.com\/es\/wp-json\/wp\/v2\/media?parent=2509"}],"curies":[{"name":"wp","href":"https:\/\/api.w.org\/{rel}","templated":true}]}}