{"id":3238,"date":"2026-02-05T15:57:21","date_gmt":"2026-02-05T07:57:21","guid":{"rendered":"https:\/\/nibboh.com\/product\/harter-ferritmagnet\/"},"modified":"2026-03-17T10:29:39","modified_gmt":"2026-03-17T02:29:39","slug":"harter-ferritmagnet","status":"publish","type":"product","link":"https:\/\/nibboh.com\/de\/produkt\/harter-ferritmagnet\/","title":{"rendered":"Harter Ferritmagnet"},"content":{"rendered":"\t\t<div data-elementor-type=\"product-post\" data-elementor-id=\"3238\" class=\"elementor elementor-3238 elementor-1102\" data-elementor-post-type=\"product\">\n\t\t\t\t<div class=\"elementor-element elementor-element-c96e620 e-con-full e-flex e-con e-parent\" data-id=\"c96e620\" data-element_type=\"container\" data-e-type=\"container\">\n\t\t\t\t<div class=\"elementor-element elementor-element-355d224 e-n-tabs-mobile elementor-widget elementor-widget-n-tabs\" data-id=\"355d224\" data-element_type=\"widget\" data-e-type=\"widget\" data-settings=\"{&quot;tabs_justify_horizontal&quot;:&quot;start&quot;,&quot;horizontal_scroll&quot;:&quot;disable&quot;}\" data-widget_type=\"nested-tabs.default\">\n\t\t\t\t\t\t\t<div class=\"e-n-tabs\" data-widget-number=\"55956004\" aria-label=\"Tabs. Open items with Enter or Space, close with Escape and navigate using the Arrow keys.\">\n\t\t\t<div class=\"e-n-tabs-heading\" role=\"tablist\">\n\t\t\t\t\t<button id=\"e-n-tab-title-559560041\" data-tab-title-id=\"e-n-tab-title-559560041\" class=\"e-n-tab-title\" aria-selected=\"true\" data-tab-index=\"1\" role=\"tab\" tabindex=\"0\" aria-controls=\"e-n-tab-content-559560041\" style=\"--n-tabs-title-order: 1;\">\n\t\t\t\t\t\t<span class=\"e-n-tab-title-text\">\n\t\t\t\tTechnische Spezifikationen\t\t\t<\/span>\n\t\t<\/button>\n\t\t\t\t<button id=\"e-n-tab-title-559560042\" data-tab-title-id=\"e-n-tab-title-559560042\" class=\"e-n-tab-title\" aria-selected=\"false\" data-tab-index=\"2\" role=\"tab\" tabindex=\"-1\" aria-controls=\"e-n-tab-content-559560042\" style=\"--n-tabs-title-order: 2;\">\n\t\t\t\t\t\t<span class=\"e-n-tab-title-text\">\n\t\t\t\tProduktionsprozess\t\t\t<\/span>\n\t\t<\/button>\n\t\t\t\t<button id=\"e-n-tab-title-559560043\" data-tab-title-id=\"e-n-tab-title-559560043\" class=\"e-n-tab-title\" aria-selected=\"false\" data-tab-index=\"3\" role=\"tab\" tabindex=\"-1\" aria-controls=\"e-n-tab-content-559560043\" style=\"--n-tabs-title-order: 3;\">\n\t\t\t\t\t\t<span class=\"e-n-tab-title-text\">\n\t\t\t\tAnwendungsbereiche\t\t\t<\/span>\n\t\t<\/button>\n\t\t\t\t\t<\/div>\n\t\t\t<div class=\"e-n-tabs-content\">\n\t\t\t\t<div id=\"e-n-tab-content-559560041\" role=\"tabpanel\" aria-labelledby=\"e-n-tab-title-559560041\" data-tab-index=\"1\" style=\"--n-tabs-title-order: 1;\" class=\"e-active elementor-element elementor-element-3154562 e-con-full e-flex e-con e-child\" data-id=\"3154562\" data-element_type=\"container\" data-e-type=\"container\">\n\t\t\t\t<div class=\"elementor-element elementor-element-646a1dc elementor-widget__width-initial elementor-widget elementor-widget-image\" data-id=\"646a1dc\" data-element_type=\"widget\" data-e-type=\"widget\" data-widget_type=\"image.default\">\n\t\t\t\t\t\t\t\t\t\t\t\t\t\t\t\t<a href=\"https:\/\/nibboh.com\/wp-content\/uploads\/2026\/01\/\u94c1\u6c27\u4f53.png\" data-elementor-open-lightbox=\"yes\" data-elementor-lightbox-title=\"a\" data-e-action-hash=\"#elementor-action%3Aaction%3Dlightbox%26settings%3DeyJpZCI6MzI0OSwidXJsIjoiaHR0cHM6XC9cL25pYmJvaC5jb21cL3dwLWNvbnRlbnRcL3VwbG9hZHNcLzIwMjZcLzAxXC9cdTk0YzFcdTZjMjdcdTRmNTMucG5nIn0%3D\">\n\t\t\t\t\t\t\t<img fetchpriority=\"high\" decoding=\"async\" width=\"937\" height=\"488\" src=\"https:\/\/nibboh.com\/wp-content\/uploads\/2026\/01\/\u94c1\u6c27\u4f53.png\" class=\"attachment-2048x2048 size-2048x2048 wp-image-3249\" alt=\"\" srcset=\"https:\/\/nibboh.com\/wp-content\/uploads\/2026\/01\/\u94c1\u6c27\u4f53.png 937w, https:\/\/nibboh.com\/wp-content\/uploads\/2026\/01\/\u94c1\u6c27\u4f53-300x156.png 300w, https:\/\/nibboh.com\/wp-content\/uploads\/2026\/01\/\u94c1\u6c27\u4f53-768x400.png 768w, https:\/\/nibboh.com\/wp-content\/uploads\/2026\/01\/\u94c1\u6c27\u4f53-600x312.png 600w\" sizes=\"(max-width: 937px) 100vw, 937px\" title=\"\">\t\t\t\t\t\t\t\t<\/a>\n\t\t\t\t\t\t\t\t\t\t\t\t\t\t\t<\/div>\n\t\t\t\t<\/div>\n\t\t<div id=\"e-n-tab-content-559560042\" role=\"tabpanel\" aria-labelledby=\"e-n-tab-title-559560042\" data-tab-index=\"2\" style=\"--n-tabs-title-order: 2;\" class=\" elementor-element elementor-element-11538a2 e-con-full e-flex e-con e-child\" data-id=\"11538a2\" data-element_type=\"container\" data-e-type=\"container\">\n\t\t<div class=\"elementor-element elementor-element-0defa11 e-con-full e-flex e-con e-child\" data-id=\"0defa11\" data-element_type=\"container\" data-e-type=\"container\" data-settings=\"{&quot;background_background&quot;:&quot;classic&quot;}\">\n\t\t\t\t<div class=\"elementor-element elementor-element-a371467 elementor-widget elementor-widget-heading\" data-id=\"a371467\" data-element_type=\"widget\" data-e-type=\"widget\" data-widget_type=\"heading.default\">\n\t\t\t\t\t<h2 class=\"elementor-heading-title elementor-size-default\">Rohstoffe \u2013 Inspektion von vorgebranntem Material \u2013 sekund\u00e4res Feinmahlen \u2013 Formen \u2013 Sintern \u2013 Mahlen, Reinigung \u2013 Inspektion \u2013 Verpackung<\/h2>\t\t\t\t<\/div>\n\t\t\t\t<\/div>\n\t\t\t\t<\/div>\n\t\t<div id=\"e-n-tab-content-559560043\" role=\"tabpanel\" aria-labelledby=\"e-n-tab-title-559560043\" data-tab-index=\"3\" style=\"--n-tabs-title-order: 3;\" class=\" elementor-element elementor-element-2f843b5 e-con-full e-flex e-con e-child\" data-id=\"2f843b5\" data-element_type=\"container\" data-e-type=\"container\">\n\t\t<div class=\"elementor-element elementor-element-4fefff9 e-con-full e-flex e-con e-child\" data-id=\"4fefff9\" data-element_type=\"container\" data-e-type=\"container\" data-settings=\"{&quot;background_background&quot;:&quot;classic&quot;}\">\n\t\t\t\t<div class=\"elementor-element elementor-element-4131363 elementor-widget elementor-widget-text-editor\" data-id=\"4131363\" data-element_type=\"widget\" data-e-type=\"widget\" data-widget_type=\"text-editor.default\">\n\t\t\t\t\t\t\t\t\t<p class=\"p1\">Aufgrund seiner niedrigen Kosten, hohen Temperaturbest\u00e4ndigkeit und hervorragenden Korrosionsbest\u00e4ndigkeit wird es weit verbreitet in Gleichstrommotoren, magnetischen Trennsystemen, Automobilsensoren, Lautsprechern und anderen Anwendungen eingesetzt und ist damit eines der heute am weitesten verbreiteten magnetischen Materialien.<\/p>\t\t\t\t\t\t\t\t<\/div>\n\t\t<div class=\"elementor-element elementor-element-22c538a e-grid e-con-full elementor-hidden-desktop elementor-hidden-tablet elementor-hidden-mobile e-con e-child\" data-id=\"22c538a\" data-element_type=\"container\" data-e-type=\"container\">\n\t\t\t\t<div class=\"elementor-element elementor-element-a35ffb8 elementor-position-top elementor-widget elementor-widget-image-box\" data-id=\"a35ffb8\" data-element_type=\"widget\" data-e-type=\"widget\" data-widget_type=\"image-box.default\">\n\t\t\t\t\t<div class=\"elementor-image-box-wrapper\"><figure class=\"elementor-image-box-img\"><img decoding=\"async\" width=\"1280\" height=\"853\" src=\"https:\/\/nibboh.com\/wp-content\/uploads\/2026\/01\/wind-turbines-601332_1280-1.jpg\" class=\"attachment-full size-full wp-image-2783\" alt=\"\" title=\"\" srcset=\"https:\/\/nibboh.com\/wp-content\/uploads\/2026\/01\/wind-turbines-601332_1280-1.jpg 1280w, https:\/\/nibboh.com\/wp-content\/uploads\/2026\/01\/wind-turbines-601332_1280-1-300x200.jpg 300w, https:\/\/nibboh.com\/wp-content\/uploads\/2026\/01\/wind-turbines-601332_1280-1-1024x682.jpg 1024w, https:\/\/nibboh.com\/wp-content\/uploads\/2026\/01\/wind-turbines-601332_1280-1-768x512.jpg 768w, https:\/\/nibboh.com\/wp-content\/uploads\/2026\/01\/wind-turbines-601332_1280-1-600x400.jpg 600w\" sizes=\"(max-width: 1280px) 100vw, 1280px\" \/><\/figure><div class=\"elementor-image-box-content\"><h3 class=\"elementor-image-box-title\">Windturbinengenerator<\/h3><\/div><\/div>\t\t\t\t<\/div>\n\t\t\t\t<div class=\"elementor-element elementor-element-5841a34 elementor-position-top elementor-widget elementor-widget-image-box\" data-id=\"5841a34\" data-element_type=\"widget\" data-e-type=\"widget\" data-widget_type=\"image-box.default\">\n\t\t\t\t\t<div class=\"elementor-image-box-wrapper\"><figure class=\"elementor-image-box-img\"><img decoding=\"async\" width=\"1280\" height=\"853\" src=\"https:\/\/nibboh.com\/wp-content\/uploads\/2026\/01\/wind-turbines-601332_1280-1.jpg\" class=\"attachment-full size-full wp-image-2783\" alt=\"\" title=\"\" srcset=\"https:\/\/nibboh.com\/wp-content\/uploads\/2026\/01\/wind-turbines-601332_1280-1.jpg 1280w, https:\/\/nibboh.com\/wp-content\/uploads\/2026\/01\/wind-turbines-601332_1280-1-300x200.jpg 300w, https:\/\/nibboh.com\/wp-content\/uploads\/2026\/01\/wind-turbines-601332_1280-1-1024x682.jpg 1024w, https:\/\/nibboh.com\/wp-content\/uploads\/2026\/01\/wind-turbines-601332_1280-1-768x512.jpg 768w, https:\/\/nibboh.com\/wp-content\/uploads\/2026\/01\/wind-turbines-601332_1280-1-600x400.jpg 600w\" sizes=\"(max-width: 1280px) 100vw, 1280px\" \/><\/figure><div class=\"elementor-image-box-content\"><h3 class=\"elementor-image-box-title\">Windturbinengenerator<\/h3><\/div><\/div>\t\t\t\t<\/div>\n\t\t\t\t<div class=\"elementor-element elementor-element-8c7c9c3 elementor-position-top elementor-widget elementor-widget-image-box\" data-id=\"8c7c9c3\" data-element_type=\"widget\" data-e-type=\"widget\" data-widget_type=\"image-box.default\">\n\t\t\t\t\t<div class=\"elementor-image-box-wrapper\"><figure class=\"elementor-image-box-img\"><img decoding=\"async\" width=\"1280\" height=\"853\" src=\"https:\/\/nibboh.com\/wp-content\/uploads\/2026\/01\/wind-turbines-601332_1280-1.jpg\" class=\"attachment-full size-full wp-image-2783\" alt=\"\" title=\"\" srcset=\"https:\/\/nibboh.com\/wp-content\/uploads\/2026\/01\/wind-turbines-601332_1280-1.jpg 1280w, https:\/\/nibboh.com\/wp-content\/uploads\/2026\/01\/wind-turbines-601332_1280-1-300x200.jpg 300w, https:\/\/nibboh.com\/wp-content\/uploads\/2026\/01\/wind-turbines-601332_1280-1-1024x682.jpg 1024w, https:\/\/nibboh.com\/wp-content\/uploads\/2026\/01\/wind-turbines-601332_1280-1-768x512.jpg 768w, https:\/\/nibboh.com\/wp-content\/uploads\/2026\/01\/wind-turbines-601332_1280-1-600x400.jpg 600w\" sizes=\"(max-width: 1280px) 100vw, 1280px\" \/><\/figure><div class=\"elementor-image-box-content\"><h3 class=\"elementor-image-box-title\">Windturbinengenerator<\/h3><\/div><\/div>\t\t\t\t<\/div>\n\t\t\t\t<\/div>\n\t\t\t\t<\/div>\n\t\t\t\t<\/div>\n\t\t\t\t\t<\/div>\n\t\t<\/div>\n\t\t\t\t\t\t<\/div>\n\t\t\t\t<\/div>\n\t\t\t\t<\/div>\n\t\t","protected":false},"excerpt":{"rendered":"<p class=\"p1\">Ferrit ist ein keramikbasiertes, nichtmetallisches magnetisches Material, das aus Eisenoxid in Kombination mit Metalloxiden wie Mangan und Zink besteht. Er zeichnet sich durch eine hohe Durchl\u00e4ssigkeit, einen hohen elektrischen Widerstand und einen niedrigen Hochfrequenz-Magnetverlust aus. Ferrite lassen sich in weichmagnetische und hartmagnetische Typen einteilen. Sie sind in verschiedenen Formen erh\u00e4ltlich, darunter Ring-, E-Form und Stabformen, und werden h\u00e4ufig in elektronischen Ger\u00e4ten, Automobilkomponenten, Kommunikationsbasisstationen und medizinischen Ger\u00e4ten eingesetzt und dienen als Schl\u00fcsselmaterialien f\u00fcr Kernkomponenten wie Transformatoren, Induktoren und Filter.   <\/p>\n","protected":false},"featured_media":1762,"template":"","meta":{"_acf_changed":false},"product_brand":[],"product_cat":[36],"product_tag":[],"class_list":{"0":"post-3238","1":"product","2":"type-product","3":"status-publish","4":"has-post-thumbnail","6":"product_cat-unkategorisiert","8":"first","9":"instock","10":"shipping-taxable","11":"product-type-simple"},"acf":[],"_links":{"self":[{"href":"https:\/\/nibboh.com\/de\/wp-json\/wp\/v2\/product\/3238","targetHints":{"allow":["GET"]}}],"collection":[{"href":"https:\/\/nibboh.com\/de\/wp-json\/wp\/v2\/product"}],"about":[{"href":"https:\/\/nibboh.com\/de\/wp-json\/wp\/v2\/types\/product"}],"version-history":[{"count":1,"href":"https:\/\/nibboh.com\/de\/wp-json\/wp\/v2\/product\/3238\/revisions"}],"predecessor-version":[{"id":3250,"href":"https:\/\/nibboh.com\/de\/wp-json\/wp\/v2\/product\/3238\/revisions\/3250"}],"wp:featuredmedia":[{"embeddable":true,"href":"https:\/\/nibboh.com\/de\/wp-json\/wp\/v2\/media\/1762"}],"wp:attachment":[{"href":"https:\/\/nibboh.com\/de\/wp-json\/wp\/v2\/media?parent=3238"}],"wp:term":[{"taxonomy":"product_brand","embeddable":true,"href":"https:\/\/nibboh.com\/de\/wp-json\/wp\/v2\/product_brand?post=3238"},{"taxonomy":"product_cat","embeddable":true,"href":"https:\/\/nibboh.com\/de\/wp-json\/wp\/v2\/product_cat?post=3238"},{"taxonomy":"product_tag","embeddable":true,"href":"https:\/\/nibboh.com\/de\/wp-json\/wp\/v2\/product_tag?post=3238"}],"curies":[{"name":"wp","href":"https:\/\/api.w.org\/{rel}","templated":true}]}}