{"id":3136,"date":"2026-02-06T14:49:16","date_gmt":"2026-02-06T06:49:16","guid":{"rendered":"https:\/\/nibboh.com\/product\/potmagnet\/"},"modified":"2026-03-17T10:29:37","modified_gmt":"2026-03-17T02:29:37","slug":"potmagnet","status":"publish","type":"product","link":"https:\/\/nibboh.com\/de\/produkt\/potmagnet\/","title":{"rendered":"Potmagnet"},"content":{"rendered":"\t\t<div data-elementor-type=\"product-post\" data-elementor-id=\"3136\" class=\"elementor elementor-3136 elementor-1404\" data-elementor-post-type=\"product\">\n\t\t\t\t<div class=\"elementor-element elementor-element-0ada284 e-flex e-con-boxed e-con e-parent\" data-id=\"0ada284\" data-element_type=\"container\" data-e-type=\"container\">\n\t\t\t\t\t<div class=\"e-con-inner\">\n\t\t\t\t<div class=\"elementor-element elementor-element-268e8ed elementor-widget__width-initial elementor-widget elementor-widget-button\" data-id=\"268e8ed\" data-element_type=\"widget\" data-e-type=\"widget\" data-widget_type=\"button.default\">\n\t\t\t\t\t\t\t\t\t\t<a class=\"elementor-button elementor-button-link elementor-size-sm\" href=\"#\">\n\t\t\t\t\t\t<span class=\"elementor-button-content-wrapper\">\n\t\t\t\t\t\t\t\t\t<span class=\"elementor-button-text\">Anwendungsbereiche<\/span>\n\t\t\t\t\t<\/span>\n\t\t\t\t\t<\/a>\n\t\t\t\t\t\t\t\t<\/div>\n\t\t\t\t\t<\/div>\n\t\t\t\t<\/div>\n\t\t<div class=\"elementor-element elementor-element-8ea78f7 e-flex e-con-boxed e-con e-parent\" data-id=\"8ea78f7\" data-element_type=\"container\" data-e-type=\"container\">\n\t\t\t\t\t<div class=\"e-con-inner\">\n\t\t\t\t<div class=\"elementor-element elementor-element-521b5c7 elementor-widget__width-initial elementor-widget elementor-widget-image\" data-id=\"521b5c7\" data-element_type=\"widget\" data-e-type=\"widget\" data-widget_type=\"image.default\">\n\t\t\t\t\t\t\t\t\t\t\t\t\t\t\t<img fetchpriority=\"high\" decoding=\"async\" width=\"474\" height=\"474\" src=\"https:\/\/nibboh.com\/wp-content\/uploads\/2026\/02\/cb1d902d30b4b4fa7bff82ac9938e878.png\" class=\"attachment-large size-large wp-image-3171\" alt=\"\" srcset=\"https:\/\/nibboh.com\/wp-content\/uploads\/2026\/02\/cb1d902d30b4b4fa7bff82ac9938e878.png 474w, https:\/\/nibboh.com\/wp-content\/uploads\/2026\/02\/cb1d902d30b4b4fa7bff82ac9938e878-300x300.png 300w, https:\/\/nibboh.com\/wp-content\/uploads\/2026\/02\/cb1d902d30b4b4fa7bff82ac9938e878-150x150.png 150w, https:\/\/nibboh.com\/wp-content\/uploads\/2026\/02\/cb1d902d30b4b4fa7bff82ac9938e878-100x100.png 100w\" sizes=\"(max-width: 474px) 100vw, 474px\" title=\"\">\t\t\t\t\t\t\t\t\t\t\t\t\t\t\t<\/div>\n\t\t\t\t<div class=\"elementor-element elementor-element-32f5e33 elementor-widget__width-initial elementor-widget elementor-widget-image\" data-id=\"32f5e33\" data-element_type=\"widget\" data-e-type=\"widget\" data-widget_type=\"image.default\">\n\t\t\t\t\t\t\t\t\t\t\t\t\t\t\t<img decoding=\"async\" width=\"450\" height=\"450\" src=\"https:\/\/nibboh.com\/wp-content\/uploads\/2026\/02\/67cd443f41d94501700ec7a9b6f16812.png\" class=\"attachment-large size-large wp-image-3169\" alt=\"\" srcset=\"https:\/\/nibboh.com\/wp-content\/uploads\/2026\/02\/67cd443f41d94501700ec7a9b6f16812.png 450w, https:\/\/nibboh.com\/wp-content\/uploads\/2026\/02\/67cd443f41d94501700ec7a9b6f16812-300x300.png 300w, https:\/\/nibboh.com\/wp-content\/uploads\/2026\/02\/67cd443f41d94501700ec7a9b6f16812-150x150.png 150w, https:\/\/nibboh.com\/wp-content\/uploads\/2026\/02\/67cd443f41d94501700ec7a9b6f16812-100x100.png 100w\" sizes=\"(max-width: 450px) 100vw, 450px\" title=\"\">\t\t\t\t\t\t\t\t\t\t\t\t\t\t\t<\/div>\n\t\t\t\t<div class=\"elementor-element elementor-element-1cac03f elementor-widget elementor-widget-image\" data-id=\"1cac03f\" data-element_type=\"widget\" data-e-type=\"widget\" data-widget_type=\"image.default\">\n\t\t\t\t\t\t\t\t\t\t\t\t\t\t\t<img decoding=\"async\" width=\"800\" height=\"800\" src=\"https:\/\/nibboh.com\/wp-content\/uploads\/2026\/02\/1e1a4773af65b57942d8fefbba9beb04.png\" class=\"attachment-large size-large wp-image-3167\" alt=\"\" srcset=\"https:\/\/nibboh.com\/wp-content\/uploads\/2026\/02\/1e1a4773af65b57942d8fefbba9beb04.png 800w, https:\/\/nibboh.com\/wp-content\/uploads\/2026\/02\/1e1a4773af65b57942d8fefbba9beb04-300x300.png 300w, https:\/\/nibboh.com\/wp-content\/uploads\/2026\/02\/1e1a4773af65b57942d8fefbba9beb04-150x150.png 150w, https:\/\/nibboh.com\/wp-content\/uploads\/2026\/02\/1e1a4773af65b57942d8fefbba9beb04-768x768.png 768w, https:\/\/nibboh.com\/wp-content\/uploads\/2026\/02\/1e1a4773af65b57942d8fefbba9beb04-650x650.png 650w, https:\/\/nibboh.com\/wp-content\/uploads\/2026\/02\/1e1a4773af65b57942d8fefbba9beb04-600x600.png 600w, https:\/\/nibboh.com\/wp-content\/uploads\/2026\/02\/1e1a4773af65b57942d8fefbba9beb04-100x100.png 100w\" sizes=\"(max-width: 800px) 100vw, 800px\" title=\"\">\t\t\t\t\t\t\t\t\t\t\t\t\t\t\t<\/div>\n\t\t\t\t\t<\/div>\n\t\t\t\t<\/div>\n\t\t<div class=\"elementor-element elementor-element-8577001 e-flex e-con-boxed e-con e-parent\" data-id=\"8577001\" data-element_type=\"container\" data-e-type=\"container\">\n\t\t\t\t\t<div class=\"e-con-inner\">\n\t\t\t\t<div class=\"elementor-element elementor-element-12c85ba elementor-widget__width-initial elementor-widget elementor-widget-image\" data-id=\"12c85ba\" data-element_type=\"widget\" data-e-type=\"widget\" data-widget_type=\"image.default\">\n\t\t\t\t\t\t\t\t\t\t\t\t\t\t\t\t<a href=\"https:\/\/nibboh.com\/wp-content\/uploads\/2026\/02\/MAGNETIC-COMPOENTS-1.pdf\">\n\t\t\t\t\t\t\t<img loading=\"lazy\" decoding=\"async\" width=\"574\" height=\"390\" src=\"https:\/\/nibboh.com\/wp-content\/uploads\/2026\/02\/MC.png\" class=\"attachment-large size-large wp-image-2429\" alt=\"\" srcset=\"https:\/\/nibboh.com\/wp-content\/uploads\/2026\/02\/MC.png 574w, https:\/\/nibboh.com\/wp-content\/uploads\/2026\/02\/MC-300x204.png 300w\" sizes=\"(max-width: 574px) 100vw, 574px\" title=\"\">\t\t\t\t\t\t\t\t<\/a>\n\t\t\t\t\t\t\t\t\t\t\t\t\t\t\t<\/div>\n\t\t\t\t<div class=\"elementor-element elementor-element-527751f elementor-widget elementor-widget-heading\" data-id=\"527751f\" data-element_type=\"widget\" data-e-type=\"widget\" data-widget_type=\"heading.default\">\n\t\t\t\t\t<h2 class=\"elementor-heading-title elementor-size-default\"><a href=\"https:\/\/nibboh.com\/wp-content\/uploads\/2026\/02\/MAGNETIC-COMPOENTS-1.pdf\">Klicken Sie hier, um mehr zu erfahren<\/a><\/h2>\t\t\t\t<\/div>\n\t\t\t\t\t<\/div>\n\t\t\t\t<\/div>\n\t\t<div class=\"elementor-element elementor-element-5e096a1 e-flex e-con-boxed e-con e-parent\" data-id=\"5e096a1\" data-element_type=\"container\" data-e-type=\"container\">\n\t\t\t\t\t<div class=\"e-con-inner\">\n\t\t\t\t\t<\/div>\n\t\t\t\t<\/div>\n\t\t\t\t<\/div>\n\t\t","protected":false},"excerpt":{"rendered":"<p>Topfmagnete bestehen aus Magneten (NdFeB, AlNiCo, SmCo, Hardferrit), Metallschalen aus Gummi, Kunststoff und anderen Komponenten und werden in verschiedenen Branchen wie Automobilen, Maschinenverarbeitung, Ingenieurbau usw. h\u00e4ufig eingesetzt.<br \/>\nPot-Magnete sind aufgrund ihrer einzigartigen Struktur in der Lage, Aufgaben zu erf\u00fcllen, die mit einem einzigen Magneten nicht erreicht werden k\u00f6nnen, und deren Preis<br \/>\ng\u00fcnstig und vielseitig, geeignet f\u00fcr Haushalt, B\u00fcro und andere industrielle Zwecke in verschiedenen Industrien.<\/p>\n","protected":false},"featured_media":1755,"template":"","meta":{"_acf_changed":false},"product_brand":[],"product_cat":[58],"product_tag":[],"class_list":{"0":"post-3136","1":"product","2":"type-product","3":"status-publish","4":"has-post-thumbnail","6":"product_cat-magnetische-komponente","8":"first","9":"instock","10":"shipping-taxable","11":"purchasable","12":"product-type-simple"},"acf":[],"_links":{"self":[{"href":"https:\/\/nibboh.com\/de\/wp-json\/wp\/v2\/product\/3136","targetHints":{"allow":["GET"]}}],"collection":[{"href":"https:\/\/nibboh.com\/de\/wp-json\/wp\/v2\/product"}],"about":[{"href":"https:\/\/nibboh.com\/de\/wp-json\/wp\/v2\/types\/product"}],"version-history":[{"count":1,"href":"https:\/\/nibboh.com\/de\/wp-json\/wp\/v2\/product\/3136\/revisions"}],"predecessor-version":[{"id":3172,"href":"https:\/\/nibboh.com\/de\/wp-json\/wp\/v2\/product\/3136\/revisions\/3172"}],"wp:featuredmedia":[{"embeddable":true,"href":"https:\/\/nibboh.com\/de\/wp-json\/wp\/v2\/media\/1755"}],"wp:attachment":[{"href":"https:\/\/nibboh.com\/de\/wp-json\/wp\/v2\/media?parent=3136"}],"wp:term":[{"taxonomy":"product_brand","embeddable":true,"href":"https:\/\/nibboh.com\/de\/wp-json\/wp\/v2\/product_brand?post=3136"},{"taxonomy":"product_cat","embeddable":true,"href":"https:\/\/nibboh.com\/de\/wp-json\/wp\/v2\/product_cat?post=3136"},{"taxonomy":"product_tag","embeddable":true,"href":"https:\/\/nibboh.com\/de\/wp-json\/wp\/v2\/product_tag?post=3136"}],"curies":[{"name":"wp","href":"https:\/\/api.w.org\/{rel}","templated":true}]}}