{"id":3009,"date":"2026-02-05T16:46:10","date_gmt":"2026-02-05T08:46:10","guid":{"rendered":"https:\/\/nibboh.com\/product\/magnetgitter\/"},"modified":"2026-03-17T10:21:03","modified_gmt":"2026-03-17T02:21:03","slug":"magnetgitter","status":"publish","type":"product","link":"https:\/\/nibboh.com\/de\/produkt\/magnetgitter\/","title":{"rendered":"Magnetgitter"},"content":{"rendered":"\t\t<div data-elementor-type=\"product-post\" data-elementor-id=\"3009\" class=\"elementor elementor-3009 elementor-1194\" data-elementor-post-type=\"product\">\n\t\t\t\t<div class=\"elementor-element elementor-element-c96e620 e-flex e-con-boxed e-con e-parent\" data-id=\"c96e620\" data-element_type=\"container\" data-e-type=\"container\">\n\t\t\t\t\t<div class=\"e-con-inner\">\n\t\t\t\t<div class=\"elementor-element elementor-element-355d224 e-n-tabs-mobile elementor-widget elementor-widget-n-tabs\" data-id=\"355d224\" data-element_type=\"widget\" data-e-type=\"widget\" data-settings=\"{&quot;tabs_justify_horizontal&quot;:&quot;start&quot;,&quot;horizontal_scroll&quot;:&quot;disable&quot;}\" data-widget_type=\"nested-tabs.default\">\n\t\t\t\t\t\t\t<div class=\"e-n-tabs\" data-widget-number=\"55956004\" aria-label=\"Tabs. Open items with Enter or Space, close with Escape and navigate using the Arrow keys.\">\n\t\t\t<div class=\"e-n-tabs-heading\" role=\"tablist\">\n\t\t\t\t\t<button id=\"e-n-tab-title-559560041\" data-tab-title-id=\"e-n-tab-title-559560041\" class=\"e-n-tab-title\" aria-selected=\"true\" data-tab-index=\"1\" role=\"tab\" tabindex=\"0\" aria-controls=\"e-n-tab-content-559560041\" style=\"--n-tabs-title-order: 1;\">\n\t\t\t\t\t\t<span class=\"e-n-tab-title-text\">\n\t\t\t\tTechnische Spezifikationen\t\t\t<\/span>\n\t\t<\/button>\n\t\t\t\t<button id=\"e-n-tab-title-559560042\" data-tab-title-id=\"e-n-tab-title-559560042\" class=\"e-n-tab-title\" aria-selected=\"false\" data-tab-index=\"2\" role=\"tab\" tabindex=\"-1\" aria-controls=\"e-n-tab-content-559560042\" style=\"--n-tabs-title-order: 2;\">\n\t\t\t\t\t\t<span class=\"e-n-tab-title-text\">\n\t\t\t\tAnwendungsbereiche\t\t\t<\/span>\n\t\t<\/button>\n\t\t\t\t\t<\/div>\n\t\t\t<div class=\"e-n-tabs-content\">\n\t\t\t\t<div id=\"e-n-tab-content-559560041\" role=\"tabpanel\" aria-labelledby=\"e-n-tab-title-559560041\" data-tab-index=\"1\" style=\"--n-tabs-title-order: 1;\" class=\"e-active elementor-element elementor-element-3154562 e-con-full e-flex e-con e-child\" data-id=\"3154562\" data-element_type=\"container\" data-e-type=\"container\">\n\t\t\t\t<div class=\"elementor-element elementor-element-a3911ad elementor-hidden-desktop elementor-hidden-tablet elementor-hidden-mobile elementor-widget elementor-widget-text-editor\" data-id=\"a3911ad\" data-element_type=\"widget\" data-e-type=\"widget\" data-widget_type=\"text-editor.default\">\n\t\t\t\t\t\t\t\t\t<table style=\"border-collapse: collapse; width: 505.02pt;\" border=\"0\" width=\"505\" cellspacing=\"0\" cellpadding=\"0\"><tbody><tr style=\"height: 16.50pt;\"><td class=\"et3\" style=\"height: 16.50pt; width: 505.40pt;\" colspan=\"2\" width=\"505\" height=\"16\">Runde<\/td><\/tr><tr style=\"height: 16.00pt;\"><td class=\"et3\" style=\"height: 16.00pt; width: 252.95pt;\" width=\"252\" height=\"16\">Gr\u00f6\u00dfe (mm.)<\/td><td class=\"et3\" style=\"width: 252.45pt;\" width=\"252\">St\u00e4be<\/td><\/tr><tr style=\"height: 16.00pt;\"><td class=\"et4\" style=\"height: 16.00pt; width: 252.95pt;\" width=\"252\" height=\"16\">Durchmesser 100 x 40 <\/td><td class=\"et4\" style=\"width: 252.45pt;\" width=\"252\">2<\/td><\/tr><tr style=\"height: 16.00pt;\"><td class=\"et3\" style=\"height: 16.00pt; width: 252.95pt;\" width=\"252\" height=\"16\">Dia. 150 x 40 <\/td><td class=\"et3\" style=\"width: 252.45pt;\" width=\"252\">3<\/td><\/tr><tr style=\"height: 16.00pt;\"><td class=\"et4\" style=\"height: 16.00pt; width: 252.95pt;\" width=\"252\" height=\"16\">Dia. 200 x 40 <\/td><td class=\"et4\" style=\"width: 252.45pt;\" width=\"252\">4<\/td><\/tr><tr style=\"height: 16.00pt;\"><td class=\"et3\" style=\"height: 16.00pt; width: 252.95pt;\" width=\"252\" height=\"16\">Dia. 250 x 40 <\/td><td class=\"et3\" style=\"width: 252.45pt;\" width=\"252\">5<\/td><\/tr><tr style=\"height: 16.00pt;\"><td class=\"et4\" style=\"height: 16.00pt; width: 252.95pt;\" width=\"252\" height=\"16\">Dia. 300 x 40 <\/td><td class=\"et4\" style=\"width: 252.45pt;\" width=\"252\">6<\/td><\/tr><tr style=\"height: 16.00pt;\"><td class=\"et3\" style=\"height: 16.00pt; width: 252.95pt;\" width=\"252\" height=\"16\">Durchmesser 350 x 40 <\/td><td class=\"et3\" style=\"width: 252.45pt;\" width=\"252\">7<\/td><\/tr><tr style=\"height: 16.00pt;\"><td class=\"et4\" style=\"height: 16.00pt; width: 252.95pt;\" width=\"252\" height=\"16\">Durchmesser 400 x 40 <\/td><td class=\"et4\" style=\"width: 252.45pt;\" width=\"252\">8<\/td><\/tr><tr style=\"height: 16.00pt;\"><td class=\"et3\" style=\"height: 16.00pt; width: 252.95pt;\" width=\"252\" height=\"16\">Durchmesser 450 x 40 <\/td><td class=\"et3\" style=\"width: 252.45pt;\" width=\"252\">9<\/td><\/tr><tr style=\"height: 16.00pt;\"><td class=\"et4\" style=\"height: 16.00pt; width: 252.95pt;\" width=\"252\" height=\"16\">Dia. 500 x 40 <\/td><td class=\"et4\" style=\"width: 252.45pt;\" width=\"252\">10<\/td><\/tr><\/tbody><\/table><p> <\/p><table style=\"border-collapse: collapse; width: 505.02pt;\" border=\"0\" width=\"505\" cellspacing=\"0\" cellpadding=\"0\"><tbody><tr style=\"height: 16.50pt;\"><td class=\"et3\" style=\"height: 16.50pt; width: 505.40pt;\" colspan=\"2\" width=\"505\" height=\"16\">Rechteck<\/td><\/tr><tr style=\"height: 16.00pt;\"><td class=\"et3\" style=\"height: 16.00pt; width: 252.95pt;\" width=\"252\" height=\"16\">Gr\u00f6\u00dfe (mm.)<\/td><td class=\"et3\" style=\"width: 252.45pt;\" width=\"252\">St\u00fcckanzahl<\/td><\/tr><tr style=\"height: 16.00pt;\"><td class=\"et4\" style=\"height: 16.00pt; width: 252.95pt;\" width=\"252\" height=\"16\">100 x 100 x 40<\/td><td class=\"et4\" style=\"width: 252.45pt;\" width=\"252\">2<\/td><\/tr><tr style=\"height: 16.00pt;\"><td class=\"et3\" style=\"height: 16.00pt; width: 252.95pt;\" width=\"252\" height=\"16\">150 x 150 x 40<\/td><td class=\"et3\" style=\"width: 252.45pt;\" width=\"252\">3<\/td><\/tr><tr style=\"height: 16.00pt;\"><td class=\"et4\" style=\"height: 16.00pt; width: 252.95pt;\" width=\"252\" height=\"16\">200 x 200 x 40<\/td><td class=\"et4\" style=\"width: 252.45pt;\" width=\"252\">4<\/td><\/tr><tr style=\"height: 16.00pt;\"><td class=\"et3\" style=\"height: 16.00pt; width: 252.95pt;\" width=\"252\" height=\"16\">250 x 250 x 40<\/td><td class=\"et3\" style=\"width: 252.45pt;\" width=\"252\">5<\/td><\/tr><tr style=\"height: 16.00pt;\"><td class=\"et4\" style=\"height: 16.00pt; width: 252.95pt;\" width=\"252\" height=\"16\">300 x 300 x 40<\/td><td class=\"et4\" style=\"width: 252.45pt;\" width=\"252\">6<\/td><\/tr><tr style=\"height: 16.00pt;\"><td class=\"et3\" style=\"height: 16.00pt; width: 252.95pt;\" width=\"252\" height=\"16\">350 x 350 x 40<\/td><td class=\"et3\" style=\"width: 252.45pt;\" width=\"252\">7<\/td><\/tr><tr style=\"height: 16.00pt;\"><td class=\"et4\" style=\"height: 16.00pt; width: 252.95pt;\" width=\"252\" height=\"16\">400 x 400 x 40<\/td><td class=\"et4\" style=\"width: 252.45pt;\" width=\"252\">8<\/td><\/tr><tr style=\"height: 16.00pt;\"><td class=\"et3\" style=\"height: 16.00pt; width: 252.95pt;\" width=\"252\" height=\"16\">450 x 450 x 40<\/td><td class=\"et3\" style=\"width: 252.45pt;\" width=\"252\">9<\/td><\/tr><tr style=\"height: 16.00pt;\"><td class=\"et4\" style=\"height: 16.00pt; width: 252.95pt;\" width=\"252\" height=\"16\">500 x 500 x 40<\/td><td class=\"et4\" style=\"width: 252.45pt;\" width=\"252\">10<\/td><\/tr><\/tbody><\/table>\t\t\t\t\t\t\t\t<\/div>\n\t\t\t\t<div class=\"elementor-element elementor-element-646a1dc elementor-widget elementor-widget-image\" data-id=\"646a1dc\" data-element_type=\"widget\" data-e-type=\"widget\" data-widget_type=\"image.default\">\n\t\t\t\t\t\t\t\t\t\t\t\t\t\t\t\t<a href=\"https:\/\/nibboh.com\/wp-content\/uploads\/2026\/01\/\u78c1\u529b\u67b6.png\" data-elementor-open-lightbox=\"yes\" data-elementor-lightbox-title=\"\u78c1\u529b\u67b6\" data-e-action-hash=\"#elementor-action%3Aaction%3Dlightbox%26settings%3DeyJpZCI6MzAxOSwidXJsIjoiaHR0cHM6XC9cL25pYmJvaC5jb21cL3dwLWNvbnRlbnRcL3VwbG9hZHNcLzIwMjZcLzAxXC9cdTc4YzFcdTUyOWJcdTY3YjYucG5nIn0%3D\">\n\t\t\t\t\t\t\t<img fetchpriority=\"high\" decoding=\"async\" width=\"1084\" height=\"622\" src=\"https:\/\/nibboh.com\/wp-content\/uploads\/2026\/01\/\u78c1\u529b\u67b6.png\" class=\"attachment-full size-full wp-image-3019\" alt=\"\" srcset=\"https:\/\/nibboh.com\/wp-content\/uploads\/2026\/01\/\u78c1\u529b\u67b6.png 1084w, https:\/\/nibboh.com\/wp-content\/uploads\/2026\/01\/\u78c1\u529b\u67b6-300x172.png 300w, https:\/\/nibboh.com\/wp-content\/uploads\/2026\/01\/\u78c1\u529b\u67b6-1024x588.png 1024w, https:\/\/nibboh.com\/wp-content\/uploads\/2026\/01\/\u78c1\u529b\u67b6-768x441.png 768w, https:\/\/nibboh.com\/wp-content\/uploads\/2026\/01\/\u78c1\u529b\u67b6-600x344.png 600w\" sizes=\"(max-width: 1084px) 100vw, 1084px\" title=\"\">\t\t\t\t\t\t\t\t<\/a>\n\t\t\t\t\t\t\t\t\t\t\t\t\t\t\t<\/div>\n\t\t\t\t<\/div>\n\t\t<div id=\"e-n-tab-content-559560042\" role=\"tabpanel\" aria-labelledby=\"e-n-tab-title-559560042\" data-tab-index=\"2\" style=\"--n-tabs-title-order: 2;\" class=\" elementor-element elementor-element-2f843b5 e-con-full e-flex e-con e-child\" data-id=\"2f843b5\" data-element_type=\"container\" data-e-type=\"container\">\n\t\t<div class=\"elementor-element elementor-element-4fefff9 e-con-full e-flex e-con e-child\" data-id=\"4fefff9\" data-element_type=\"container\" data-e-type=\"container\" data-settings=\"{&quot;background_background&quot;:&quot;classic&quot;}\">\n\t\t\t\t<div class=\"elementor-element elementor-element-4131363 elementor-widget elementor-widget-text-editor\" data-id=\"4131363\" data-element_type=\"widget\" data-e-type=\"widget\" data-widget_type=\"text-editor.default\">\n\t\t\t\t\t\t\t\t\t<p class=\"p1\">Magnetische Racks sind magnetische Trennger\u00e4te, die aus mehreren starken magnetischen St\u00e4ben bestehen, die meist in Edelstahl umgeben sind. Sie fangen ferromagnetische Verunreinigungen effizient aus Fl\u00fcssigkeiten oder Partikeln auf und werden h\u00e4ufig zur Eisenentfernung in Produktionslinien der Lebensmittel-, Chemie- und Pharmaindustrie eingesetzt.   <\/p>\t\t\t\t\t\t\t\t<\/div>\n\t\t<div class=\"elementor-element elementor-element-22c538a e-grid e-con-full elementor-hidden-desktop elementor-hidden-tablet elementor-hidden-mobile e-con e-child\" data-id=\"22c538a\" data-element_type=\"container\" data-e-type=\"container\">\n\t\t\t\t<div class=\"elementor-element elementor-element-a35ffb8 elementor-position-top elementor-widget elementor-widget-image-box\" data-id=\"a35ffb8\" data-element_type=\"widget\" data-e-type=\"widget\" data-widget_type=\"image-box.default\">\n\t\t\t\t\t<div class=\"elementor-image-box-wrapper\"><figure class=\"elementor-image-box-img\"><img decoding=\"async\" width=\"1280\" height=\"853\" src=\"https:\/\/nibboh.com\/wp-content\/uploads\/2026\/01\/wind-turbines-601332_1280-1.jpg\" class=\"attachment-full size-full wp-image-2783\" alt=\"\" title=\"\" srcset=\"https:\/\/nibboh.com\/wp-content\/uploads\/2026\/01\/wind-turbines-601332_1280-1.jpg 1280w, https:\/\/nibboh.com\/wp-content\/uploads\/2026\/01\/wind-turbines-601332_1280-1-300x200.jpg 300w, https:\/\/nibboh.com\/wp-content\/uploads\/2026\/01\/wind-turbines-601332_1280-1-1024x682.jpg 1024w, https:\/\/nibboh.com\/wp-content\/uploads\/2026\/01\/wind-turbines-601332_1280-1-768x512.jpg 768w, https:\/\/nibboh.com\/wp-content\/uploads\/2026\/01\/wind-turbines-601332_1280-1-600x400.jpg 600w\" sizes=\"(max-width: 1280px) 100vw, 1280px\" \/><\/figure><div class=\"elementor-image-box-content\"><h3 class=\"elementor-image-box-title\">Windturbinengenerator<\/h3><\/div><\/div>\t\t\t\t<\/div>\n\t\t\t\t<div class=\"elementor-element elementor-element-5841a34 elementor-position-top elementor-widget elementor-widget-image-box\" data-id=\"5841a34\" data-element_type=\"widget\" data-e-type=\"widget\" data-widget_type=\"image-box.default\">\n\t\t\t\t\t<div class=\"elementor-image-box-wrapper\"><figure class=\"elementor-image-box-img\"><img decoding=\"async\" width=\"1280\" height=\"853\" src=\"https:\/\/nibboh.com\/wp-content\/uploads\/2026\/01\/wind-turbines-601332_1280-1.jpg\" class=\"attachment-full size-full wp-image-2783\" alt=\"\" title=\"\" srcset=\"https:\/\/nibboh.com\/wp-content\/uploads\/2026\/01\/wind-turbines-601332_1280-1.jpg 1280w, https:\/\/nibboh.com\/wp-content\/uploads\/2026\/01\/wind-turbines-601332_1280-1-300x200.jpg 300w, https:\/\/nibboh.com\/wp-content\/uploads\/2026\/01\/wind-turbines-601332_1280-1-1024x682.jpg 1024w, https:\/\/nibboh.com\/wp-content\/uploads\/2026\/01\/wind-turbines-601332_1280-1-768x512.jpg 768w, https:\/\/nibboh.com\/wp-content\/uploads\/2026\/01\/wind-turbines-601332_1280-1-600x400.jpg 600w\" sizes=\"(max-width: 1280px) 100vw, 1280px\" \/><\/figure><div class=\"elementor-image-box-content\"><h3 class=\"elementor-image-box-title\">Windturbinengenerator<\/h3><\/div><\/div>\t\t\t\t<\/div>\n\t\t\t\t<div class=\"elementor-element elementor-element-8c7c9c3 elementor-position-top elementor-widget elementor-widget-image-box\" data-id=\"8c7c9c3\" data-element_type=\"widget\" data-e-type=\"widget\" data-widget_type=\"image-box.default\">\n\t\t\t\t\t<div class=\"elementor-image-box-wrapper\"><figure class=\"elementor-image-box-img\"><img decoding=\"async\" width=\"1280\" height=\"853\" src=\"https:\/\/nibboh.com\/wp-content\/uploads\/2026\/01\/wind-turbines-601332_1280-1.jpg\" class=\"attachment-full size-full wp-image-2783\" alt=\"\" title=\"\" srcset=\"https:\/\/nibboh.com\/wp-content\/uploads\/2026\/01\/wind-turbines-601332_1280-1.jpg 1280w, https:\/\/nibboh.com\/wp-content\/uploads\/2026\/01\/wind-turbines-601332_1280-1-300x200.jpg 300w, https:\/\/nibboh.com\/wp-content\/uploads\/2026\/01\/wind-turbines-601332_1280-1-1024x682.jpg 1024w, https:\/\/nibboh.com\/wp-content\/uploads\/2026\/01\/wind-turbines-601332_1280-1-768x512.jpg 768w, https:\/\/nibboh.com\/wp-content\/uploads\/2026\/01\/wind-turbines-601332_1280-1-600x400.jpg 600w\" sizes=\"(max-width: 1280px) 100vw, 1280px\" \/><\/figure><div class=\"elementor-image-box-content\"><h3 class=\"elementor-image-box-title\">Windturbinengenerator<\/h3><\/div><\/div>\t\t\t\t<\/div>\n\t\t\t\t<\/div>\n\t\t\t\t<\/div>\n\t\t\t\t<\/div>\n\t\t\t\t\t<\/div>\n\t\t<\/div>\n\t\t\t\t\t\t<\/div>\n\t\t\t\t\t<\/div>\n\t\t\t\t<\/div>\n\t\t\t\t<\/div>\n\t\t","protected":false},"excerpt":{"rendered":"<p class=\"p1\">Magnetgitter sind magnetische Trennger\u00e4te, die aus mehreren starken magnetischen St\u00e4ben bestehen und typischerweise in Edelstahlgeh\u00e4usen untergebracht sind, die Korrosionsbest\u00e4ndigkeit und eine einfache Reinigung bieten. Sie ziehen effizient ferromagnetische Verunreinigungen aus Fl\u00fcssigkeiten oder Partikeln an, verbessern die Materialreinheit und sch\u00fctzen nachgelagerte Ger\u00e4te. Mit kompakten Strukturen und einfacher Installation werden magnetische Racks h\u00e4ufig in Eisenentfernungsprozessen auf Produktionslinien in der Lebensmittel-, Chemie-, Kunststoff- und Pharmaindustrie eingesetzt.  <\/p>\n","protected":false},"featured_media":1198,"template":"","meta":{"_acf_changed":false},"product_brand":[],"product_cat":[58],"product_tag":[],"class_list":{"0":"post-3009","1":"product","2":"type-product","3":"status-publish","4":"has-post-thumbnail","6":"product_cat-magnetische-komponente","8":"first","9":"instock","10":"shipping-taxable","11":"product-type-simple"},"acf":[],"_links":{"self":[{"href":"https:\/\/nibboh.com\/de\/wp-json\/wp\/v2\/product\/3009","targetHints":{"allow":["GET"]}}],"collection":[{"href":"https:\/\/nibboh.com\/de\/wp-json\/wp\/v2\/product"}],"about":[{"href":"https:\/\/nibboh.com\/de\/wp-json\/wp\/v2\/types\/product"}],"version-history":[{"count":1,"href":"https:\/\/nibboh.com\/de\/wp-json\/wp\/v2\/product\/3009\/revisions"}],"predecessor-version":[{"id":3020,"href":"https:\/\/nibboh.com\/de\/wp-json\/wp\/v2\/product\/3009\/revisions\/3020"}],"wp:featuredmedia":[{"embeddable":true,"href":"https:\/\/nibboh.com\/de\/wp-json\/wp\/v2\/media\/1198"}],"wp:attachment":[{"href":"https:\/\/nibboh.com\/de\/wp-json\/wp\/v2\/media?parent=3009"}],"wp:term":[{"taxonomy":"product_brand","embeddable":true,"href":"https:\/\/nibboh.com\/de\/wp-json\/wp\/v2\/product_brand?post=3009"},{"taxonomy":"product_cat","embeddable":true,"href":"https:\/\/nibboh.com\/de\/wp-json\/wp\/v2\/product_cat?post=3009"},{"taxonomy":"product_tag","embeddable":true,"href":"https:\/\/nibboh.com\/de\/wp-json\/wp\/v2\/product_tag?post=3009"}],"curies":[{"name":"wp","href":"https:\/\/api.w.org\/{rel}","templated":true}]}}