{"id":2907,"date":"2026-02-05T16:57:47","date_gmt":"2026-02-05T08:57:47","guid":{"rendered":"https:\/\/nibboh.com\/product\/magnetrohr-bar\/"},"modified":"2026-03-17T10:18:46","modified_gmt":"2026-03-17T02:18:46","slug":"magnetrohr-bar","status":"publish","type":"product","link":"https:\/\/nibboh.com\/de\/produkt\/magnetrohr-bar\/","title":{"rendered":"Magnetrohr (Bar)"},"content":{"rendered":"\t\t<div data-elementor-type=\"product-post\" data-elementor-id=\"2907\" class=\"elementor elementor-2907 elementor-1210\" data-elementor-post-type=\"product\">\n\t\t\t\t<div class=\"elementor-element elementor-element-c96e620 e-con-full e-flex e-con e-parent\" data-id=\"c96e620\" data-element_type=\"container\" data-e-type=\"container\">\n\t\t\t\t<div class=\"elementor-element elementor-element-355d224 e-n-tabs-mobile elementor-widget elementor-widget-n-tabs\" data-id=\"355d224\" data-element_type=\"widget\" data-e-type=\"widget\" data-settings=\"{&quot;tabs_justify_horizontal&quot;:&quot;start&quot;,&quot;horizontal_scroll&quot;:&quot;disable&quot;}\" data-widget_type=\"nested-tabs.default\">\n\t\t\t\t\t\t\t<div class=\"e-n-tabs\" data-widget-number=\"55956004\" aria-label=\"Tabs. Open items with Enter or Space, close with Escape and navigate using the Arrow keys.\">\n\t\t\t<div class=\"e-n-tabs-heading\" role=\"tablist\">\n\t\t\t\t\t<button id=\"e-n-tab-title-559560041\" data-tab-title-id=\"e-n-tab-title-559560041\" class=\"e-n-tab-title\" aria-selected=\"true\" data-tab-index=\"1\" role=\"tab\" tabindex=\"0\" aria-controls=\"e-n-tab-content-559560041\" style=\"--n-tabs-title-order: 1;\">\n\t\t\t\t\t\t<span class=\"e-n-tab-title-text\">\n\t\t\t\tTechnische Spezifikationen\t\t\t<\/span>\n\t\t<\/button>\n\t\t\t\t<button id=\"e-n-tab-title-559560042\" data-tab-title-id=\"e-n-tab-title-559560042\" class=\"e-n-tab-title\" aria-selected=\"false\" data-tab-index=\"2\" role=\"tab\" tabindex=\"-1\" aria-controls=\"e-n-tab-content-559560042\" style=\"--n-tabs-title-order: 2;\">\n\t\t\t\t\t\t<span class=\"e-n-tab-title-text\">\n\t\t\t\tAnwendungsbereiche\t\t\t<\/span>\n\t\t<\/button>\n\t\t\t\t\t<\/div>\n\t\t\t<div class=\"e-n-tabs-content\">\n\t\t\t\t<div id=\"e-n-tab-content-559560041\" role=\"tabpanel\" aria-labelledby=\"e-n-tab-title-559560041\" data-tab-index=\"1\" style=\"--n-tabs-title-order: 1;\" class=\"e-active elementor-element elementor-element-3154562 e-con-full e-flex e-con e-child\" data-id=\"3154562\" data-element_type=\"container\" data-e-type=\"container\">\n\t\t\t\t<div class=\"elementor-element elementor-element-a3911ad elementor-hidden-desktop elementor-hidden-tablet elementor-hidden-mobile elementor-widget elementor-widget-text-editor\" data-id=\"a3911ad\" data-element_type=\"widget\" data-e-type=\"widget\" data-widget_type=\"text-editor.default\">\n\t\t\t\t\t\t\t\t\t<table style=\"border-collapse: collapse; width: 388.02pt;\" border=\"0\" width=\"388\" cellspacing=\"0\" cellpadding=\"0\"><tbody><tr style=\"height: 16.00pt;\"><td class=\"et3\" style=\"height: 16.00pt; width: 48.55pt;\" width=\"48\" height=\"16\"> <\/td><td class=\"et3\" style=\"width: 48.55pt;\" width=\"48\">0,25T<\/td><td class=\"et3\" style=\"width: 48.55pt;\" width=\"48\">0,5T<\/td><td class=\"et3\" style=\"width: 48.55pt;\" width=\"48\">0,7T<\/td><td class=\"et3\" style=\"width: 48.55pt;\" width=\"48\">0,9T<\/td><td class=\"et3\" style=\"width: 48.55pt;\" width=\"48\">1T<\/td><td class=\"et3\" style=\"width: 48.55pt;\" width=\"48\">1.1T<\/td><td class=\"et3\" style=\"width: 48.55pt;\" width=\"48\">1.2T<\/td><\/tr><tr style=\"height: 32.00pt;\"><td class=\"et4\" style=\"height: 32.00pt; width: 48.55pt;\" width=\"48\" height=\"32\">\u03a619 (0.75&#8243;)<\/td><td class=\"et4\" style=\"width: 48.55pt;\" width=\"48\">\u221aEH<\/td><td class=\"et4\" style=\"width: 48.55pt;\" width=\"48\">\u221aEH<\/td><td class=\"et4\" style=\"width: 48.55pt;\" width=\"48\">\u221aEH<\/td><td class=\"et4\" style=\"width: 48.55pt;\" width=\"48\">\u221aH<\/td><td class=\"et4\" style=\"width: 48.55pt;\" width=\"48\">\u221aM<\/td><td class=\"et4\" style=\"width: 48.55pt;\" width=\"48\"><span class=\"font3\">\uff0d<\/span><\/td><td class=\"et4\" style=\"width: 48.55pt;\" width=\"48\"><span class=\"font3\">\uff0d<\/span><\/td><\/tr><tr style=\"height: 32.00pt;\"><td class=\"et3\" style=\"height: 32.00pt; width: 48.55pt;\" width=\"48\" height=\"32\">\u03a622 (0.85&#8243;)<\/td><td class=\"et3\" style=\"width: 48.55pt;\" width=\"48\">\u221aEH<\/td><td class=\"et3\" style=\"width: 48.55pt;\" width=\"48\">\u221aEH<\/td><td class=\"et3\" style=\"width: 48.55pt;\" width=\"48\">\u221aEH<\/td><td class=\"et3\" style=\"width: 48.55pt;\" width=\"48\">\u221aH<\/td><td class=\"et3\" style=\"width: 48.55pt;\" width=\"48\">\u221aM<\/td><td class=\"et3\" style=\"width: 48.55pt;\" width=\"48\">\u221aN<\/td><td class=\"et3\" style=\"width: 48.55pt;\" width=\"48\"><span class=\"font3\">\uff0d<\/span><\/td><\/tr><tr style=\"height: 32.00pt;\"><td class=\"et4\" style=\"height: 32.00pt; width: 48.55pt;\" width=\"48\" height=\"32\">\u03a625 (1.00&#8243;)<\/td><td class=\"et4\" style=\"width: 48.55pt;\" width=\"48\">\u221aEH<\/td><td class=\"et4\" style=\"width: 48.55pt;\" width=\"48\">\u221aEH<\/td><td class=\"et4\" style=\"width: 48.55pt;\" width=\"48\">\u221aEH<\/td><td class=\"et4\" style=\"width: 48.55pt;\" width=\"48\">\u221aSH<\/td><td class=\"et4\" style=\"width: 48.55pt;\" width=\"48\">\u221aH<\/td><td class=\"et4\" style=\"width: 48.55pt;\" width=\"48\">\u221aM<\/td><td class=\"et4\" style=\"width: 48.55pt;\" width=\"48\">\u221aN<\/td><\/tr><tr style=\"height: 32.00pt;\"><td class=\"et3\" style=\"height: 32.00pt; width: 48.55pt;\" width=\"48\" height=\"32\">\u03a632 (1.25&#8243;)<\/td><td class=\"et3\" style=\"width: 48.55pt;\" width=\"48\">\u221aEH<\/td><td class=\"et3\" style=\"width: 48.55pt;\" width=\"48\">\u221aEH<\/td><td class=\"et3\" style=\"width: 48.55pt;\" width=\"48\">\u221aEH<\/td><td class=\"et3\" style=\"width: 48.55pt;\" width=\"48\">\u221aSH<\/td><td class=\"et3\" style=\"width: 48.55pt;\" width=\"48\">\u221aH<\/td><td class=\"et3\" style=\"width: 48.55pt;\" width=\"48\">\u221aM<\/td><td class=\"et3\" style=\"width: 48.55pt;\" width=\"48\">\u221aN<\/td><\/tr><tr style=\"height: 32.00pt;\"><td class=\"et3\" style=\"height: 32.00pt; width: 48.55pt;\" width=\"48\" height=\"32\">\u03a638 (1.50&#8243;)<\/td><td class=\"et3\" style=\"width: 48.55pt;\" width=\"48\">\u221aEH<\/td><td class=\"et3\" style=\"width: 48.55pt;\" width=\"48\">\u221aEH<\/td><td class=\"et3\" style=\"width: 48.55pt;\" width=\"48\">\u221aEH<\/td><td class=\"et3\" style=\"width: 48.55pt;\" width=\"48\">\u221aUH<\/td><td class=\"et3\" style=\"width: 48.55pt;\" width=\"48\">\u221aSH<\/td><td class=\"et3\" style=\"width: 48.55pt;\" width=\"48\">\u221aH<\/td><td class=\"et3\" style=\"width: 48.55pt;\" width=\"48\">\u221aM<\/td><\/tr><tr style=\"height: 32.00pt;\"><td class=\"et3\" style=\"height: 32.00pt; width: 48.55pt;\" width=\"48\" height=\"32\">\u03a650 (1.75&#8243;)<\/td><td class=\"et3\" style=\"width: 48.55pt;\" width=\"48\">\u221aEH<\/td><td class=\"et3\" style=\"width: 48.55pt;\" width=\"48\">\u221aEH<\/td><td class=\"et3\" style=\"width: 48.55pt;\" width=\"48\">\u221aEH<\/td><td class=\"et3\" style=\"width: 48.55pt;\" width=\"48\">\u221aUH<\/td><td class=\"et3\" style=\"width: 48.55pt;\" width=\"48\">\u221aSH<\/td><td class=\"et3\" style=\"width: 48.55pt;\" width=\"48\">\u221aH<\/td><td class=\"et3\" style=\"width: 48.55pt;\" width=\"48\">\u221aM<\/td><\/tr><tr style=\"height: 32.00pt;\"><td class=\"et4\" style=\"height: 32.00pt; width: 48.55pt;\" width=\"48\" height=\"32\">\u03a676 (3.00&#8243;)<\/td><td class=\"et4\" style=\"width: 48.55pt;\" width=\"48\">\u221aEH<\/td><td class=\"et4\" style=\"width: 48.55pt;\" width=\"48\">\u221aEH<\/td><td class=\"et4\" style=\"width: 48.55pt;\" width=\"48\">\u221aEH<\/td><td class=\"et4\" style=\"width: 48.55pt;\" width=\"48\">\u221aUH<\/td><td class=\"et4\" style=\"width: 48.55pt;\" width=\"48\">\u221aUH<\/td><td class=\"et4\" style=\"width: 48.55pt;\" width=\"48\">\u221aSH<\/td><td class=\"et4\" style=\"width: 48.55pt;\" width=\"48\">\u221aH<\/td><\/tr><tr style=\"height: 47.00pt;\"><td class=\"et3\" style=\"height: 47.00pt; width: 48.55pt;\" width=\"48\" height=\"47\">\u03a6100(4.00&#8243;)<\/td><td class=\"et3\" style=\"width: 48.55pt;\" width=\"48\">\u221aEH<\/td><td class=\"et3\" style=\"width: 48.55pt;\" width=\"48\">\u221aEH<\/td><td class=\"et3\" style=\"width: 48.55pt;\" width=\"48\">\u221aEH<\/td><td class=\"et3\" style=\"width: 48.55pt;\" width=\"48\">\u221aUH<\/td><td class=\"et3\" style=\"width: 48.55pt;\" width=\"48\">\u221aUH<\/td><td class=\"et3\" style=\"width: 48.55pt;\" width=\"48\">\u221aSH<\/td><td class=\"et3\" style=\"width: 48.55pt;\" width=\"48\">\u221aH<\/td><\/tr><\/tbody><\/table>\t\t\t\t\t\t\t\t<\/div>\n\t\t\t\t<div class=\"elementor-element elementor-element-646a1dc elementor-widget elementor-widget-image\" data-id=\"646a1dc\" data-element_type=\"widget\" data-e-type=\"widget\" data-widget_type=\"image.default\">\n\t\t\t\t\t\t\t\t\t\t\t\t\t\t\t\t<a href=\"https:\/\/nibboh.com\/wp-content\/uploads\/2026\/01\/\u78c1\u529b\u68d2.png\" data-elementor-open-lightbox=\"yes\" data-elementor-lightbox-title=\"\u78c1\u529b\u68d2\" data-e-action-hash=\"#elementor-action%3Aaction%3Dlightbox%26settings%3DeyJpZCI6MjkxNCwidXJsIjoiaHR0cHM6XC9cL25pYmJvaC5jb21cL3dwLWNvbnRlbnRcL3VwbG9hZHNcLzIwMjZcLzAxXC9cdTc4YzFcdTUyOWJcdTY4ZDIucG5nIn0%3D\">\n\t\t\t\t\t\t\t<img fetchpriority=\"high\" decoding=\"async\" width=\"905\" height=\"478\" src=\"https:\/\/nibboh.com\/wp-content\/uploads\/2026\/01\/\u78c1\u529b\u68d2.png\" class=\"attachment-full size-full wp-image-2914\" alt=\"\" srcset=\"https:\/\/nibboh.com\/wp-content\/uploads\/2026\/01\/\u78c1\u529b\u68d2.png 905w, https:\/\/nibboh.com\/wp-content\/uploads\/2026\/01\/\u78c1\u529b\u68d2-300x158.png 300w, https:\/\/nibboh.com\/wp-content\/uploads\/2026\/01\/\u78c1\u529b\u68d2-768x406.png 768w, https:\/\/nibboh.com\/wp-content\/uploads\/2026\/01\/\u78c1\u529b\u68d2-600x317.png 600w\" sizes=\"(max-width: 905px) 100vw, 905px\" title=\"\">\t\t\t\t\t\t\t\t<\/a>\n\t\t\t\t\t\t\t\t\t\t\t\t\t\t\t<\/div>\n\t\t\t\t<\/div>\n\t\t<div id=\"e-n-tab-content-559560042\" role=\"tabpanel\" aria-labelledby=\"e-n-tab-title-559560042\" data-tab-index=\"2\" style=\"--n-tabs-title-order: 2;\" class=\" elementor-element elementor-element-2f843b5 e-con-full e-flex e-con e-child\" data-id=\"2f843b5\" data-element_type=\"container\" data-e-type=\"container\">\n\t\t<div class=\"elementor-element elementor-element-4fefff9 e-con-full e-flex e-con e-child\" data-id=\"4fefff9\" data-element_type=\"container\" data-e-type=\"container\" data-settings=\"{&quot;background_background&quot;:&quot;classic&quot;}\">\n\t\t\t\t<div class=\"elementor-element elementor-element-4131363 elementor-widget elementor-widget-text-editor\" data-id=\"4131363\" data-element_type=\"widget\" data-e-type=\"widget\" data-widget_type=\"text-editor.default\">\n\t\t\t\t\t\t\t\t\t<p class=\"p1\">Magnetst\u00e4be sind starke magnetische Abscheider mit eingebauten Permanentmagneten und Edelstahl-Au\u00dfengeh\u00e4usen. Sie fangen ferromagnetische Verunreinigungen effizient in Fl\u00fcssigkeiten oder Schl\u00e4mchen auf und werden in Materialreinigungsprozessen in der Lebensmittel-, Chemie- und Pharmaindustrie weit verbreitet eingesetzt.   <\/p>\t\t\t\t\t\t\t\t<\/div>\n\t\t<div class=\"elementor-element elementor-element-22c538a e-grid e-con-full elementor-hidden-desktop elementor-hidden-tablet elementor-hidden-mobile e-con e-child\" data-id=\"22c538a\" data-element_type=\"container\" data-e-type=\"container\">\n\t\t\t\t<div class=\"elementor-element elementor-element-a35ffb8 elementor-position-top elementor-widget elementor-widget-image-box\" data-id=\"a35ffb8\" data-element_type=\"widget\" data-e-type=\"widget\" data-widget_type=\"image-box.default\">\n\t\t\t\t\t<div class=\"elementor-image-box-wrapper\"><figure class=\"elementor-image-box-img\"><img decoding=\"async\" width=\"1280\" height=\"853\" src=\"https:\/\/nibboh.com\/wp-content\/uploads\/2026\/01\/wind-turbines-601332_1280-1.jpg\" class=\"attachment-full size-full wp-image-2783\" alt=\"\" title=\"\" srcset=\"https:\/\/nibboh.com\/wp-content\/uploads\/2026\/01\/wind-turbines-601332_1280-1.jpg 1280w, https:\/\/nibboh.com\/wp-content\/uploads\/2026\/01\/wind-turbines-601332_1280-1-300x200.jpg 300w, https:\/\/nibboh.com\/wp-content\/uploads\/2026\/01\/wind-turbines-601332_1280-1-1024x682.jpg 1024w, https:\/\/nibboh.com\/wp-content\/uploads\/2026\/01\/wind-turbines-601332_1280-1-768x512.jpg 768w, https:\/\/nibboh.com\/wp-content\/uploads\/2026\/01\/wind-turbines-601332_1280-1-600x400.jpg 600w\" sizes=\"(max-width: 1280px) 100vw, 1280px\" \/><\/figure><div class=\"elementor-image-box-content\"><h3 class=\"elementor-image-box-title\">Windturbinengenerator<\/h3><\/div><\/div>\t\t\t\t<\/div>\n\t\t\t\t<div class=\"elementor-element elementor-element-5841a34 elementor-position-top elementor-widget elementor-widget-image-box\" data-id=\"5841a34\" data-element_type=\"widget\" data-e-type=\"widget\" data-widget_type=\"image-box.default\">\n\t\t\t\t\t<div class=\"elementor-image-box-wrapper\"><figure class=\"elementor-image-box-img\"><img decoding=\"async\" width=\"1280\" height=\"853\" src=\"https:\/\/nibboh.com\/wp-content\/uploads\/2026\/01\/wind-turbines-601332_1280-1.jpg\" class=\"attachment-full size-full wp-image-2783\" alt=\"\" title=\"\" srcset=\"https:\/\/nibboh.com\/wp-content\/uploads\/2026\/01\/wind-turbines-601332_1280-1.jpg 1280w, https:\/\/nibboh.com\/wp-content\/uploads\/2026\/01\/wind-turbines-601332_1280-1-300x200.jpg 300w, https:\/\/nibboh.com\/wp-content\/uploads\/2026\/01\/wind-turbines-601332_1280-1-1024x682.jpg 1024w, https:\/\/nibboh.com\/wp-content\/uploads\/2026\/01\/wind-turbines-601332_1280-1-768x512.jpg 768w, https:\/\/nibboh.com\/wp-content\/uploads\/2026\/01\/wind-turbines-601332_1280-1-600x400.jpg 600w\" sizes=\"(max-width: 1280px) 100vw, 1280px\" \/><\/figure><div class=\"elementor-image-box-content\"><h3 class=\"elementor-image-box-title\">Windturbinengenerator<\/h3><\/div><\/div>\t\t\t\t<\/div>\n\t\t\t\t<div class=\"elementor-element elementor-element-8c7c9c3 elementor-position-top elementor-widget elementor-widget-image-box\" data-id=\"8c7c9c3\" data-element_type=\"widget\" data-e-type=\"widget\" data-widget_type=\"image-box.default\">\n\t\t\t\t\t<div class=\"elementor-image-box-wrapper\"><figure class=\"elementor-image-box-img\"><img decoding=\"async\" width=\"1280\" height=\"853\" src=\"https:\/\/nibboh.com\/wp-content\/uploads\/2026\/01\/wind-turbines-601332_1280-1.jpg\" class=\"attachment-full size-full wp-image-2783\" alt=\"\" title=\"\" srcset=\"https:\/\/nibboh.com\/wp-content\/uploads\/2026\/01\/wind-turbines-601332_1280-1.jpg 1280w, https:\/\/nibboh.com\/wp-content\/uploads\/2026\/01\/wind-turbines-601332_1280-1-300x200.jpg 300w, https:\/\/nibboh.com\/wp-content\/uploads\/2026\/01\/wind-turbines-601332_1280-1-1024x682.jpg 1024w, https:\/\/nibboh.com\/wp-content\/uploads\/2026\/01\/wind-turbines-601332_1280-1-768x512.jpg 768w, https:\/\/nibboh.com\/wp-content\/uploads\/2026\/01\/wind-turbines-601332_1280-1-600x400.jpg 600w\" sizes=\"(max-width: 1280px) 100vw, 1280px\" \/><\/figure><div class=\"elementor-image-box-content\"><h3 class=\"elementor-image-box-title\">Windturbinengenerator<\/h3><\/div><\/div>\t\t\t\t<\/div>\n\t\t\t\t<\/div>\n\t\t\t\t<\/div>\n\t\t\t\t<\/div>\n\t\t\t\t\t<\/div>\n\t\t<\/div>\n\t\t\t\t\t\t<\/div>\n\t\t\t\t<\/div>\n\t\t\t\t<\/div>\n\t\t","protected":false},"excerpt":{"rendered":"<p class=\"p1\">Magnetst\u00e4be sind starke magnetische Trennvorrichtungen, die aus hochwertigen Edelstahlrohren und hoch-B-wertigen Seltenerd-NdFeB-Magneten bestehen und mit speziellen Methoden hergestellt werden. Sie verbrauchen keine Energie, verursachen keine Verschmutzung und k\u00f6nnen \u00fcberall entlang der Produktionslinie installiert werden, wo sie Materialien kontaktieren, was Platz spart und eine einfache Installation erm\u00f6glicht. Mit starker magnetischer Kraft, einfacher Struktur und langer Lebensdauer k\u00f6nnen magnetische St\u00e4be in Gr\u00f6\u00dfe und Form an Kundenanforderungen und Produktionsstandortbedingungen angepasst werden.  <\/p>\n","protected":false},"featured_media":1215,"template":"","meta":{"_acf_changed":false},"product_brand":[],"product_cat":[58],"product_tag":[],"class_list":{"0":"post-2907","1":"product","2":"type-product","3":"status-publish","4":"has-post-thumbnail","6":"product_cat-magnetische-komponente","8":"first","9":"instock","10":"shipping-taxable","11":"product-type-simple"},"acf":[],"_links":{"self":[{"href":"https:\/\/nibboh.com\/de\/wp-json\/wp\/v2\/product\/2907","targetHints":{"allow":["GET"]}}],"collection":[{"href":"https:\/\/nibboh.com\/de\/wp-json\/wp\/v2\/product"}],"about":[{"href":"https:\/\/nibboh.com\/de\/wp-json\/wp\/v2\/types\/product"}],"version-history":[{"count":1,"href":"https:\/\/nibboh.com\/de\/wp-json\/wp\/v2\/product\/2907\/revisions"}],"predecessor-version":[{"id":2915,"href":"https:\/\/nibboh.com\/de\/wp-json\/wp\/v2\/product\/2907\/revisions\/2915"}],"wp:featuredmedia":[{"embeddable":true,"href":"https:\/\/nibboh.com\/de\/wp-json\/wp\/v2\/media\/1215"}],"wp:attachment":[{"href":"https:\/\/nibboh.com\/de\/wp-json\/wp\/v2\/media?parent=2907"}],"wp:term":[{"taxonomy":"product_brand","embeddable":true,"href":"https:\/\/nibboh.com\/de\/wp-json\/wp\/v2\/product_brand?post=2907"},{"taxonomy":"product_cat","embeddable":true,"href":"https:\/\/nibboh.com\/de\/wp-json\/wp\/v2\/product_cat?post=2907"},{"taxonomy":"product_tag","embeddable":true,"href":"https:\/\/nibboh.com\/de\/wp-json\/wp\/v2\/product_tag?post=2907"}],"curies":[{"name":"wp","href":"https:\/\/api.w.org\/{rel}","templated":true}]}}