{"id":2510,"date":"2026-01-08T14:52:25","date_gmt":"2026-01-08T06:52:25","guid":{"rendered":"https:\/\/nibboh.com\/usa-company\/"},"modified":"2026-03-17T10:11:26","modified_gmt":"2026-03-17T02:11:26","slug":"usa-company","status":"publish","type":"page","link":"https:\/\/nibboh.com\/de\/usa-company\/","title":{"rendered":"USA Company"},"content":{"rendered":"\t\t<div data-elementor-type=\"wp-page\" data-elementor-id=\"2510\" class=\"elementor elementor-2510 elementor-474\" data-elementor-post-type=\"page\">\n\t\t\t\t<div class=\"elementor-element elementor-element-9a47b63 e-flex e-con-boxed e-con e-parent\" data-id=\"9a47b63\" data-element_type=\"container\" data-e-type=\"container\" data-settings=\"{&quot;background_background&quot;:&quot;classic&quot;,&quot;background_motion_fx_motion_fx_scrolling&quot;:&quot;yes&quot;,&quot;background_motion_fx_translateY_effect&quot;:&quot;yes&quot;,&quot;background_motion_fx_translateY_speed&quot;:{&quot;unit&quot;:&quot;px&quot;,&quot;size&quot;:8,&quot;sizes&quot;:[]},&quot;background_motion_fx_translateY_affectedRange&quot;:{&quot;unit&quot;:&quot;%&quot;,&quot;size&quot;:&quot;&quot;,&quot;sizes&quot;:{&quot;start&quot;:0,&quot;end&quot;:100}},&quot;background_motion_fx_devices&quot;:[&quot;desktop&quot;,&quot;tablet&quot;,&quot;mobile&quot;]}\">\n\t\t\t\t\t<div class=\"e-con-inner\">\n\t\t\t\t<div class=\"elementor-element elementor-element-2771850 elementor-invisible elementor-widget elementor-widget-heading\" data-id=\"2771850\" data-element_type=\"widget\" data-e-type=\"widget\" data-settings=\"{&quot;_animation&quot;:&quot;slideInUp&quot;}\" data-widget_type=\"heading.default\">\n\t\t\t\t\t<h1 class=\"elementor-heading-title elementor-size-default\">USA Company<\/h1>\t\t\t\t<\/div>\n\t\t\t\t<div class=\"elementor-element elementor-element-41f9939 elementor-invisible elementor-widget elementor-widget-text-editor\" data-id=\"41f9939\" data-element_type=\"widget\" data-e-type=\"widget\" data-settings=\"{&quot;_animation&quot;:&quot;slideInUp&quot;}\" data-widget_type=\"text-editor.default\">\n\t\t\t\t\t\t\t\t\t<p class=\"p1\">Lokale Unterst\u00fctzung, die Technik, Versorgung und Service verbindet.<\/p>\t\t\t\t\t\t\t\t<\/div>\n\t\t\t\t\t<\/div>\n\t\t\t\t<\/div>\n\t\t<div class=\"elementor-element elementor-element-946b23d e-flex e-con-boxed e-con e-parent\" data-id=\"946b23d\" data-element_type=\"container\" data-e-type=\"container\">\n\t\t\t\t\t<div class=\"e-con-inner\">\n\t\t\t\t<div class=\"elementor-element elementor-element-0d95c37 elementor-widget elementor-widget-text-editor\" data-id=\"0d95c37\" data-element_type=\"widget\" data-e-type=\"widget\" data-widget_type=\"text-editor.default\">\n\t\t\t\t\t\t\t\t\t<p class=\"p1\">Nibboh Magnets USA dient als lokales Vertriebs-, technisches Support- und Kundenservicezentrum f\u00fcr Nibbohs globales Permanentmagnet-Fertigungsnetzwerk. In enger Zusammenarbeit mit unseren Produktionsst\u00e4tten in China liefern wir leistungsstarke NdFeB-Magnete und magnetische Baugruppen f\u00fcr Kunden in ganz Nordamerika. <\/p><p class=\"p1\">Unser Team konzentriert sich auf schnelle Kommunikation, technischen Support und zuverl\u00e4ssige Lieferung. Durch die Kombination fortschrittlicher Fertigungskapazit\u00e4ten mit lokalem Service helfen wir unseren Kunden, Entwicklungszyklen zu verk\u00fcrzen und eine stabile, langfristige Versorgung zu erreichen. <\/p>\t\t\t\t\t\t\t\t<\/div>\n\t\t<div class=\"elementor-element elementor-element-f12eb4d e-grid e-con-full e-con e-child\" data-id=\"f12eb4d\" data-element_type=\"container\" data-e-type=\"container\">\n\t\t<div class=\"elementor-element elementor-element-30cb719 e-con-full e-flex e-con e-child\" data-id=\"30cb719\" data-element_type=\"container\" data-e-type=\"container\" data-settings=\"{&quot;background_background&quot;:&quot;classic&quot;}\">\n\t\t\t\t<div class=\"elementor-element elementor-element-9bbc86b elementor-widget__width-inherit elementor-widget elementor-widget-counter\" data-id=\"9bbc86b\" data-element_type=\"widget\" data-e-type=\"widget\" data-widget_type=\"counter.default\">\n\t\t\t\t\t\t\t<div class=\"elementor-counter\">\n\t\t\t<div class=\"elementor-counter-title\">Produktionsgebiet<\/div>\t\t\t<div class=\"elementor-counter-number-wrapper\">\n\t\t\t\t<span class=\"elementor-counter-number-prefix\"><\/span>\n\t\t\t\t<span class=\"elementor-counter-number\" data-duration=\"2000\" data-to-value=\"10000\" data-from-value=\"0\" data-delimiter=\",\">0<\/span>\n\t\t\t\t<span class=\"elementor-counter-number-suffix\"><\/span>\n\t\t\t<\/div>\n\t\t<\/div>\n\t\t\t\t\t\t<\/div>\n\t\t\t\t<\/div>\n\t\t<div class=\"elementor-element elementor-element-1e81456 e-con-full e-flex e-con e-child\" data-id=\"1e81456\" data-element_type=\"container\" data-e-type=\"container\" data-settings=\"{&quot;background_background&quot;:&quot;classic&quot;}\">\n\t\t\t\t<div class=\"elementor-element elementor-element-31522b9 elementor-widget__width-inherit elementor-widget elementor-widget-counter\" data-id=\"31522b9\" data-element_type=\"widget\" data-e-type=\"widget\" data-widget_type=\"counter.default\">\n\t\t\t\t\t\t\t<div class=\"elementor-counter\">\n\t\t\t<div class=\"elementor-counter-title\">Individuelle Projekte<\/div>\t\t\t<div class=\"elementor-counter-number-wrapper\">\n\t\t\t\t<span class=\"elementor-counter-number-prefix\"><\/span>\n\t\t\t\t<span class=\"elementor-counter-number\" data-duration=\"2000\" data-to-value=\"500\" data-from-value=\"0\" data-delimiter=\",\">0<\/span>\n\t\t\t\t<span class=\"elementor-counter-number-suffix\"><\/span>\n\t\t\t<\/div>\n\t\t<\/div>\n\t\t\t\t\t\t<\/div>\n\t\t\t\t<\/div>\n\t\t<div class=\"elementor-element elementor-element-8f03594 e-con-full e-flex e-con e-child\" data-id=\"8f03594\" data-element_type=\"container\" data-e-type=\"container\" data-settings=\"{&quot;background_background&quot;:&quot;classic&quot;}\">\n\t\t\t\t<div class=\"elementor-element elementor-element-c4cec8f elementor-widget__width-inherit elementor-widget elementor-widget-counter\" data-id=\"c4cec8f\" data-element_type=\"widget\" data-e-type=\"widget\" data-widget_type=\"counter.default\">\n\t\t\t\t\t\t\t<div class=\"elementor-counter\">\n\t\t\t<div class=\"elementor-counter-title\">Branchenerfahrung<\/div>\t\t\t<div class=\"elementor-counter-number-wrapper\">\n\t\t\t\t<span class=\"elementor-counter-number-prefix\"><\/span>\n\t\t\t\t<span class=\"elementor-counter-number\" data-duration=\"2000\" data-to-value=\"20\" data-from-value=\"0\" data-delimiter=\",\">0<\/span>\n\t\t\t\t<span class=\"elementor-counter-number-suffix\">+<\/span>\n\t\t\t<\/div>\n\t\t<\/div>\n\t\t\t\t\t\t<\/div>\n\t\t\t\t<\/div>\n\t\t<div class=\"elementor-element elementor-element-6ad50a4 e-con-full e-flex e-con e-child\" data-id=\"6ad50a4\" data-element_type=\"container\" data-e-type=\"container\" data-settings=\"{&quot;background_background&quot;:&quot;classic&quot;}\">\n\t\t\t\t<div class=\"elementor-element elementor-element-5308c7f elementor-widget__width-inherit elementor-widget elementor-widget-counter\" data-id=\"5308c7f\" data-element_type=\"widget\" data-e-type=\"widget\" data-widget_type=\"counter.default\">\n\t\t\t\t\t\t\t<div class=\"elementor-counter\">\n\t\t\t<div class=\"elementor-counter-title\">Gebundene Kapazit\u00e4t<\/div>\t\t\t<div class=\"elementor-counter-number-wrapper\">\n\t\t\t\t<span class=\"elementor-counter-number-prefix\"><\/span>\n\t\t\t\t<span class=\"elementor-counter-number\" data-duration=\"2000\" data-to-value=\"500\" data-from-value=\"0\" data-delimiter=\",\">0<\/span>\n\t\t\t\t<span class=\"elementor-counter-number-suffix\"><\/span>\n\t\t\t<\/div>\n\t\t<\/div>\n\t\t\t\t\t\t<\/div>\n\t\t\t\t<\/div>\n\t\t\t\t<\/div>\n\t\t<div class=\"elementor-element elementor-element-9f12754 e-con-full e-flex e-con e-child\" data-id=\"9f12754\" data-element_type=\"container\" data-e-type=\"container\" data-settings=\"{&quot;background_background&quot;:&quot;classic&quot;}\">\n\t\t\t\t<\/div>\n\t\t\t\t\t<\/div>\n\t\t\t\t<\/div>\n\t\t<div class=\"elementor-element elementor-element-a4d01dd e-flex e-con-boxed e-con e-parent\" data-id=\"a4d01dd\" data-element_type=\"container\" data-e-type=\"container\" data-settings=\"{&quot;background_background&quot;:&quot;classic&quot;}\">\n\t\t\t\t\t<div class=\"e-con-inner\">\n\t\t<div class=\"elementor-element elementor-element-abd6fe4 e-con-full e-flex e-con e-child\" data-id=\"abd6fe4\" data-element_type=\"container\" data-e-type=\"container\" data-settings=\"{&quot;background_background&quot;:&quot;classic&quot;}\">\n\t\t\t\t<div class=\"elementor-element elementor-element-9c3df33 elementor-invisible elementor-widget elementor-widget-image\" data-id=\"9c3df33\" data-element_type=\"widget\" data-e-type=\"widget\" data-settings=\"{&quot;_animation&quot;:&quot;fadeIn&quot;}\" data-widget_type=\"image.default\">\n\t\t\t\t\t\t\t\t\t\t\t\t\t\t\t<img fetchpriority=\"high\" decoding=\"async\" width=\"800\" height=\"534\" src=\"https:\/\/nibboh.com\/wp-content\/uploads\/2026\/02\/pexels-tima-miroshnichenko-5686102_WH_1200x800px-1024x683.jpg\" class=\"attachment-large size-large wp-image-2526\" alt=\"\" srcset=\"https:\/\/nibboh.com\/wp-content\/uploads\/2026\/02\/pexels-tima-miroshnichenko-5686102_WH_1200x800px-1024x683.jpg 1024w, https:\/\/nibboh.com\/wp-content\/uploads\/2026\/02\/pexels-tima-miroshnichenko-5686102_WH_1200x800px-300x200.jpg 300w, https:\/\/nibboh.com\/wp-content\/uploads\/2026\/02\/pexels-tima-miroshnichenko-5686102_WH_1200x800px-768x512.jpg 768w, https:\/\/nibboh.com\/wp-content\/uploads\/2026\/02\/pexels-tima-miroshnichenko-5686102_WH_1200x800px-600x400.jpg 600w, https:\/\/nibboh.com\/wp-content\/uploads\/2026\/02\/pexels-tima-miroshnichenko-5686102_WH_1200x800px.jpg 1200w\" sizes=\"(max-width: 800px) 100vw, 800px\" title=\"\">\t\t\t\t\t\t\t\t\t\t\t\t\t\t\t<\/div>\n\t\t\t\t<\/div>\n\t\t<div class=\"elementor-element elementor-element-39304fc e-con-full e-flex e-con e-child\" data-id=\"39304fc\" data-element_type=\"container\" data-e-type=\"container\">\n\t\t\t\t<div class=\"elementor-element elementor-element-c170644 elementor-widget elementor-widget-heading\" data-id=\"c170644\" data-element_type=\"widget\" data-e-type=\"widget\" data-widget_type=\"heading.default\">\n\t\t\t\t\t<h2 class=\"elementor-heading-title elementor-size-default\">Wer wir sind<\/h2>\t\t\t\t<\/div>\n\t\t\t\t<div class=\"elementor-element elementor-element-b0fef4a elementor-widget elementor-widget-text-editor\" data-id=\"b0fef4a\" data-element_type=\"widget\" data-e-type=\"widget\" data-widget_type=\"text-editor.default\">\n\t\t\t\t\t\t\t\t\t<p class=\"p1\">Wir sind ein kundenorientierter Partner f\u00fcr Magnetl\u00f6sungen. Unsere Aufgabe ist es, die Anforderungen an Engineering, Fertigung und Anwendungen zu \u00fcberbr\u00fccken und eine reibungslose Kommunikation sowie eine effiziente Projektdurchf\u00fchrung f\u00fcr nordamerikanische Kunden sicherzustellen. <\/p>\t\t\t\t\t\t\t\t<\/div>\n\t\t\t\t<\/div>\n\t\t\t\t\t<\/div>\n\t\t\t\t<\/div>\n\t\t<div class=\"elementor-element elementor-element-f1ca121 e-flex e-con-boxed e-con e-parent\" data-id=\"f1ca121\" data-element_type=\"container\" data-e-type=\"container\" data-settings=\"{&quot;background_background&quot;:&quot;classic&quot;}\">\n\t\t\t\t\t<div class=\"e-con-inner\">\n\t\t<div class=\"elementor-element elementor-element-d98cedf e-con-full e-flex e-con e-child\" data-id=\"d98cedf\" data-element_type=\"container\" data-e-type=\"container\" data-settings=\"{&quot;background_background&quot;:&quot;classic&quot;}\">\n\t\t\t\t<div class=\"elementor-element elementor-element-f07511b elementor-invisible elementor-widget elementor-widget-image\" data-id=\"f07511b\" data-element_type=\"widget\" data-e-type=\"widget\" data-settings=\"{&quot;_animation&quot;:&quot;fadeIn&quot;}\" data-widget_type=\"image.default\">\n\t\t\t\t\t\t\t\t\t\t\t\t\t\t\t<img decoding=\"async\" width=\"800\" height=\"534\" src=\"https:\/\/nibboh.com\/wp-content\/uploads\/2026\/02\/pexels-yankrukov-8837172_WH_1200x800px-1024x683.jpg\" class=\"attachment-large size-large wp-image-2527\" alt=\"\" srcset=\"https:\/\/nibboh.com\/wp-content\/uploads\/2026\/02\/pexels-yankrukov-8837172_WH_1200x800px-1024x683.jpg 1024w, https:\/\/nibboh.com\/wp-content\/uploads\/2026\/02\/pexels-yankrukov-8837172_WH_1200x800px-300x200.jpg 300w, https:\/\/nibboh.com\/wp-content\/uploads\/2026\/02\/pexels-yankrukov-8837172_WH_1200x800px-768x512.jpg 768w, https:\/\/nibboh.com\/wp-content\/uploads\/2026\/02\/pexels-yankrukov-8837172_WH_1200x800px-600x400.jpg 600w, https:\/\/nibboh.com\/wp-content\/uploads\/2026\/02\/pexels-yankrukov-8837172_WH_1200x800px.jpg 1200w\" sizes=\"(max-width: 800px) 100vw, 800px\" title=\"\">\t\t\t\t\t\t\t\t\t\t\t\t\t\t\t<\/div>\n\t\t\t\t<\/div>\n\t\t<div class=\"elementor-element elementor-element-484f14c e-con-full e-flex e-con e-child\" data-id=\"484f14c\" data-element_type=\"container\" data-e-type=\"container\">\n\t\t\t\t<div class=\"elementor-element elementor-element-cfed62e elementor-widget elementor-widget-heading\" data-id=\"cfed62e\" data-element_type=\"widget\" data-e-type=\"widget\" data-widget_type=\"heading.default\">\n\t\t\t\t\t<h2 class=\"elementor-heading-title elementor-size-default\">Unsere Vorteile\n<\/h2>\t\t\t\t<\/div>\n\t\t\t\t<div class=\"elementor-element elementor-element-61b3edc elementor-widget elementor-widget-text-editor\" data-id=\"61b3edc\" data-element_type=\"widget\" data-e-type=\"widget\" data-widget_type=\"text-editor.default\">\n\t\t\t\t\t\t\t\t\t<ul><li class=\"p1\">Lokale Unterst\u00fctzung mit globalen Produktionsressourcen<\/li><li><p class=\"p1\">Schnelle Reaktion und klare technische Kommunikation<\/p><\/li><li><p class=\"p1\">Stabile Qualit\u00e4t, gest\u00fctzt durch ISO-zertifizierte Produktion<\/p><\/li><li><p class=\"p1\">Flexible Anpassung von Materialien, Formen und Magnetisierung<\/p><\/li><\/ul>\t\t\t\t\t\t\t\t<\/div>\n\t\t\t\t<\/div>\n\t\t\t\t\t<\/div>\n\t\t\t\t<\/div>\n\t\t<div class=\"elementor-element elementor-element-96bc2fb e-flex e-con-boxed e-con e-parent\" data-id=\"96bc2fb\" data-element_type=\"container\" data-e-type=\"container\" data-settings=\"{&quot;background_background&quot;:&quot;classic&quot;}\">\n\t\t\t\t\t<div class=\"e-con-inner\">\n\t\t<div class=\"elementor-element elementor-element-984a70d e-con-full e-flex e-con e-child\" data-id=\"984a70d\" data-element_type=\"container\" data-e-type=\"container\" data-settings=\"{&quot;background_background&quot;:&quot;classic&quot;}\">\n\t\t\t\t<div class=\"elementor-element elementor-element-7ef672e elementor-invisible elementor-widget elementor-widget-image\" data-id=\"7ef672e\" data-element_type=\"widget\" data-e-type=\"widget\" data-settings=\"{&quot;_animation&quot;:&quot;fadeIn&quot;}\" data-widget_type=\"image.default\">\n\t\t\t\t\t\t\t\t\t\t\t\t\t\t\t<img decoding=\"async\" width=\"800\" height=\"534\" src=\"https:\/\/nibboh.com\/wp-content\/uploads\/2026\/02\/pexels-fauxels-3184285_WH_1200x800px-1024x683.jpg\" class=\"attachment-large size-large wp-image-2524\" alt=\"\" srcset=\"https:\/\/nibboh.com\/wp-content\/uploads\/2026\/02\/pexels-fauxels-3184285_WH_1200x800px-1024x683.jpg 1024w, https:\/\/nibboh.com\/wp-content\/uploads\/2026\/02\/pexels-fauxels-3184285_WH_1200x800px-300x200.jpg 300w, https:\/\/nibboh.com\/wp-content\/uploads\/2026\/02\/pexels-fauxels-3184285_WH_1200x800px-768x512.jpg 768w, https:\/\/nibboh.com\/wp-content\/uploads\/2026\/02\/pexels-fauxels-3184285_WH_1200x800px-600x400.jpg 600w, https:\/\/nibboh.com\/wp-content\/uploads\/2026\/02\/pexels-fauxels-3184285_WH_1200x800px.jpg 1200w\" sizes=\"(max-width: 800px) 100vw, 800px\" title=\"\">\t\t\t\t\t\t\t\t\t\t\t\t\t\t\t<\/div>\n\t\t\t\t<\/div>\n\t\t<div class=\"elementor-element elementor-element-87d19ec e-con-full e-flex e-con e-child\" data-id=\"87d19ec\" data-element_type=\"container\" data-e-type=\"container\">\n\t\t\t\t<div class=\"elementor-element elementor-element-f1dd421 elementor-widget elementor-widget-heading\" data-id=\"f1dd421\" data-element_type=\"widget\" data-e-type=\"widget\" data-widget_type=\"heading.default\">\n\t\t\t\t\t<h2 class=\"elementor-heading-title elementor-size-default\">Unsere Rolle in Ihrem Projekt\n<\/h2>\t\t\t\t<\/div>\n\t\t\t\t<div class=\"elementor-element elementor-element-9281ced elementor-widget elementor-widget-text-editor\" data-id=\"9281ced\" data-element_type=\"widget\" data-e-type=\"widget\" data-widget_type=\"text-editor.default\">\n\t\t\t\t\t\t\t\t\t<p class=\"p1\">Wir unterst\u00fctzen Ihr Projekt von der Idee bis zur Produktion. Unsere Aufgabe ist es, den Magnetauswahlprozess zu vereinfachen, das Entwicklungsrisiko zu verringern und eine zuverl\u00e4ssige langfristige Versorgung sicherzustellen. <\/p><p class=\"p1\">In der fr\u00fchen Phase unterst\u00fctzen wir bei der Materialwahl, Empfehlungen f\u00fcr Magnetqualit\u00e4ten und bei der magnetischen Konstruktion, basierend auf Ihren Anwendungsanforderungen. W\u00e4hrend des Prototypings bieten wir Probenproduktion, Testunterst\u00fctzung und Leistungsvalidierung an, um die Entwicklung zu beschleunigen. <\/p><p class=\"p1\">F\u00fcr die Massenproduktion koordinieren wir stabile Fertigung, Qualit\u00e4tskontrolle und Lieferzeiten. Nach dem Versand unterst\u00fctzen wir Ihr Projekt weiterhin mit technischer Unterst\u00fctzung, Optimierungsvorschl\u00e4gen und langfristiger Versorgungsplanung. <\/p>\t\t\t\t\t\t\t\t<\/div>\n\t\t\t\t<\/div>\n\t\t\t\t\t<\/div>\n\t\t\t\t<\/div>\n\t\t\t\t<\/div>\n\t\t","protected":false},"excerpt":{"rendered":"<p>USA Company Lokale Unterst\u00fctzung, die Technik, Versorgung und Service verbindet. Nibboh Magnets USA dient als lokales Vertriebs-, technisches Support- und Kundenservicezentrum f\u00fcr Nibbohs globales Permanentmagnet-Fertigungsnetzwerk. In enger Zusammenarbeit mit unseren Produktionsst\u00e4tten in China liefern wir leistungsstarke NdFeB-Magnete und magnetische Baugruppen f\u00fcr Kunden in ganz Nordamerika. Unser Team konzentriert sich auf schnelle Kommunikation, technischen Support und [&hellip;]<\/p>\n","protected":false},"author":2,"featured_media":0,"parent":0,"menu_order":0,"comment_status":"closed","ping_status":"closed","template":"","meta":{"_acf_changed":false,"footnotes":""},"class_list":["post-2510","page","type-page","status-publish","hentry"],"acf":[],"_links":{"self":[{"href":"https:\/\/nibboh.com\/de\/wp-json\/wp\/v2\/pages\/2510","targetHints":{"allow":["GET"]}}],"collection":[{"href":"https:\/\/nibboh.com\/de\/wp-json\/wp\/v2\/pages"}],"about":[{"href":"https:\/\/nibboh.com\/de\/wp-json\/wp\/v2\/types\/page"}],"author":[{"embeddable":true,"href":"https:\/\/nibboh.com\/de\/wp-json\/wp\/v2\/users\/2"}],"replies":[{"embeddable":true,"href":"https:\/\/nibboh.com\/de\/wp-json\/wp\/v2\/comments?post=2510"}],"version-history":[{"count":1,"href":"https:\/\/nibboh.com\/de\/wp-json\/wp\/v2\/pages\/2510\/revisions"}],"predecessor-version":[{"id":2529,"href":"https:\/\/nibboh.com\/de\/wp-json\/wp\/v2\/pages\/2510\/revisions\/2529"}],"wp:attachment":[{"href":"https:\/\/nibboh.com\/de\/wp-json\/wp\/v2\/media?parent=2510"}],"curies":[{"name":"wp","href":"https:\/\/api.w.org\/{rel}","templated":true}]}}